{"id":794,"date":"2025-09-08T23:54:59","date_gmt":"2025-09-08T23:54:59","guid":{"rendered":"https:\/\/pedidos.ejmdistribucion.com\/?post_type=product&#038;p=794"},"modified":"2025-09-09T00:00:36","modified_gmt":"2025-09-09T00:00:36","slug":"hamster-gangster","status":"publish","type":"product","link":"https:\/\/pedidos.ejmdistribucion.com\/index.php\/producto\/hamster-gangster\/","title":{"rendered":"Hamster G\u00e1ngster"},"content":{"rendered":"<p>Incluye dos modos de juego simplificados, para que los m\u00e1s peques tambi\u00e9n puedan disfrutarlo, y dos modos de juego m\u00e1s complejos, para quienes busquen un reto mayor.<\/p>\n<p><strong>Contenido:<\/strong><\/p>\n<ul>\n<li>68 cartas de bosque (68 x 68 mm)<\/li>\n<li>20 cartas de personaje (63 x 88 mm<\/li>\n<li>4 cartas de madriguera (63 x 88 mm)<\/li>\n<li>Manual de instrucciones<\/li>\n<\/ul>\n","protected":false},"excerpt":{"rendered":"<p>Cuenta hasta 13\u2026 \u00a1Si tienes casta\u00f1as! H\u00e1mster G\u00e1ngster es un \u201ctienta la suerte\u201d at\u00edpico en el que tendr\u00e1s que competir con tus rivales para hacerte con el mayor bot\u00edn del bosque. Recoge frutos secos, m\u00e9telos en tus carrillos y ll\u00e9valos a tu madriguera enseguida para ponerlos a buen recaudo. Pero no te conf\u00edes, porque no ser\u00e1 tan f\u00e1cil como parece y el patrullero Erwin no anda lejos\u2026<\/p>\n","protected":false},"featured_media":795,"comment_status":"closed","ping_status":"closed","template":"","meta":[],"product_brand":[41],"product_cat":[28],"product_tag":[37],"class_list":{"0":"post-794","1":"product","2":"type-product","3":"status-publish","4":"has-post-thumbnail","6":"product_brand-buscalume","7":"product_cat-novedades","8":"product_tag-ejm","10":"first","11":"instock","12":"shipping-taxable","13":"product-type-simple","14":"berocket_lgv_grid","15":"berocket_lgv_list_grid"},"_links":{"self":[{"href":"https:\/\/pedidos.ejmdistribucion.com\/index.php\/wp-json\/wp\/v2\/product\/794","targetHints":{"allow":["GET"]}}],"collection":[{"href":"https:\/\/pedidos.ejmdistribucion.com\/index.php\/wp-json\/wp\/v2\/product"}],"about":[{"href":"https:\/\/pedidos.ejmdistribucion.com\/index.php\/wp-json\/wp\/v2\/types\/product"}],"replies":[{"embeddable":true,"href":"https:\/\/pedidos.ejmdistribucion.com\/index.php\/wp-json\/wp\/v2\/comments?post=794"}],"wp:featuredmedia":[{"embeddable":true,"href":"https:\/\/pedidos.ejmdistribucion.com\/index.php\/wp-json\/wp\/v2\/media\/795"}],"wp:attachment":[{"href":"https:\/\/pedidos.ejmdistribucion.com\/index.php\/wp-json\/wp\/v2\/media?parent=794"}],"wp:term":[{"taxonomy":"product_brand","embeddable":true,"href":"https:\/\/pedidos.ejmdistribucion.com\/index.php\/wp-json\/wp\/v2\/product_brand?post=794"},{"taxonomy":"product_cat","embeddable":true,"href":"https:\/\/pedidos.ejmdistribucion.com\/index.php\/wp-json\/wp\/v2\/product_cat?post=794"},{"taxonomy":"product_tag","embeddable":true,"href":"https:\/\/pedidos.ejmdistribucion.com\/index.php\/wp-json\/wp\/v2\/product_tag?post=794"}],"curies":[{"name":"wp","href":"https:\/\/api.w.org\/{rel}","templated":true}]}}