{"id":785,"date":"2025-09-08T23:39:14","date_gmt":"2025-09-08T23:39:14","guid":{"rendered":"https:\/\/pedidos.ejmdistribucion.com\/?post_type=product&#038;p=785"},"modified":"2025-09-08T23:45:15","modified_gmt":"2025-09-08T23:45:15","slug":"camino","status":"publish","type":"product","link":"https:\/\/pedidos.ejmdistribucion.com\/index.php\/producto\/camino\/","title":{"rendered":"Camino"},"content":{"rendered":"<p>Camino es un emocionante juego abstracto de colocaci\u00f3n de losetas, dise\u00f1ado para desafiar tu estrategia y creatividad. \u200d\u2728 El objetivo es claro: construir un camino desde tu zona inicial hasta el centro del tablero antes que los dem\u00e1s jugadores. Puedes usar las losetas para avanzar hacia tu meta o para bloquear a tus oponentes y frustrar sus planes.<\/p>\n<p>Con reglas simples de aprender pero con una gran profundidad t\u00e1ctica, Camino es ideal para quienes disfrutan de juegos estrat\u00e9gicos que combinan accesibilidad, sencillez y desaf\u00edo. \u26a1 \u00a1S\u00e9 la primera persona en conectar tu camino al centro y procl\u00e1mate como la gran ganadora o ganador!<\/p>\n<p>Camino est\u00e1 dise\u00f1ado para 2 a 6 participantes, es perfecto para mayores de 8 a\u00f1os \u23f1, y sus partidas tienen una duraci\u00f3n de 10 a 30 minutos. \u23f1\ufe0f En cada turno, los jugadores deben robar y colocar losetas estrat\u00e9gicamente para conectar su zona inicial con el hex\u00e1gono central, mientras intentan bloquear a sus rivales.<\/p>\n<p>La partida puede terminar de tres maneras:<\/p>\n<ol>\n<li>Cuando un jugador conecta su camino con el centro del tablero.<\/li>\n<li>Si todos los oponentes son bloqueados o eliminados.<\/li>\n<li>Si el centro del tablero queda inaccesible, en cuyo caso gana quien haya construido el<br \/>\ncamino m\u00e1s largo. \u2728<\/li>\n<\/ol>\n<p>Estas din\u00e1micas garantizan partidas llenas de tensi\u00f3n, interacci\u00f3n y decisiones estrat\u00e9gicas clave, donde cada movimiento cuenta.<\/p>\n<p>\u00a1Planea, bloquea y avanza hacia la victoria en Camino!<\/p>\n","protected":false},"excerpt":{"rendered":"<p>Camino es un emocionante juego abstracto de colocaci\u00f3n de losetas, dise\u00f1ado para desafiar tu estrategia y creatividad. \u200d\u2728 El objetivo es claro: construir un camino desde tu zona inicial hasta el centro del tablero antes que los dem\u00e1s jugadores. Puedes usar las losetas para avanzar hacia tu meta o para bloquear a tus oponentes y frustrar sus planes.<\/p>\n<p>Con reglas simples de aprender pero con una gran profundidad t\u00e1ctica.<\/p>\n","protected":false},"featured_media":786,"comment_status":"closed","ping_status":"closed","template":"","meta":[],"product_brand":[39],"product_cat":[28],"product_tag":[37],"class_list":{"0":"post-785","1":"product","2":"type-product","3":"status-publish","4":"has-post-thumbnail","6":"product_brand-falomir","7":"product_cat-novedades","8":"product_tag-ejm","10":"first","11":"instock","12":"shipping-taxable","13":"product-type-simple","14":"berocket_lgv_grid","15":"berocket_lgv_list_grid"},"_links":{"self":[{"href":"https:\/\/pedidos.ejmdistribucion.com\/index.php\/wp-json\/wp\/v2\/product\/785","targetHints":{"allow":["GET"]}}],"collection":[{"href":"https:\/\/pedidos.ejmdistribucion.com\/index.php\/wp-json\/wp\/v2\/product"}],"about":[{"href":"https:\/\/pedidos.ejmdistribucion.com\/index.php\/wp-json\/wp\/v2\/types\/product"}],"replies":[{"embeddable":true,"href":"https:\/\/pedidos.ejmdistribucion.com\/index.php\/wp-json\/wp\/v2\/comments?post=785"}],"wp:featuredmedia":[{"embeddable":true,"href":"https:\/\/pedidos.ejmdistribucion.com\/index.php\/wp-json\/wp\/v2\/media\/786"}],"wp:attachment":[{"href":"https:\/\/pedidos.ejmdistribucion.com\/index.php\/wp-json\/wp\/v2\/media?parent=785"}],"wp:term":[{"taxonomy":"product_brand","embeddable":true,"href":"https:\/\/pedidos.ejmdistribucion.com\/index.php\/wp-json\/wp\/v2\/product_brand?post=785"},{"taxonomy":"product_cat","embeddable":true,"href":"https:\/\/pedidos.ejmdistribucion.com\/index.php\/wp-json\/wp\/v2\/product_cat?post=785"},{"taxonomy":"product_tag","embeddable":true,"href":"https:\/\/pedidos.ejmdistribucion.com\/index.php\/wp-json\/wp\/v2\/product_tag?post=785"}],"curies":[{"name":"wp","href":"https:\/\/api.w.org\/{rel}","templated":true}]}}