{"id":777,"date":"2025-09-08T23:07:43","date_gmt":"2025-09-08T23:07:43","guid":{"rendered":"https:\/\/pedidos.ejmdistribucion.com\/?post_type=product&#038;p=777"},"modified":"2025-09-08T23:27:57","modified_gmt":"2025-09-08T23:27:57","slug":"manzanas-manazas","status":"publish","type":"product","link":"https:\/\/pedidos.ejmdistribucion.com\/index.php\/producto\/manzanas-manazas\/","title":{"rendered":"Manzanas Manazas"},"content":{"rendered":"<p>\u00a1El juego de cartas m\u00e1s jugoso est\u00e1 aqu\u00ed!<\/p>\n<p>Tu misi\u00f3n: conseguir las mejores MANZANAS para acumular puntos. Pero cuidado, si te pasas y te conviertes en un MANAZAS\u2026 \u00a1quedas fuera de la ronda! El primer jugador en conseguir 3 manzanas gana. \u00bfListo para cosechar la victoria?<\/p>\n","protected":false},"excerpt":{"rendered":"<p>\u00a1El juego de cartas m\u00e1s jugoso est\u00e1 aqu\u00ed!<\/p>\n<p>Tu misi\u00f3n: conseguir las mejores MANZANAS para acumular puntos. Pero cuidado, si te pasas y te conviertes en un MANAZAS\u2026 \u00a1quedas fuera de la ronda! El primer jugador en conseguir 3 manzanas gana. \u00bfListo para cosechar la victoria?<\/p>\n","protected":false},"featured_media":779,"comment_status":"closed","ping_status":"closed","template":"","meta":[],"product_brand":[39],"product_cat":[28],"product_tag":[37],"class_list":{"0":"post-777","1":"product","2":"type-product","3":"status-publish","4":"has-post-thumbnail","6":"product_brand-falomir","7":"product_cat-novedades","8":"product_tag-ejm","10":"first","11":"instock","12":"shipping-taxable","13":"product-type-simple","14":"berocket_lgv_grid","15":"berocket_lgv_list_grid"},"_links":{"self":[{"href":"https:\/\/pedidos.ejmdistribucion.com\/index.php\/wp-json\/wp\/v2\/product\/777","targetHints":{"allow":["GET"]}}],"collection":[{"href":"https:\/\/pedidos.ejmdistribucion.com\/index.php\/wp-json\/wp\/v2\/product"}],"about":[{"href":"https:\/\/pedidos.ejmdistribucion.com\/index.php\/wp-json\/wp\/v2\/types\/product"}],"replies":[{"embeddable":true,"href":"https:\/\/pedidos.ejmdistribucion.com\/index.php\/wp-json\/wp\/v2\/comments?post=777"}],"wp:featuredmedia":[{"embeddable":true,"href":"https:\/\/pedidos.ejmdistribucion.com\/index.php\/wp-json\/wp\/v2\/media\/779"}],"wp:attachment":[{"href":"https:\/\/pedidos.ejmdistribucion.com\/index.php\/wp-json\/wp\/v2\/media?parent=777"}],"wp:term":[{"taxonomy":"product_brand","embeddable":true,"href":"https:\/\/pedidos.ejmdistribucion.com\/index.php\/wp-json\/wp\/v2\/product_brand?post=777"},{"taxonomy":"product_cat","embeddable":true,"href":"https:\/\/pedidos.ejmdistribucion.com\/index.php\/wp-json\/wp\/v2\/product_cat?post=777"},{"taxonomy":"product_tag","embeddable":true,"href":"https:\/\/pedidos.ejmdistribucion.com\/index.php\/wp-json\/wp\/v2\/product_tag?post=777"}],"curies":[{"name":"wp","href":"https:\/\/api.w.org\/{rel}","templated":true}]}}