{"id":772,"date":"2025-09-08T23:01:29","date_gmt":"2025-09-08T23:01:29","guid":{"rendered":"https:\/\/pedidos.ejmdistribucion.com\/?post_type=product&#038;p=772"},"modified":"2025-09-08T23:06:58","modified_gmt":"2025-09-08T23:06:58","slug":"esqueleto-calavera-diablito","status":"publish","type":"product","link":"https:\/\/pedidos.ejmdistribucion.com\/index.php\/producto\/esqueleto-calavera-diablito\/","title":{"rendered":"Esqueleto Calavera Diablito"},"content":{"rendered":"<div class=\"elementor-element elementor-element-eba6c42 elementor-widget elementor-widget-woocommerce-product-short-description\" data-id=\"eba6c42\" data-element_type=\"widget\" data-widget_type=\"woocommerce-product-short-description.default\">\n<div class=\"elementor-widget-container\">\n<div class=\"woocommerce-product-details__short-description\">\n<div class=\"elementor-element elementor-element-eba6c42 elementor-widget elementor-widget-woocommerce-product-short-description\" data-id=\"eba6c42\" data-element_type=\"widget\" data-widget_type=\"woocommerce-product-short-description.default\">\n<div class=\"elementor-widget-container\">\n<div class=\"woocommerce-product-details__short-description\">\n<p>Un juego de 1 minuto<\/p>\n<\/div>\n<\/div>\n<\/div>\n<div class=\"elementor-element elementor-element-d90fbb3 elementor-widget elementor-widget-woocommerce-product-content\" data-id=\"d90fbb3\" data-element_type=\"widget\" data-widget_type=\"woocommerce-product-content.default\">\n<div class=\"elementor-widget-container\">\n<p>Durante el D\u00eda de Muertos, las \u00e1nimas de quienes han fallecido tienen la oportunidad de volver junto a sus seres queridos. S\u00f3lo la m\u00e1s veloz podr\u00e1 cruzar el portal que separa ambos mundos.<\/p>\n<ol>\n<li>Re\u00fane todas las cartas de un mismo color y bar\u00e1jalas.<\/li>\n<li>Descarta tus cartas siguiendo este orden: Esqueleto, Calavera y Diablito.<\/li>\n<li>R\u00e1pido. Quien primero se quede sin cartas, gana.<\/li>\n<\/ol>\n<\/div>\n<\/div>\n<\/div>\n<\/div>\n<\/div>\n","protected":false},"excerpt":{"rendered":"<div class=\"elementor-element elementor-element-eba6c42 elementor-widget elementor-widget-woocommerce-product-short-description\" data-id=\"eba6c42\" data-element_type=\"widget\" data-widget_type=\"woocommerce-product-short-description.default\">\n<div class=\"elementor-widget-container\">\n<div class=\"woocommerce-product-details__short-description\">\n<p>Un juego de 1 minuto<\/p>\n<\/div>\n<\/div>\n<\/div>\n<div class=\"elementor-element elementor-element-d90fbb3 elementor-widget elementor-widget-woocommerce-product-content\" data-id=\"d90fbb3\" data-element_type=\"widget\" data-widget_type=\"woocommerce-product-content.default\">\n<div class=\"elementor-widget-container\">\n<p>Durante el D\u00eda de Muertos, las \u00e1nimas de quienes han fallecido tienen la oportunidad de volver junto a sus seres queridos. S\u00f3lo la m\u00e1s veloz podr\u00e1 cruzar el portal que separa ambos mundos.<\/p>\n<ol>\n<li>Re\u00fane todas las cartas de un mismo color y bar\u00e1jalas.<\/li>\n<li>Descarta tus cartas siguiendo este orden: Esqueleto, Calavera y Diablito.<\/li>\n<li>R\u00e1pido. Quien primero se quede sin cartas, gana.<\/li>\n<\/ol>\n<\/div>\n<\/div>\n","protected":false},"featured_media":776,"comment_status":"closed","ping_status":"closed","template":"","meta":[],"product_brand":[39],"product_cat":[28],"product_tag":[37],"class_list":{"0":"post-772","1":"product","2":"type-product","3":"status-publish","4":"has-post-thumbnail","6":"product_brand-falomir","7":"product_cat-novedades","8":"product_tag-ejm","10":"first","11":"instock","12":"shipping-taxable","13":"product-type-simple","14":"berocket_lgv_grid","15":"berocket_lgv_list_grid"},"_links":{"self":[{"href":"https:\/\/pedidos.ejmdistribucion.com\/index.php\/wp-json\/wp\/v2\/product\/772","targetHints":{"allow":["GET"]}}],"collection":[{"href":"https:\/\/pedidos.ejmdistribucion.com\/index.php\/wp-json\/wp\/v2\/product"}],"about":[{"href":"https:\/\/pedidos.ejmdistribucion.com\/index.php\/wp-json\/wp\/v2\/types\/product"}],"replies":[{"embeddable":true,"href":"https:\/\/pedidos.ejmdistribucion.com\/index.php\/wp-json\/wp\/v2\/comments?post=772"}],"wp:featuredmedia":[{"embeddable":true,"href":"https:\/\/pedidos.ejmdistribucion.com\/index.php\/wp-json\/wp\/v2\/media\/776"}],"wp:attachment":[{"href":"https:\/\/pedidos.ejmdistribucion.com\/index.php\/wp-json\/wp\/v2\/media?parent=772"}],"wp:term":[{"taxonomy":"product_brand","embeddable":true,"href":"https:\/\/pedidos.ejmdistribucion.com\/index.php\/wp-json\/wp\/v2\/product_brand?post=772"},{"taxonomy":"product_cat","embeddable":true,"href":"https:\/\/pedidos.ejmdistribucion.com\/index.php\/wp-json\/wp\/v2\/product_cat?post=772"},{"taxonomy":"product_tag","embeddable":true,"href":"https:\/\/pedidos.ejmdistribucion.com\/index.php\/wp-json\/wp\/v2\/product_tag?post=772"}],"curies":[{"name":"wp","href":"https:\/\/api.w.org\/{rel}","templated":true}]}}