{"id":768,"date":"2025-09-08T22:57:40","date_gmt":"2025-09-08T22:57:40","guid":{"rendered":"https:\/\/pedidos.ejmdistribucion.com\/?post_type=product&#038;p=768"},"modified":"2025-09-08T23:00:33","modified_gmt":"2025-09-08T23:00:33","slug":"galletas","status":"publish","type":"product","link":"https:\/\/pedidos.ejmdistribucion.com\/index.php\/producto\/galletas\/","title":{"rendered":"Galletas"},"content":{"rendered":"<div class=\"elementor-element elementor-element-eba6c42 elementor-widget elementor-widget-woocommerce-product-short-description\" data-id=\"eba6c42\" data-element_type=\"widget\" data-widget_type=\"woocommerce-product-short-description.default\">\n<div class=\"elementor-widget-container\">\n<div class=\"woocommerce-product-details__short-description\">\n<p>Los monstruos quieren merendar, pero no siempre hay que darles \u00a1galletas! Encuentra antes que nadie la merienda adecuada para que los monstruos crezcan sanos y fuertes\u2026 Pero cuidado, \u00a1que no te quiten tu alimento favorito o perder\u00e1s la partida!<\/p>\n<\/div>\n<\/div>\n<\/div>\n<div class=\"elementor-element elementor-element-d90fbb3 elementor-widget elementor-widget-woocommerce-product-content\" data-id=\"d90fbb3\" data-element_type=\"widget\" data-widget_type=\"woocommerce-product-content.default\">\n<div class=\"elementor-widget-container\">\n<p>Jugar a \u00a1Galletas!, adem\u00e1s de divertirnos, nos ayuda a comprender que una alimentaci\u00f3n variada es esencial para la salud. Tambi\u00e9n nos permite mejorar los movimientos sac\u00e1dicos, un prerrequisito fisiol\u00f3gico involucrado principalmente en la lectura.<br \/>\n\u00a1A merendar!<\/p>\n<\/div>\n<\/div>\n","protected":false},"excerpt":{"rendered":"<div class=\"elementor-element elementor-element-eba6c42 elementor-widget elementor-widget-woocommerce-product-short-description\" data-id=\"eba6c42\" data-element_type=\"widget\" data-widget_type=\"woocommerce-product-short-description.default\">\n<div class=\"elementor-widget-container\">\n<div class=\"woocommerce-product-details__short-description\">\n<p>Los monstruos quieren merendar, pero no siempre hay que darles \u00a1galletas! Encuentra antes que nadie la merienda adecuada para que los monstruos crezcan sanos y fuertes\u2026 Pero cuidado, \u00a1que no te quiten tu alimento favorito o perder\u00e1s la partida!<\/p>\n<\/div>\n<\/div>\n<\/div>\n<div class=\"elementor-element elementor-element-d90fbb3 elementor-widget elementor-widget-woocommerce-product-content\" data-id=\"d90fbb3\" data-element_type=\"widget\" data-widget_type=\"woocommerce-product-content.default\">\n<div class=\"elementor-widget-container\">\n<p>Jugar a \u00a1Galletas!, adem\u00e1s de divertirnos, nos ayuda a comprender que una alimentaci\u00f3n variada es esencial para la salud. Tambi\u00e9n nos permite mejorar los movimientos sac\u00e1dicos, un prerrequisito fisiol\u00f3gico involucrado principalmente en la lectura.<br \/>\n\u00a1A merendar!<\/p>\n<\/div>\n<\/div>\n","protected":false},"featured_media":769,"comment_status":"closed","ping_status":"closed","template":"","meta":[],"product_brand":[39],"product_cat":[28],"product_tag":[37],"class_list":{"0":"post-768","1":"product","2":"type-product","3":"status-publish","4":"has-post-thumbnail","6":"product_brand-falomir","7":"product_cat-novedades","8":"product_tag-ejm","10":"first","11":"instock","12":"shipping-taxable","13":"product-type-simple","14":"berocket_lgv_grid","15":"berocket_lgv_list_grid"},"_links":{"self":[{"href":"https:\/\/pedidos.ejmdistribucion.com\/index.php\/wp-json\/wp\/v2\/product\/768","targetHints":{"allow":["GET"]}}],"collection":[{"href":"https:\/\/pedidos.ejmdistribucion.com\/index.php\/wp-json\/wp\/v2\/product"}],"about":[{"href":"https:\/\/pedidos.ejmdistribucion.com\/index.php\/wp-json\/wp\/v2\/types\/product"}],"replies":[{"embeddable":true,"href":"https:\/\/pedidos.ejmdistribucion.com\/index.php\/wp-json\/wp\/v2\/comments?post=768"}],"wp:featuredmedia":[{"embeddable":true,"href":"https:\/\/pedidos.ejmdistribucion.com\/index.php\/wp-json\/wp\/v2\/media\/769"}],"wp:attachment":[{"href":"https:\/\/pedidos.ejmdistribucion.com\/index.php\/wp-json\/wp\/v2\/media?parent=768"}],"wp:term":[{"taxonomy":"product_brand","embeddable":true,"href":"https:\/\/pedidos.ejmdistribucion.com\/index.php\/wp-json\/wp\/v2\/product_brand?post=768"},{"taxonomy":"product_cat","embeddable":true,"href":"https:\/\/pedidos.ejmdistribucion.com\/index.php\/wp-json\/wp\/v2\/product_cat?post=768"},{"taxonomy":"product_tag","embeddable":true,"href":"https:\/\/pedidos.ejmdistribucion.com\/index.php\/wp-json\/wp\/v2\/product_tag?post=768"}],"curies":[{"name":"wp","href":"https:\/\/api.w.org\/{rel}","templated":true}]}}