{"id":763,"date":"2025-09-08T22:53:55","date_gmt":"2025-09-08T22:53:55","guid":{"rendered":"https:\/\/pedidos.ejmdistribucion.com\/?post_type=product&#038;p=763"},"modified":"2025-09-08T22:56:48","modified_gmt":"2025-09-08T22:56:48","slug":"manda-huevos-2","status":"publish","type":"product","link":"https:\/\/pedidos.ejmdistribucion.com\/index.php\/producto\/manda-huevos-2\/","title":{"rendered":"Manda Huevos"},"content":{"rendered":"<div class=\"elementor-element elementor-element-eba6c42 elementor-widget elementor-widget-woocommerce-product-short-description\" data-id=\"eba6c42\" data-element_type=\"widget\" data-widget_type=\"woocommerce-product-short-description.default\">\n<div class=\"elementor-widget-container\">\n<div class=\"woocommerce-product-details__short-description\">\n<p>Manda los huevo podridos a tus rivales.<\/p>\n<\/div>\n<\/div>\n<\/div>\n<div class=\"elementor-element elementor-element-d90fbb3 elementor-widget elementor-widget-woocommerce-product-content\" data-id=\"d90fbb3\" data-element_type=\"widget\" data-widget_type=\"woocommerce-product-content.default\">\n<div class=\"elementor-widget-container\">\n<p>R\u00e1pido juego de intercambio de cartas. Date prisa y no te quedes dormido\u2026 o s\u00ed\u2026 las cartas especiales te proteger\u00e1n o paralizar\u00e1n a tus oponentes. S\u00e9 el primero en llenar la huevera.<\/p>\n<\/div>\n<\/div>\n","protected":false},"excerpt":{"rendered":"<div class=\"elementor-element elementor-element-eba6c42 elementor-widget elementor-widget-woocommerce-product-short-description\" data-id=\"eba6c42\" data-element_type=\"widget\" data-widget_type=\"woocommerce-product-short-description.default\">\n<div class=\"elementor-widget-container\">\n<div class=\"woocommerce-product-details__short-description\">\n<p>Manda los huevo podridos a tus rivales.<\/p>\n<\/div>\n<\/div>\n<\/div>\n<div class=\"elementor-element elementor-element-d90fbb3 elementor-widget elementor-widget-woocommerce-product-content\" data-id=\"d90fbb3\" data-element_type=\"widget\" data-widget_type=\"woocommerce-product-content.default\">\n<div class=\"elementor-widget-container\">\n<p>R\u00e1pido juego de intercambio de cartas. Date prisa y no te quedes dormido\u2026 o s\u00ed\u2026 las cartas especiales te proteger\u00e1n o paralizar\u00e1n a tus oponentes. S\u00e9 el primero en llenar la huevera.<\/p>\n<\/div>\n<\/div>\n","protected":false},"featured_media":764,"comment_status":"closed","ping_status":"closed","template":"","meta":[],"product_brand":[39],"product_cat":[28],"product_tag":[37],"class_list":{"0":"post-763","1":"product","2":"type-product","3":"status-publish","4":"has-post-thumbnail","6":"product_brand-falomir","7":"product_cat-novedades","8":"product_tag-ejm","10":"first","11":"instock","12":"shipping-taxable","13":"product-type-simple","14":"berocket_lgv_grid","15":"berocket_lgv_list_grid"},"_links":{"self":[{"href":"https:\/\/pedidos.ejmdistribucion.com\/index.php\/wp-json\/wp\/v2\/product\/763","targetHints":{"allow":["GET"]}}],"collection":[{"href":"https:\/\/pedidos.ejmdistribucion.com\/index.php\/wp-json\/wp\/v2\/product"}],"about":[{"href":"https:\/\/pedidos.ejmdistribucion.com\/index.php\/wp-json\/wp\/v2\/types\/product"}],"replies":[{"embeddable":true,"href":"https:\/\/pedidos.ejmdistribucion.com\/index.php\/wp-json\/wp\/v2\/comments?post=763"}],"wp:featuredmedia":[{"embeddable":true,"href":"https:\/\/pedidos.ejmdistribucion.com\/index.php\/wp-json\/wp\/v2\/media\/764"}],"wp:attachment":[{"href":"https:\/\/pedidos.ejmdistribucion.com\/index.php\/wp-json\/wp\/v2\/media?parent=763"}],"wp:term":[{"taxonomy":"product_brand","embeddable":true,"href":"https:\/\/pedidos.ejmdistribucion.com\/index.php\/wp-json\/wp\/v2\/product_brand?post=763"},{"taxonomy":"product_cat","embeddable":true,"href":"https:\/\/pedidos.ejmdistribucion.com\/index.php\/wp-json\/wp\/v2\/product_cat?post=763"},{"taxonomy":"product_tag","embeddable":true,"href":"https:\/\/pedidos.ejmdistribucion.com\/index.php\/wp-json\/wp\/v2\/product_tag?post=763"}],"curies":[{"name":"wp","href":"https:\/\/api.w.org\/{rel}","templated":true}]}}