{"id":743,"date":"2025-09-08T22:30:32","date_gmt":"2025-09-08T22:30:32","guid":{"rendered":"https:\/\/pedidos.ejmdistribucion.com\/?post_type=product&#038;p=743"},"modified":"2025-09-08T22:33:52","modified_gmt":"2025-09-08T22:33:52","slug":"juntabras","status":"publish","type":"product","link":"https:\/\/pedidos.ejmdistribucion.com\/index.php\/producto\/juntabras\/","title":{"rendered":"Juntabras"},"content":{"rendered":"<p>Elige tus palabras, c\u00f3mete letras seg\u00fan el nivel y j\u00fantalas de forma que el resto de participantes pueda adivinar tu Juntabra. Conseguid pistas y ayudas al superar cada nivel, intentad llegar al final conservando algunas pistas, pero no fall\u00e9is o tendr\u00e9is que volver a empezar.<\/p>\n<p><strong>\u00bfC\u00f3mo se juega?<\/strong><\/p>\n<p>1. Elige tantas palabras y elimina tantas letras como indique la carta del nivel que est\u00e1is<\/p>\n<p>2. Crea una nueva palabra que el resto deber\u00e1 descubrir las palabras de origen para seguir avanzando niveles<\/p>\n<p>3. Con cada nivel conseguido se conseguir\u00e1n ayudas, \u00bfConseguir\u00e9is pasar todos los niveles?<\/p>\n<p><iframe loading=\"lazy\" title=\"YouTube video player\" src=\"https:\/\/www.youtube.com\/embed\/naE6EoGh3rk?si=Iil_XK4qLyPDObIH\" width=\"560\" height=\"315\" frameborder=\"0\" allowfullscreen=\"allowfullscreen\"><\/iframe><\/p>\n","protected":false},"excerpt":{"rendered":"<p>Elige tus palabras, c\u00f3mete letras seg\u00fan el nivel y j\u00fantalas de forma que el resto de participantes pueda adivinar tu Juntabra. Conseguid pistas y ayudas al superar cada nivel, intentad llegar al final conservando algunas pistas, pero no fall\u00e9is o tendr\u00e9is que volver a empezar.<\/p>\n","protected":false},"featured_media":744,"comment_status":"closed","ping_status":"closed","template":"","meta":[],"product_brand":[38],"product_cat":[28],"product_tag":[37],"class_list":{"0":"post-743","1":"product","2":"type-product","3":"status-publish","4":"has-post-thumbnail","6":"product_brand-gdm-games","7":"product_cat-novedades","8":"product_tag-ejm","10":"first","11":"instock","12":"shipping-taxable","13":"product-type-simple","14":"berocket_lgv_grid","15":"berocket_lgv_list_grid"},"_links":{"self":[{"href":"https:\/\/pedidos.ejmdistribucion.com\/index.php\/wp-json\/wp\/v2\/product\/743","targetHints":{"allow":["GET"]}}],"collection":[{"href":"https:\/\/pedidos.ejmdistribucion.com\/index.php\/wp-json\/wp\/v2\/product"}],"about":[{"href":"https:\/\/pedidos.ejmdistribucion.com\/index.php\/wp-json\/wp\/v2\/types\/product"}],"replies":[{"embeddable":true,"href":"https:\/\/pedidos.ejmdistribucion.com\/index.php\/wp-json\/wp\/v2\/comments?post=743"}],"wp:featuredmedia":[{"embeddable":true,"href":"https:\/\/pedidos.ejmdistribucion.com\/index.php\/wp-json\/wp\/v2\/media\/744"}],"wp:attachment":[{"href":"https:\/\/pedidos.ejmdistribucion.com\/index.php\/wp-json\/wp\/v2\/media?parent=743"}],"wp:term":[{"taxonomy":"product_brand","embeddable":true,"href":"https:\/\/pedidos.ejmdistribucion.com\/index.php\/wp-json\/wp\/v2\/product_brand?post=743"},{"taxonomy":"product_cat","embeddable":true,"href":"https:\/\/pedidos.ejmdistribucion.com\/index.php\/wp-json\/wp\/v2\/product_cat?post=743"},{"taxonomy":"product_tag","embeddable":true,"href":"https:\/\/pedidos.ejmdistribucion.com\/index.php\/wp-json\/wp\/v2\/product_tag?post=743"}],"curies":[{"name":"wp","href":"https:\/\/api.w.org\/{rel}","templated":true}]}}