{"id":65,"date":"2023-05-16T01:13:44","date_gmt":"2023-05-16T01:13:44","guid":{"rendered":"https:\/\/pedidos.ejmdistribucion.com\/?post_type=product&#038;p=65"},"modified":"2023-07-11T18:32:55","modified_gmt":"2023-07-11T18:32:55","slug":"iq-files-amnesia","status":"publish","type":"product","link":"https:\/\/pedidos.ejmdistribucion.com\/index.php\/producto\/iq-files-amnesia\/","title":{"rendered":"IQ Files &#8211; Amnesia"},"content":{"rendered":"<table border=\"0\" width=\"100%\" cellpadding=\"10\" bgcolor=\"#FF0000\">\n<tbody>\n<tr>\n<td class=\"rojo\" style=\"text-align: center;\" align=\"center\" valign=\"middle\"><img loading=\"lazy\" decoding=\"async\" class=\"alignnone size-full wp-image-3936 aligncenter\" src=\"http:\/\/ejmdistribucion.com\/wp-content\/uploads\/2021\/04\/JugadoresBlanco.png\" alt=\"\" width=\"53\" height=\"51\" \/><span style=\"color: #ffffff;\">1 &#8211; 6\u00a0 \u00a0jugadores<\/span><\/td>\n<td class=\"rojo\" style=\"text-align: center;\" align=\"center\" valign=\"middle\"><img loading=\"lazy\" decoding=\"async\" class=\"alignnone size-full wp-image-3937 aligncenter\" src=\"http:\/\/ejmdistribucion.com\/wp-content\/uploads\/2021\/04\/TiempoBlanco.png\" alt=\"\" width=\"51\" height=\"51\" \/><span style=\"color: #ffffff;\">90 min<\/span><\/td>\n<td class=\"rojo\" style=\"text-align: center;\" align=\"center\" valign=\"middle\"><img loading=\"lazy\" decoding=\"async\" class=\"alignnone size-full wp-image-3938 aligncenter\" src=\"http:\/\/ejmdistribucion.com\/wp-content\/uploads\/2021\/04\/EdadBlanco.png\" alt=\"\" width=\"55\" height=\"51\" \/><span style=\"color: #ffffff;\">14+ a\u00f1os<\/span><\/td>\n<\/tr>\n<tr>\n<td colspan=\"3\" align=\"center\" bgcolor=\"Black\"><img loading=\"lazy\" decoding=\"async\" class=\"wp-image-3956 size-medium aligncenter\" src=\"http:\/\/ejmdistribucion.com\/wp-content\/uploads\/2021\/04\/medidor000600060003-300x91.png\" alt=\"\" width=\"300\" height=\"91\" \/><\/td>\n<\/tr>\n<\/tbody>\n<\/table>\n<p>\u00a1Sigue leyendo para saber m\u00e1s!<\/p>\n<p>La colecci\u00f3n se componen de 3 aventuras independientes<br \/>\n<b>LIBERACION<\/b>\u00a0\u2013 Nivel de dificultad 4\/10<br \/>\n<strong>PECADOS<\/strong>\u00a0\u2013 Nivel de dificultad 6\/10<br \/>\n<strong>AMNESIA<\/strong>\u00a0\u2013 Nivel de divicultad 8\/10<\/p>\n<p>\u00bfQu\u00e9 hace diferente a IQ Files?<br \/>\nCuando juegas una partida de IQ Files, te das cuenta de que es diferente a cualquier otro escape room de cartas:<\/p>\n<p>Los jugadores comienzan la partida con 5 personajes.<br \/>\nEsos personajes est\u00e1n encerrados en un complejo de salas del que deben huir superando pruebas, algunas de ellas mortales.<br \/>\nCada vez que haya que realizar una acci\u00f3n peligrosa como apretar un bot\u00f3n sospechoso, abrir una puerta que no se sabe si va a explotar, \u00a1o incluso pedir pistas!, los personajes pueden sufrir heridas o morir.<br \/>\nAl final de la partida, cada herida restar\u00e1 1 punto y cada muerte restar\u00e1 2 puntos sobre la calificaci\u00f3n final de los jugadores.<\/p>\n<p>Mec\u00e1nicas:<strong>\u00a0acertijos, deducci\u00f3n, combinaci\u00f3n de objetos, narrativa, elecci\u00f3n de varios caminos posibles<\/strong><\/p>\n<p>\u00a1NO REQUIERE APP NI ROMPER COMPONENTES!<\/p>\n<p>OTROS PUNTOS FUERTES DE IQ FILES<\/p>\n<p>Adem\u00e1s de las heridas y las muertes, IQ Files ofrece una experiencia de juego nutrida por:<\/p>\n<p>Acertijos de todo tipo: de l\u00f3gica, de pensamiento lateral, de observaci\u00f3n, de deducci\u00f3n, de combinar objetos\u2026<br \/>\nUna historia cuyo desarrollo se ver\u00e1 afectado en ciertos puntos por las decisiones de los jugadores.<br \/>\nUn ambiente de pel\u00edcula de suspense.<\/p>\n<p>\u00bfTe atreves a jugar una partida?<\/p>\n<p>COMPONENTES<\/p>\n<p>90 Cartas de juego<br \/>\n1 Carta de c\u00f3digos<br \/>\n1 Carta de resumen de reglas<br \/>\n1 Reglamento<\/p>\n<p><iframe loading=\"lazy\" width=\"560\" height=\"315\" src=\"https:\/\/www.youtube.com\/embed\/0PJz6YJxY10\" title=\"YouTube video player\" frameborder=\"0\" allow=\"accelerometer; autoplay; clipboard-write; encrypted-media; gyroscope; picture-in-picture\" allowfullscreen><\/iframe><\/p>\n","protected":false},"excerpt":{"rendered":"<p>IQ Files es un escape room de cartas en el que los personajes que forman parte de la historia pueden resultar heridos e incluso morir. Mec\u00e1nicas: acertijos, deducci\u00f3n, combinaci\u00f3n de objetos, narrativa, elecci\u00f3n de varios caminos posibles.<br \/>\n\u00a13 aventuras disponibles!<br \/>\nNivel dificultad 8\/10<\/p>\n<p>\u00a1NO REQUIERE APP NI ROMPER COMPONENTES!<\/p>\n","protected":false},"featured_media":231,"comment_status":"closed","ping_status":"closed","template":"","meta":[],"product_brand":[],"product_cat":[31],"product_tag":[],"class_list":{"0":"post-65","1":"product","2":"type-product","3":"status-publish","4":"has-post-thumbnail","6":"product_cat-doit","8":"first","9":"instock","10":"shipping-taxable","11":"product-type-simple","12":"berocket_lgv_grid","13":"berocket_lgv_list_grid"},"_links":{"self":[{"href":"https:\/\/pedidos.ejmdistribucion.com\/index.php\/wp-json\/wp\/v2\/product\/65","targetHints":{"allow":["GET"]}}],"collection":[{"href":"https:\/\/pedidos.ejmdistribucion.com\/index.php\/wp-json\/wp\/v2\/product"}],"about":[{"href":"https:\/\/pedidos.ejmdistribucion.com\/index.php\/wp-json\/wp\/v2\/types\/product"}],"replies":[{"embeddable":true,"href":"https:\/\/pedidos.ejmdistribucion.com\/index.php\/wp-json\/wp\/v2\/comments?post=65"}],"wp:featuredmedia":[{"embeddable":true,"href":"https:\/\/pedidos.ejmdistribucion.com\/index.php\/wp-json\/wp\/v2\/media\/231"}],"wp:attachment":[{"href":"https:\/\/pedidos.ejmdistribucion.com\/index.php\/wp-json\/wp\/v2\/media?parent=65"}],"wp:term":[{"taxonomy":"product_brand","embeddable":true,"href":"https:\/\/pedidos.ejmdistribucion.com\/index.php\/wp-json\/wp\/v2\/product_brand?post=65"},{"taxonomy":"product_cat","embeddable":true,"href":"https:\/\/pedidos.ejmdistribucion.com\/index.php\/wp-json\/wp\/v2\/product_cat?post=65"},{"taxonomy":"product_tag","embeddable":true,"href":"https:\/\/pedidos.ejmdistribucion.com\/index.php\/wp-json\/wp\/v2\/product_tag?post=65"}],"curies":[{"name":"wp","href":"https:\/\/api.w.org\/{rel}","templated":true}]}}