{"id":418,"date":"2023-05-16T01:20:34","date_gmt":"2023-05-16T01:20:34","guid":{"rendered":"https:\/\/pedidos.ejmdistribucion.com\/?post_type=product&#038;p=418"},"modified":"2023-07-11T17:48:34","modified_gmt":"2023-07-11T17:48:34","slug":"tacticum-invictus-en-ingles","status":"publish","type":"product","link":"https:\/\/pedidos.ejmdistribucion.com\/index.php\/producto\/tacticum-invictus-en-ingles\/","title":{"rendered":"Tacticum Invictus en ingl\u00e9s"},"content":{"rendered":"<table border=\"0\" width=\"100%\" cellpadding=\"10\" bgcolor=\"#FF0000\">\n<tbody>\n<tr>\n<td class=\"rojo\" style=\"text-align: center;\" align=\"center\" valign=\"middle\"><img loading=\"lazy\" decoding=\"async\" class=\"alignnone size-full wp-image-3936 aligncenter\" src=\"http:\/\/ejmdistribucion.com\/wp-content\/uploads\/2021\/04\/JugadoresBlanco.png\" alt=\"\" width=\"53\" height=\"51\" \/><span style=\"color: #ffffff;\">1 a 4\u00a0 \u00a0jugadores<\/span><\/td>\n<td class=\"rojo\" style=\"text-align: center;\" align=\"center\" valign=\"middle\"><img loading=\"lazy\" decoding=\"async\" class=\"alignnone size-full wp-image-3937 aligncenter\" src=\"http:\/\/ejmdistribucion.com\/wp-content\/uploads\/2021\/04\/TiempoBlanco.png\" alt=\"\" width=\"51\" height=\"51\" \/><span style=\"color: #ffffff;\">30 a 120 min<\/span><\/td>\n<td class=\"rojo\" style=\"text-align: center;\" align=\"center\" valign=\"middle\"><img loading=\"lazy\" decoding=\"async\" class=\"alignnone size-full wp-image-3938 aligncenter\" src=\"http:\/\/ejmdistribucion.com\/wp-content\/uploads\/2021\/04\/EdadBlanco.png\" alt=\"\" width=\"55\" height=\"51\" \/><span style=\"color: #ffffff;\">14+ a\u00f1os<\/span><\/td>\n<\/tr>\n<tr>\n<td colspan=\"3\" align=\"center\" bgcolor=\"Black\"><img loading=\"lazy\" decoding=\"async\" class=\"wp-image-3956 size-medium aligncenter\" src=\"http:\/\/ejmdistribucion.com\/wp-content\/uploads\/2021\/04\/medidor000600060003-300x91.png\" alt=\"\" width=\"300\" height=\"91\" \/><\/td>\n<\/tr>\n<\/tbody>\n<\/table>\n<p>Estrategia en el Imperio Romano<\/p>\n<p>Tacticum es un juego de mesa para 2 jugadores. Fue desarrollado bajo la influencia de juegos antiguos como el hnefatafl (el \u201cjuego vikingo\u201d) y latrunculi (piezas del juego encontrados en varios sitios romanos), ofreciendo escenarios para mayor entretenimiento.<\/p>\n<p>\u00bfEst\u00e1s listo para liderear las poderosas legiones romanas?<\/p>\n<p>Quiz\u00e1s tengas voluntad, pero nuestro distinguido grupo de veteranos de guerra llamados Triarios, te entrenar\u00e1 hasta que cumplas con los est\u00e1ndares.<\/p>\n<p>Eres un candidato a Centuri\u00f3n. Antes de que te encomienden liderear cualquier grupo de Legionarios de Roma necesitas entrenamiento en t\u00e1cticas desde peque\u00f1as unidades hasta formaciones de campa\u00f1a. Tacticum Invictus est\u00e1 dise\u00f1ado para ofrecer diferentes escenarios que podr\u00e1s trabajar con un oponente, que probablemente sea tambi\u00e9n un candidato a Centuri\u00f3n.<\/p>\n<p>El juego incluye:<\/p>\n<ul>\n<li>4 ej\u00e9rcitos: 17 soldados, 4 caballer\u00edas y 1 comandante para cada ej\u00e9rcito.<\/li>\n<li>4 tableros: Est\u00e1ndar, Terreno, Lienzo y Tama\u00f1o completo.<\/li>\n<li>Losetas de terreno, loseta de Fuerte y losetas de marcador de comando.<\/li>\n<li>22 cubos de madera en 4 diferentes colores.<\/li>\n<li>Libro de reglas y escenarios.<\/li>\n<\/ul>\n<p><img decoding=\"async\" src=\"https:\/\/ksr-ugc.imgix.net\/assets\/034\/029\/309\/2f2af2f8f0b5210844f7cc828a18450c_original.JPG?ixlib=rb-4.0.2&amp;w=680&amp;fit=max&amp;v=1624851988&amp;gif-q=50&amp;q=92&amp;s=86cb532a336c6d42ae9cf070911d41fd\" \/><\/p>\n<p><img decoding=\"async\" src=\"https:\/\/ksr-ugc.imgix.net\/assets\/034\/029\/339\/310bac2c1d9e9357a220b898f7ca509c_original.JPG?ixlib=rb-4.0.2&amp;w=680&amp;fit=max&amp;v=1624852213&amp;gif-q=50&amp;q=92&amp;s=819b48d35aada882e49be92ef6bf90c8\" \/><\/p>\n<p><img decoding=\"async\" src=\"https:\/\/ksr-ugc.imgix.net\/assets\/034\/029\/466\/c3d534ceda07227f89794cc56511de68_original.JPG?ixlib=rb-4.0.2&amp;w=680&amp;fit=max&amp;v=1624853451&amp;gif-q=50&amp;q=92&amp;s=d5618a5f4af34bff2dfe670a154c57b2\" \/><\/p>\n<p><img decoding=\"async\" src=\"https:\/\/ksr-ugc.imgix.net\/assets\/034\/047\/955\/10d9ea52e8a2bb9735d38e014b83f204_original.PNG?ixlib=rb-4.0.2&amp;w=680&amp;fit=max&amp;v=1624983161&amp;gif-q=50&amp;lossless=true&amp;s=9cf1a0d45181578d9f3a74ec2f74b292\" \/><\/p>\n<p>NOTA IMPORTANTE: Hay reporte de que algunas de las copias tienen peque\u00f1as manchas ocasionadas por moho. Todas nuestras copias han sido tratadas con luz UV y Ozono por recomendaci\u00f3n de expertos. Si tienes dudas puedes ponerte en contacto con nosotros.<\/p>\n","protected":false},"excerpt":{"rendered":"<p>Eres un candidato a Centuri\u00f3n. Antes de que te encomienden liderear cualquier grupo de Legionarios de Roma necesitas entrenamiento en t\u00e1cticas desde peque\u00f1as unidades hasta formaciones de campa\u00f1a.<\/p>\n","protected":false},"featured_media":572,"comment_status":"closed","ping_status":"closed","template":"","meta":[],"product_brand":[],"product_cat":[34],"product_tag":[],"class_list":{"0":"post-418","1":"product","2":"type-product","3":"status-publish","4":"has-post-thumbnail","6":"product_cat-gamealogical-institute","8":"first","9":"instock","10":"shipping-taxable","11":"product-type-simple","12":"berocket_lgv_grid","13":"berocket_lgv_list_grid"},"_links":{"self":[{"href":"https:\/\/pedidos.ejmdistribucion.com\/index.php\/wp-json\/wp\/v2\/product\/418","targetHints":{"allow":["GET"]}}],"collection":[{"href":"https:\/\/pedidos.ejmdistribucion.com\/index.php\/wp-json\/wp\/v2\/product"}],"about":[{"href":"https:\/\/pedidos.ejmdistribucion.com\/index.php\/wp-json\/wp\/v2\/types\/product"}],"replies":[{"embeddable":true,"href":"https:\/\/pedidos.ejmdistribucion.com\/index.php\/wp-json\/wp\/v2\/comments?post=418"}],"wp:featuredmedia":[{"embeddable":true,"href":"https:\/\/pedidos.ejmdistribucion.com\/index.php\/wp-json\/wp\/v2\/media\/572"}],"wp:attachment":[{"href":"https:\/\/pedidos.ejmdistribucion.com\/index.php\/wp-json\/wp\/v2\/media?parent=418"}],"wp:term":[{"taxonomy":"product_brand","embeddable":true,"href":"https:\/\/pedidos.ejmdistribucion.com\/index.php\/wp-json\/wp\/v2\/product_brand?post=418"},{"taxonomy":"product_cat","embeddable":true,"href":"https:\/\/pedidos.ejmdistribucion.com\/index.php\/wp-json\/wp\/v2\/product_cat?post=418"},{"taxonomy":"product_tag","embeddable":true,"href":"https:\/\/pedidos.ejmdistribucion.com\/index.php\/wp-json\/wp\/v2\/product_tag?post=418"}],"curies":[{"name":"wp","href":"https:\/\/api.w.org\/{rel}","templated":true}]}}