{"id":391,"date":"2023-05-16T01:20:13","date_gmt":"2023-05-16T01:20:13","guid":{"rendered":"https:\/\/pedidos.ejmdistribucion.com\/?post_type=product&#038;p=391"},"modified":"2023-07-11T17:50:56","modified_gmt":"2023-07-11T17:50:56","slug":"virtu-en-espanol","status":"publish","type":"product","link":"https:\/\/pedidos.ejmdistribucion.com\/index.php\/producto\/virtu-en-espanol\/","title":{"rendered":"Virtu en espa\u00f1ol"},"content":{"rendered":"<table border=\"0\" width=\"100%\" cellpadding=\"10\" bgcolor=\"#FF0000\">\n<tbody>\n<tr>\n<td class=\"rojo\" style=\"text-align: center;\" align=\"center\" valign=\"middle\"><img loading=\"lazy\" decoding=\"async\" class=\"alignnone size-full wp-image-3936 aligncenter\" src=\"http:\/\/ejmdistribucion.com\/wp-content\/uploads\/2021\/04\/JugadoresBlanco.png\" alt=\"\" width=\"53\" height=\"51\" \/><span style=\"color: #ffffff;\">2-5\u00a0 \u00a0jugadores<\/span><\/td>\n<td class=\"rojo\" style=\"text-align: center;\" align=\"center\" valign=\"middle\"><img loading=\"lazy\" decoding=\"async\" class=\"alignnone size-full wp-image-3937 aligncenter\" src=\"http:\/\/ejmdistribucion.com\/wp-content\/uploads\/2021\/04\/TiempoBlanco.png\" alt=\"\" width=\"51\" height=\"51\" \/><span style=\"color: #ffffff;\">60-80 min<\/span><\/td>\n<td class=\"rojo\" style=\"text-align: center;\" align=\"center\" valign=\"middle\"><img loading=\"lazy\" decoding=\"async\" class=\"alignnone size-full wp-image-3938 aligncenter\" src=\"http:\/\/ejmdistribucion.com\/wp-content\/uploads\/2021\/04\/EdadBlanco.png\" alt=\"\" width=\"55\" height=\"51\" \/><span style=\"color: #ffffff;\">14+ a\u00f1os<\/span><\/td>\n<\/tr>\n<tr>\n<td colspan=\"3\" align=\"center\" bgcolor=\"Black\"><img loading=\"lazy\" decoding=\"async\" class=\"size-medium wp-image-3956 aligncenter\" src=\"http:\/\/ejmdistribucion.com\/wp-content\/uploads\/2021\/04\/medidor000600060003-300x91.png\" alt=\"\" width=\"300\" height=\"91\" \/><\/td>\n<\/tr>\n<\/tbody>\n<\/table>\n<p><em>Virt\u00f9<\/em>\u00a0es una palabra italiana que significa \u00abVirtud\u00bb, \u00abCalidad\u00bb o \u00abCapacidad\u00bb, dependiendo del contexto. Tambi\u00e9n es el nombre de un concepto teorizado por Nicol\u00e1s Maquiavelo, que designa la aptitud de un l\u00edder para lograr grandes cosas, asegurando las bases necesarias para el poder del Estado, y encontrando formas de adaptarse a las dificultades; o en otras palabras, \u201cEl Arte de Gobernar\u201d.<\/p>\n<p>Cada jugador representa a una de las grandes dinast\u00edas que dej\u00f3 su huella en el Renacimiento italiano: los Aragoneses de N\u00e1poles, los Sforza de Mil\u00e1n, los M\u00e9dici de Florencia, los Dogos de Venecia o los Borgia de Roma. Tu meta es establecer su poder y supremac\u00eda, y convertirte en \u201cSe\u00f1or de Italia\u201d.<\/p>\n<p>Obtendr\u00e1s Puntos de Prestigio a trav\u00e9s de tus Acciones, como Gobernar para conseguir recursos, el Mecenazgo de acad\u00e9micos y artistas, el Comercio, as\u00ed como\u00a0tomando el control de otras Ciudades (anexion\u00e1ndolas a trav\u00e9s de la diplomacia o por la fuerza a trav\u00e9s de la guerra), todo mientras te conviertes en un experto en Intrigas pol\u00edticas y en Alianzas con grandes potencias extranjeras.<\/p>\n<p>La base del juego es la creaci\u00f3n de una \u00abrueda de acciones\u00bb en tu tablero \u00a0personal, que tiene una disposici\u00f3n \u00fanica en comparaci\u00f3n con los otros jugadores y con un conjunto diferente de cartas iniciales para cada jugador. Dependiendo de c\u00f3mo coloques las cartas, tienes m\u00faltiples opciones disponibles y una estrategia inicial, pero puedes adquirir y colocar nuevas cartas para modificar tu estrategia a lo largo de la partida. Interact\u00faas con otros indirectamente cogiendo las cartas que quieren o consiguiendo objetivos o directamente enviando agentes a sus palacios o a sus ciudades, as\u00ed como atacando ciudades.<\/p>\n<p>Virt\u00f9 son dos juegos en uno, con un reglamento para partidas de 3 a 5 jugadores y otro, las Guerras de Italia, espec\u00edfico para 2 jugadores.<\/p>\n<p>&nbsp;<\/p>\n<p>&nbsp;<br \/>\n<iframe loading=\"lazy\" width=\"560\" height=\"315\" src=\"https:\/\/www.youtube.com\/embed\/4BMGrimtljg\" title=\"YouTube video player\" frameborder=\"0\" allow=\"accelerometer; autoplay; clipboard-write; encrypted-media; gyroscope; picture-in-picture; web-share\" allowfullscreen><\/iframe><\/p>\n","protected":false},"excerpt":{"rendered":"<p>Cada jugador representa a una de las grandes dinast\u00edas que dej\u00f3 su huella en el Renacimiento italiano: los Aragoneses de N\u00e1poles, los Sforza de Mil\u00e1n, los M\u00e9dici de Florencia, los Dogos de Venecia o los Borgia de Roma. Tu meta es establecer su poder y supremac\u00eda, y convertirte en \u201cSe\u00f1or de Italia\u201d.<\/p>\n","protected":false},"featured_media":546,"comment_status":"closed","ping_status":"closed","template":"","meta":[],"product_brand":[],"product_cat":[16],"product_tag":[],"class_list":{"0":"post-391","1":"product","2":"type-product","3":"status-publish","4":"has-post-thumbnail","6":"product_cat-arrakis","8":"first","9":"instock","10":"shipping-taxable","11":"product-type-simple","12":"berocket_lgv_grid","13":"berocket_lgv_list_grid"},"_links":{"self":[{"href":"https:\/\/pedidos.ejmdistribucion.com\/index.php\/wp-json\/wp\/v2\/product\/391","targetHints":{"allow":["GET"]}}],"collection":[{"href":"https:\/\/pedidos.ejmdistribucion.com\/index.php\/wp-json\/wp\/v2\/product"}],"about":[{"href":"https:\/\/pedidos.ejmdistribucion.com\/index.php\/wp-json\/wp\/v2\/types\/product"}],"replies":[{"embeddable":true,"href":"https:\/\/pedidos.ejmdistribucion.com\/index.php\/wp-json\/wp\/v2\/comments?post=391"}],"wp:featuredmedia":[{"embeddable":true,"href":"https:\/\/pedidos.ejmdistribucion.com\/index.php\/wp-json\/wp\/v2\/media\/546"}],"wp:attachment":[{"href":"https:\/\/pedidos.ejmdistribucion.com\/index.php\/wp-json\/wp\/v2\/media?parent=391"}],"wp:term":[{"taxonomy":"product_brand","embeddable":true,"href":"https:\/\/pedidos.ejmdistribucion.com\/index.php\/wp-json\/wp\/v2\/product_brand?post=391"},{"taxonomy":"product_cat","embeddable":true,"href":"https:\/\/pedidos.ejmdistribucion.com\/index.php\/wp-json\/wp\/v2\/product_cat?post=391"},{"taxonomy":"product_tag","embeddable":true,"href":"https:\/\/pedidos.ejmdistribucion.com\/index.php\/wp-json\/wp\/v2\/product_tag?post=391"}],"curies":[{"name":"wp","href":"https:\/\/api.w.org\/{rel}","templated":true}]}}