{"id":39,"date":"2023-05-16T01:13:16","date_gmt":"2023-05-16T01:13:16","guid":{"rendered":"https:\/\/pedidos.ejmdistribucion.com\/?post_type=product&#038;p=39"},"modified":"2023-07-11T19:12:09","modified_gmt":"2023-07-11T19:12:09","slug":"hands-in-the-sea","status":"publish","type":"product","link":"https:\/\/pedidos.ejmdistribucion.com\/index.php\/producto\/hands-in-the-sea\/","title":{"rendered":"Hands in the Sea"},"content":{"rendered":"<table border=\"0\" width=\"100%\" cellpadding=\"10\" bgcolor=\"#FF0000\">\n<tbody>\n<tr>\n<td class=\"rojo\" style=\"text-align: center;\" align=\"center\" valign=\"middle\"><img loading=\"lazy\" decoding=\"async\" class=\"alignnone size-full wp-image-3936 aligncenter\" src=\"http:\/\/ejmdistribucion.com\/wp-content\/uploads\/2021\/04\/JugadoresBlanco.png\" alt=\"\" width=\"53\" height=\"51\" \/><span style=\"color: #ffffff;\">2\u00a0 \u00a0jugadores<\/span><\/td>\n<td class=\"rojo\" style=\"text-align: center;\" align=\"center\" valign=\"middle\"><img loading=\"lazy\" decoding=\"async\" class=\"alignnone size-full wp-image-3937 aligncenter\" src=\"http:\/\/ejmdistribucion.com\/wp-content\/uploads\/2021\/04\/TiempoBlanco.png\" alt=\"\" width=\"51\" height=\"51\" \/><span style=\"color: #ffffff;\">120 min<\/span><\/td>\n<td class=\"rojo\" style=\"text-align: center;\" align=\"center\" valign=\"middle\"><img loading=\"lazy\" decoding=\"async\" class=\"alignnone size-full wp-image-3938 aligncenter\" src=\"http:\/\/ejmdistribucion.com\/wp-content\/uploads\/2021\/04\/EdadBlanco.png\" alt=\"\" width=\"55\" height=\"51\" \/><span style=\"color: #ffffff;\">12+ a\u00f1os<\/span><\/td>\n<\/tr>\n<tr>\n<td colspan=\"3\" align=\"center\" bgcolor=\"Black\"><img loading=\"lazy\" decoding=\"async\" class=\"wp-image-3958 size-medium aligncenter\" src=\"http:\/\/ejmdistribucion.com\/wp-content\/uploads\/2021\/04\/medidor000600060002-300x91.png\" alt=\"\" width=\"300\" height=\"91\" \/><\/td>\n<\/tr>\n<\/tbody>\n<\/table>\n<p>Se trata de un juego de acciones, las cuales se realizan a<br \/>\ntrav\u00e9s de las cartas jugadas por cada bando. Cada una de las potencias tiene su propio mazo de cartas, aunque<br \/>\nhay varias cartas compartidas por ambos jugadores. Podr\u00e1s realizar nuevas acciones comprando nuevas cartas y<br \/>\na\u00f1adi\u00e9ndolas a tu pila de Descartes, para poder utilizarlas en turnos posteriores.<\/p>\n<p>Hay 4 tipos de cartas: Ubicaci\u00f3n, Imperio, Evento y Estrategia. Cada Ubicaci\u00f3n en el mapa, tiene su carta<br \/>\ncorrespondiente. Se pueden a\u00f1adir cartas al mazo de cada jugador en el momento de colonizar nuevas Ubicaciones<br \/>\no bien al conquistarlas al enemigo. Los otros tipos de cartas se han de comprar y la mayor\u00eda de ellas tienen un<br \/>\ncoste en plata, la moneda del juego.<\/p>\n<p>Cada jugador empieza la partida controlando varias de las Ubicaciones del tablero y con las cartas de todas<br \/>\nesas Ubicaciones en su mazo. Las cartas de Ubicaci\u00f3n sirven b\u00e1sicamente para obtener recursos, con los cuales<br \/>\nse podr\u00e1n realizar acciones. Las Ubicaciones proporcionan adem\u00e1s, medios de transporte, monedas, colonos y<br \/>\npermiten un desarrollo de tu poder militar y naval, as\u00ed como una localizaci\u00f3n de partida para iniciar ataques.<\/p>\n<p><strong>COMPONENTES HANDS IN THE SEA<\/strong><\/p>\n<p>\u2022 1 Tablero de juego<br \/>\n\u2022 138 Cartas<br \/>\n\u2022 38 Fichas de pueblo (19 rojas, 18 azules, 1 amarilla)<br \/>\n\u2022 16 Fichas de ciudad (9 rojas, 7 azules)<br \/>\n\u2022 2 Fichas de capital (1 roja, 1 azul)<br \/>\n\u2022 2 Fichas de flota (1 roja, 1 azul)<br \/>\n\u2022 2 Fichas de Ronda de Combate<br \/>\n\u2022 30 Monedas (20 plata, 10 oro)<br \/>\n\u2022 6 Fichas de mantenimiento (3 Rojas, 3 Azules)<br \/>\n\u2022 13 Fichas hexagonales (6 rojas, 6 azul, 1 gris)<br \/>\n\u2022 5 Fichas de Fortificaci\u00f3n<br \/>\n\u2022 1 Ficha de Destino<br \/>\n\u2022 1 Hoja de ayuda al jugador<br \/>\n\u2022 1 Tablero para cartas<br \/>\n\u2022 2 Tableros de jugador<br \/>\n\u2022 8 Dados (4 rojos, 4 azules)<\/p>\n<p><iframe loading=\"lazy\" title=\"YouTube video player\" src=\"https:\/\/www.youtube.com\/embed\/oWrV99I7VrY\" width=\"560\" height=\"315\" frameborder=\"0\" allowfullscreen=\"allowfullscreen\"><\/iframe><\/p>\n","protected":false},"excerpt":{"rendered":"<p>Hands in the Sea es un juego para 2 jugadores que trata sobre la guerra entre Roma y Cartago para el control de<br \/>\nSicilia, Cerde\u00f1a y C\u00f3rcega entre los a\u00f1os 264 y 241 AC.<\/p>\n","protected":false},"featured_media":203,"comment_status":"closed","ping_status":"closed","template":"","meta":[],"product_brand":[],"product_cat":[31],"product_tag":[],"class_list":{"0":"post-39","1":"product","2":"type-product","3":"status-publish","4":"has-post-thumbnail","6":"product_cat-doit","8":"first","9":"outofstock","10":"shipping-taxable","11":"product-type-simple","12":"berocket_lgv_grid","13":"berocket_lgv_list_grid"},"_links":{"self":[{"href":"https:\/\/pedidos.ejmdistribucion.com\/index.php\/wp-json\/wp\/v2\/product\/39","targetHints":{"allow":["GET"]}}],"collection":[{"href":"https:\/\/pedidos.ejmdistribucion.com\/index.php\/wp-json\/wp\/v2\/product"}],"about":[{"href":"https:\/\/pedidos.ejmdistribucion.com\/index.php\/wp-json\/wp\/v2\/types\/product"}],"replies":[{"embeddable":true,"href":"https:\/\/pedidos.ejmdistribucion.com\/index.php\/wp-json\/wp\/v2\/comments?post=39"}],"wp:featuredmedia":[{"embeddable":true,"href":"https:\/\/pedidos.ejmdistribucion.com\/index.php\/wp-json\/wp\/v2\/media\/203"}],"wp:attachment":[{"href":"https:\/\/pedidos.ejmdistribucion.com\/index.php\/wp-json\/wp\/v2\/media?parent=39"}],"wp:term":[{"taxonomy":"product_brand","embeddable":true,"href":"https:\/\/pedidos.ejmdistribucion.com\/index.php\/wp-json\/wp\/v2\/product_brand?post=39"},{"taxonomy":"product_cat","embeddable":true,"href":"https:\/\/pedidos.ejmdistribucion.com\/index.php\/wp-json\/wp\/v2\/product_cat?post=39"},{"taxonomy":"product_tag","embeddable":true,"href":"https:\/\/pedidos.ejmdistribucion.com\/index.php\/wp-json\/wp\/v2\/product_tag?post=39"}],"curies":[{"name":"wp","href":"https:\/\/api.w.org\/{rel}","templated":true}]}}