{"id":371,"date":"2023-05-16T01:19:48","date_gmt":"2023-05-16T01:19:48","guid":{"rendered":"https:\/\/pedidos.ejmdistribucion.com\/?post_type=product&#038;p=371"},"modified":"2023-07-11T17:54:20","modified_gmt":"2023-07-11T17:54:20","slug":"keystone-norteamerica-en-espanol","status":"publish","type":"product","link":"https:\/\/pedidos.ejmdistribucion.com\/index.php\/producto\/keystone-norteamerica-en-espanol\/","title":{"rendered":"Keystone Norteam\u00e9rica en espa\u00f1ol"},"content":{"rendered":"<table border=\"0\" width=\"100%\" cellpadding=\"10\" bgcolor=\"#FF0000\">\n<tbody>\n<tr>\n<td class=\"rojo\" style=\"text-align: center;\" align=\"center\" valign=\"middle\"><img loading=\"lazy\" decoding=\"async\" class=\"alignnone size-full wp-image-3936 aligncenter\" src=\"http:\/\/ejmdistribucion.com\/wp-content\/uploads\/2021\/04\/JugadoresBlanco.png\" alt=\"\" width=\"53\" height=\"51\" \/><span style=\"color: #ffffff;\">1-4\u00a0 \u00a0jugadores<\/span><\/td>\n<td class=\"rojo\" style=\"text-align: center;\" align=\"center\" valign=\"middle\"><img loading=\"lazy\" decoding=\"async\" class=\"alignnone size-full wp-image-3937 aligncenter\" src=\"http:\/\/ejmdistribucion.com\/wp-content\/uploads\/2021\/04\/TiempoBlanco.png\" alt=\"\" width=\"51\" height=\"51\" \/><span style=\"color: #ffffff;\">60 min<\/span><\/td>\n<td class=\"rojo\" style=\"text-align: center;\" align=\"center\" valign=\"middle\"><img loading=\"lazy\" decoding=\"async\" class=\"alignnone size-full wp-image-3938 aligncenter\" src=\"http:\/\/ejmdistribucion.com\/wp-content\/uploads\/2021\/04\/EdadBlanco.png\" alt=\"\" width=\"55\" height=\"51\" \/><span style=\"color: #ffffff;\">10+ a\u00f1os<\/span><\/td>\n<\/tr>\n<tr>\n<td colspan=\"3\" align=\"center\" bgcolor=\"Black\"><img loading=\"lazy\" decoding=\"async\" class=\"wp-image-3935 aligncenter\" src=\"http:\/\/ejmdistribucion.com\/wp-content\/uploads\/2021\/04\/medidor000600060004.png\" alt=\"\" width=\"333\" height=\"101\" \/><\/td>\n<\/tr>\n<\/tbody>\n<\/table>\n<p>Keystone Norteam\u00e9rica es un juego de colocaci\u00f3n de cartas inspirado por la pasi\u00f3n por la vida salvaje y su conservaci\u00f3n.<\/p>\n<p>De 1 a 4 jugadores toman el papel de bi\u00f3logos, trabajando para construir un ecosistema interconectado a trav\u00e9s de la colocaci\u00f3n de las diferentes especies. Aquellas que est\u00e9n mejor conectadas puntuar\u00e1n m\u00e1s y el bi\u00f3logo que consiga m\u00e1s puntos ser\u00e1 el ganador.<\/p>\n<p>Keystone: Norteam\u00e9rica se desarrolla durante una serie de rondas en las que cada jugador lleva a cabo un turno de juego. Tu prop\u00f3sito es colocar cartas en tu tablero de jugador para formar ecosistemas y completar tu objetivo secreto. En pocas palabras, un ecosistema es una secuencia de dos o m\u00e1s cartas que comparten h\u00e1bitat, formando una l\u00ednea recta en orden num\u00e9rico consecutivo.<\/p>\n<p>Los ecosistemas pueden mejorarse con fichas de Investigaci\u00f3n y con especies Clave, identificadas por el icono de Especie Clave. Tu Objetivo Secreto se completa al hacer coincidir grupos de cartas de tu tablero de jugador con los patrones de tu carta de Objetivo Secreto.<\/p>\n<p><iframe loading=\"lazy\" width=\"560\" height=\"315\" src=\"https:\/\/www.youtube.com\/embed\/YKfFbzW5KVQ\" title=\"YouTube video player\" frameborder=\"0\" allow=\"accelerometer; autoplay; clipboard-write; encrypted-media; gyroscope; picture-in-picture; web-share\" allowfullscreen><\/iframe><\/p>\n","protected":false},"excerpt":{"rendered":"<p>De 1 a 4 jugadores toman el papel de bi\u00f3logos, trabajando para construir un ecosistema interconectado a trav\u00e9s de la colocaci\u00f3n de las diferentes especies. Aquellas que est\u00e9n mejor conectadas puntuar\u00e1n m\u00e1s y el bi\u00f3logo que consiga m\u00e1s puntos ser\u00e1 el ganador.<\/p>\n","protected":false},"featured_media":534,"comment_status":"closed","ping_status":"closed","template":"","meta":[],"product_brand":[],"product_cat":[16],"product_tag":[],"class_list":{"0":"post-371","1":"product","2":"type-product","3":"status-publish","4":"has-post-thumbnail","6":"product_cat-arrakis","8":"first","9":"instock","10":"shipping-taxable","11":"product-type-simple","12":"berocket_lgv_grid","13":"berocket_lgv_list_grid"},"_links":{"self":[{"href":"https:\/\/pedidos.ejmdistribucion.com\/index.php\/wp-json\/wp\/v2\/product\/371","targetHints":{"allow":["GET"]}}],"collection":[{"href":"https:\/\/pedidos.ejmdistribucion.com\/index.php\/wp-json\/wp\/v2\/product"}],"about":[{"href":"https:\/\/pedidos.ejmdistribucion.com\/index.php\/wp-json\/wp\/v2\/types\/product"}],"replies":[{"embeddable":true,"href":"https:\/\/pedidos.ejmdistribucion.com\/index.php\/wp-json\/wp\/v2\/comments?post=371"}],"wp:featuredmedia":[{"embeddable":true,"href":"https:\/\/pedidos.ejmdistribucion.com\/index.php\/wp-json\/wp\/v2\/media\/534"}],"wp:attachment":[{"href":"https:\/\/pedidos.ejmdistribucion.com\/index.php\/wp-json\/wp\/v2\/media?parent=371"}],"wp:term":[{"taxonomy":"product_brand","embeddable":true,"href":"https:\/\/pedidos.ejmdistribucion.com\/index.php\/wp-json\/wp\/v2\/product_brand?post=371"},{"taxonomy":"product_cat","embeddable":true,"href":"https:\/\/pedidos.ejmdistribucion.com\/index.php\/wp-json\/wp\/v2\/product_cat?post=371"},{"taxonomy":"product_tag","embeddable":true,"href":"https:\/\/pedidos.ejmdistribucion.com\/index.php\/wp-json\/wp\/v2\/product_tag?post=371"}],"curies":[{"name":"wp","href":"https:\/\/api.w.org\/{rel}","templated":true}]}}