{"id":369,"date":"2023-05-16T01:19:47","date_gmt":"2023-05-16T01:19:47","guid":{"rendered":"https:\/\/pedidos.ejmdistribucion.com\/?post_type=product&#038;p=369"},"modified":"2023-07-11T17:58:28","modified_gmt":"2023-07-11T17:58:28","slug":"pharaon-super-pack-con-expansion-incluida-en-espanol","status":"publish","type":"product","link":"https:\/\/pedidos.ejmdistribucion.com\/index.php\/producto\/pharaon-super-pack-con-expansion-incluida-en-espanol\/","title":{"rendered":"Pharaon Super Pack con expansi\u00f3n incluida en espa\u00f1ol"},"content":{"rendered":"<table border=\"0\" width=\"100%\" cellpadding=\"10\" bgcolor=\"#FF0000\">\n<tbody>\n<tr>\n<td class=\"rojo\" style=\"text-align: center;\" align=\"center\" valign=\"middle\"><img loading=\"lazy\" decoding=\"async\" class=\"alignnone size-full wp-image-3936 aligncenter\" src=\"http:\/\/ejmdistribucion.com\/wp-content\/uploads\/2021\/04\/JugadoresBlanco.png\" alt=\"\" width=\"53\" height=\"51\" \/><span style=\"color: #ffffff;\">1-5\u00a0 \u00a0jugadores<\/span><\/td>\n<td class=\"rojo\" style=\"text-align: center;\" align=\"center\" valign=\"middle\"><img loading=\"lazy\" decoding=\"async\" class=\"alignnone size-full wp-image-3937 aligncenter\" src=\"http:\/\/ejmdistribucion.com\/wp-content\/uploads\/2021\/04\/TiempoBlanco.png\" alt=\"\" width=\"51\" height=\"51\" \/><span style=\"color: #ffffff;\">30-75 min<\/span><\/td>\n<td class=\"rojo\" style=\"text-align: center;\" align=\"center\" valign=\"middle\"><img loading=\"lazy\" decoding=\"async\" class=\"alignnone size-full wp-image-3938 aligncenter\" src=\"http:\/\/ejmdistribucion.com\/wp-content\/uploads\/2021\/04\/EdadBlanco.png\" alt=\"\" width=\"55\" height=\"51\" \/><span style=\"color: #ffffff;\">12+ a\u00f1os<\/span><\/td>\n<\/tr>\n<tr>\n<td colspan=\"3\" align=\"center\" bgcolor=\"Black\"><img loading=\"lazy\" decoding=\"async\" class=\"wp-image-3956 size-medium aligncenter\" src=\"http:\/\/ejmdistribucion.com\/wp-content\/uploads\/2021\/04\/medidor000600060003-300x91.png\" alt=\"\" width=\"300\" height=\"91\" \/><\/td>\n<\/tr>\n<\/tbody>\n<\/table>\n<p>Como hijo del fara\u00f3n, dedicar\u00e1s una gran parte de tu vida a preparar tu viaje al m\u00e1s all\u00e1. Organiza suntuosos rituales funerarios. Considera la virtud y la justicia como el foco de tu existencia. \u00a1Cada una de tus acciones ser\u00e1 juzgada durante el pesaje de tu coraz\u00f3n!<\/p>\n<p>Necesitar\u00e1s administrar tus recursos para aprovechar al m\u00e1ximo las acciones de la Tabla de los Dioses. Esto requiere construir una suntuosa c\u00e1mara funeraria, obtener el apoyo de poderosos Nobles, reclutar Artesanos, hacer ofrendas y prosperar en general a lo largo del Nilo. Estas acciones te ayudar\u00e1n a cumplir con las demandas rituales de los Dioses, y te dar\u00e1n prestigio. La clave ser\u00e1 la rueda central, que determina el coste de acceso de cada acci\u00f3n.<\/p>\n<p><strong>Super Pack incluye su expansi\u00f3n Conflictos:<\/strong><\/p>\n<p>Los tesoros egipcios son muy codiciados. Hititas, asirios, nubios, griegos, romanos\u2026 muchas naciones vecinas se atreven a buscar un conflicto abierto con el Fara\u00f3n. Son problemas costosos de resolver, pero ofrecen oportunidades para que reafirmes tu autoridad sobre los mortales y los dioses.<\/p>\n<p>Esta expansi\u00f3n introduce un nuevo mecanismo de conflictos y un recurso especial: las fichas de Espada. Cada ronda algunas losetas de Conflicto aparecer\u00e1n en espacios de la Rueda, aumentando su Coste de Acceso. Pero gracias a las fichas de Espada obtenidas mediante la resoluci\u00f3n de conflictos, los jugadores pueden beneficiarse de nuevas acciones de Bonificaci\u00f3n. Conflictos tambi\u00e9n a\u00f1ade nuevos Nobles, Artesanos y fichas de Ofrenda y 2 fichas de Fara\u00f3n alternativas, mejorando la profundidad estrat\u00e9gica y permitiendo que cada partida sea diferente.<\/p>\n<p><iframe loading=\"lazy\" width=\"560\" height=\"315\" src=\"https:\/\/www.youtube.com\/embed\/GgW5LSsiyVA\" title=\"YouTube video player\" frameborder=\"0\" allow=\"accelerometer; autoplay; clipboard-write; encrypted-media; gyroscope; picture-in-picture; web-share\" allowfullscreen><\/iframe><\/p>\n","protected":false},"excerpt":{"rendered":"<p>Como hijo del fara\u00f3n, dedicar\u00e1s una gran parte de tu vida a preparar tu viaje al m\u00e1s all\u00e1. Organiza suntuosos rituales funerarios. Considera la virtud y la justicia como el foco de tu existencia. \u00a1Cada una de tus acciones ser\u00e1 juzgada durante el pesaje de tu coraz\u00f3n!<\/p>\n","protected":false},"featured_media":516,"comment_status":"closed","ping_status":"closed","template":"","meta":[],"product_brand":[],"product_cat":[16,30],"product_tag":[],"class_list":{"0":"post-369","1":"product","2":"type-product","3":"status-publish","4":"has-post-thumbnail","6":"product_cat-arrakis","7":"product_cat-juegos-de-estrategia","9":"first","10":"instock","11":"shipping-taxable","12":"product-type-simple","13":"berocket_lgv_grid","14":"berocket_lgv_list_grid"},"_links":{"self":[{"href":"https:\/\/pedidos.ejmdistribucion.com\/index.php\/wp-json\/wp\/v2\/product\/369","targetHints":{"allow":["GET"]}}],"collection":[{"href":"https:\/\/pedidos.ejmdistribucion.com\/index.php\/wp-json\/wp\/v2\/product"}],"about":[{"href":"https:\/\/pedidos.ejmdistribucion.com\/index.php\/wp-json\/wp\/v2\/types\/product"}],"replies":[{"embeddable":true,"href":"https:\/\/pedidos.ejmdistribucion.com\/index.php\/wp-json\/wp\/v2\/comments?post=369"}],"wp:featuredmedia":[{"embeddable":true,"href":"https:\/\/pedidos.ejmdistribucion.com\/index.php\/wp-json\/wp\/v2\/media\/516"}],"wp:attachment":[{"href":"https:\/\/pedidos.ejmdistribucion.com\/index.php\/wp-json\/wp\/v2\/media?parent=369"}],"wp:term":[{"taxonomy":"product_brand","embeddable":true,"href":"https:\/\/pedidos.ejmdistribucion.com\/index.php\/wp-json\/wp\/v2\/product_brand?post=369"},{"taxonomy":"product_cat","embeddable":true,"href":"https:\/\/pedidos.ejmdistribucion.com\/index.php\/wp-json\/wp\/v2\/product_cat?post=369"},{"taxonomy":"product_tag","embeddable":true,"href":"https:\/\/pedidos.ejmdistribucion.com\/index.php\/wp-json\/wp\/v2\/product_tag?post=369"}],"curies":[{"name":"wp","href":"https:\/\/api.w.org\/{rel}","templated":true}]}}