{"id":334,"date":"2023-05-16T01:19:25","date_gmt":"2023-05-16T01:19:25","guid":{"rendered":"https:\/\/pedidos.ejmdistribucion.com\/?post_type=product&#038;p=334"},"modified":"2025-09-08T21:28:06","modified_gmt":"2025-09-08T21:28:06","slug":"undaunted-north-africa-en-espanol","status":"publish","type":"product","link":"https:\/\/pedidos.ejmdistribucion.com\/index.php\/producto\/undaunted-north-africa-en-espanol\/","title":{"rendered":"Undaunted: North  Africa &#8211; en espa\u00f1ol"},"content":{"rendered":"<table border=\"0\" width=\"100%\" cellpadding=\"10\" bgcolor=\"#FF0000\">\n<tbody>\n<tr>\n<td class=\"rojo\" style=\"text-align: center;\" align=\"center\" valign=\"middle\"><img loading=\"lazy\" decoding=\"async\" class=\"alignnone size-full wp-image-3936 aligncenter\" src=\"http:\/\/ejmdistribucion.com\/wp-content\/uploads\/2021\/04\/JugadoresBlanco.png\" alt=\"\" width=\"53\" height=\"51\" \/><span style=\"color: #ffffff;\">2\u00a0 \u00a0jugadores<\/span><\/td>\n<td class=\"rojo\" style=\"text-align: center;\" align=\"center\" valign=\"middle\"><img loading=\"lazy\" decoding=\"async\" class=\"alignnone size-full wp-image-3937 aligncenter\" src=\"http:\/\/ejmdistribucion.com\/wp-content\/uploads\/2021\/04\/TiempoBlanco.png\" alt=\"\" width=\"51\" height=\"51\" \/><span style=\"color: #ffffff;\">40-60 min<\/span><\/td>\n<td class=\"rojo\" style=\"text-align: center;\" align=\"center\" valign=\"middle\"><img loading=\"lazy\" decoding=\"async\" class=\"alignnone size-full wp-image-3938 aligncenter\" src=\"http:\/\/ejmdistribucion.com\/wp-content\/uploads\/2021\/04\/EdadBlanco.png\" alt=\"\" width=\"55\" height=\"51\" \/><span style=\"color: #ffffff;\">14+ a\u00f1os<\/span><\/td>\n<\/tr>\n<tr>\n<td colspan=\"3\" align=\"center\" bgcolor=\"Black\"><img loading=\"lazy\" decoding=\"async\" class=\"wp-image-3956 size-medium aligncenter\" src=\"http:\/\/ejmdistribucion.com\/wp-content\/uploads\/2021\/04\/medidor000600060003-300x91.png\" alt=\"\" width=\"300\" height=\"91\" \/><\/td>\n<\/tr>\n<\/tbody>\n<\/table>\n<p>Junio de 1940, para contrarrestar la creciente amenaza del Eje en el norte de \u00c1frica, el ej\u00e9rcito brit\u00e1nico ha formado el \u201cLong Range Desert Group\u201d (LRDG), una unidad de \u00e9lite para realizar el reconocimiento y operaciones secretas, encargada de recopilar informaci\u00f3n enemiga, actuando tras las l\u00edneas italianas.<br \/>\nDirige a estos valientes soldados en una serie de misiones o bien a las formidables fuerzas italianas. Toma el control de estructuras, destruye objetivos enemigos a trav\u00e9s de una serie de misiones en el desierto del Norte de \u00c1frica.<\/p>\n<p><strong>Undaunted: North Africa<\/strong>\u00a0es un juego t\u00e1ctico que usa la mec\u00e1nica de construcci\u00f3n de mazos. Usa tus cartas para tomar la iniciativa, realizar acciones con tus unidades, destruir estructuras. Pero ten cuidado, cada baja en el campo de batalla te va a eliminar una carta de tu mazo, mermando de esta forma tus fuerzas y debilitando tu poder de ataque y defensa.<\/p>\n<p>La secuela de Undaunted: Normandy se puede jugar de forma aut\u00f3noma e introduce una serie de novedades: veh\u00edculos, nuevas unidades, acciones, estructuras y objetivos, as\u00ed como mayor nivel de asimetr\u00eda entre los bandos. El juego trae 11 nuevos escenarios.<\/p>\n<p><strong>CONTENIDO<\/strong><br \/>\n88 cartas<br \/>\n22 losetas de mapa<br \/>\n4 dados<br \/>\n91 fichas<br \/>\n1 reglamento<br \/>\n1 libro de escenarios<\/p>\n<p>&nbsp;<br \/>\n<iframe loading=\"lazy\" width=\"560\" height=\"315\" src=\"https:\/\/www.youtube.com\/embed\/yhUfYVDVjkc\" title=\"YouTube video player\" frameborder=\"0\" allow=\"accelerometer; autoplay; clipboard-write; encrypted-media; gyroscope; picture-in-picture; web-share\" allowfullscreen><\/iframe><\/p>\n","protected":false},"excerpt":{"rendered":"<p>Junio de 1940, para contrarrestar la creciente amenaza del Eje en el norte de \u00c1frica, el ej\u00e9rcito brit\u00e1nico ha formado el \u201cLong Range Desert Group\u201d (LRDG), una unidad de \u00e9lite para realizar el reconocimiento y operaciones secretas, encargada de recopilar informaci\u00f3n enemiga, actuando tras las l\u00edneas italianas.<\/p>\n","protected":false},"featured_media":489,"comment_status":"closed","ping_status":"closed","template":"","meta":[],"product_brand":[],"product_cat":[31,30],"product_tag":[],"class_list":{"0":"post-334","1":"product","2":"type-product","3":"status-publish","4":"has-post-thumbnail","6":"product_cat-doit","7":"product_cat-juegos-de-estrategia","9":"first","10":"instock","11":"shipping-taxable","12":"product-type-simple","13":"berocket_lgv_grid","14":"berocket_lgv_list_grid"},"_links":{"self":[{"href":"https:\/\/pedidos.ejmdistribucion.com\/index.php\/wp-json\/wp\/v2\/product\/334","targetHints":{"allow":["GET"]}}],"collection":[{"href":"https:\/\/pedidos.ejmdistribucion.com\/index.php\/wp-json\/wp\/v2\/product"}],"about":[{"href":"https:\/\/pedidos.ejmdistribucion.com\/index.php\/wp-json\/wp\/v2\/types\/product"}],"replies":[{"embeddable":true,"href":"https:\/\/pedidos.ejmdistribucion.com\/index.php\/wp-json\/wp\/v2\/comments?post=334"}],"wp:featuredmedia":[{"embeddable":true,"href":"https:\/\/pedidos.ejmdistribucion.com\/index.php\/wp-json\/wp\/v2\/media\/489"}],"wp:attachment":[{"href":"https:\/\/pedidos.ejmdistribucion.com\/index.php\/wp-json\/wp\/v2\/media?parent=334"}],"wp:term":[{"taxonomy":"product_brand","embeddable":true,"href":"https:\/\/pedidos.ejmdistribucion.com\/index.php\/wp-json\/wp\/v2\/product_brand?post=334"},{"taxonomy":"product_cat","embeddable":true,"href":"https:\/\/pedidos.ejmdistribucion.com\/index.php\/wp-json\/wp\/v2\/product_cat?post=334"},{"taxonomy":"product_tag","embeddable":true,"href":"https:\/\/pedidos.ejmdistribucion.com\/index.php\/wp-json\/wp\/v2\/product_tag?post=334"}],"curies":[{"name":"wp","href":"https:\/\/api.w.org\/{rel}","templated":true}]}}