{"id":318,"date":"2023-05-16T01:18:57","date_gmt":"2023-05-16T01:18:57","guid":{"rendered":"https:\/\/pedidos.ejmdistribucion.com\/?post_type=product&#038;p=318"},"modified":"2023-07-11T18:00:08","modified_gmt":"2023-07-11T18:00:08","slug":"utopia","status":"publish","type":"product","link":"https:\/\/pedidos.ejmdistribucion.com\/index.php\/producto\/utopia\/","title":{"rendered":"Utopia"},"content":{"rendered":"<table border=\"0\" width=\"100%\" cellpadding=\"10\" bgcolor=\"#FF0000\">\n<tbody>\n<tr>\n<td class=\"rojo\" style=\"text-align: center;\" align=\"center\" valign=\"middle\"><img loading=\"lazy\" decoding=\"async\" class=\"alignnone size-full wp-image-3936 aligncenter\" src=\"http:\/\/ejmdistribucion.com\/wp-content\/uploads\/2021\/04\/JugadoresBlanco.png\" alt=\"\" width=\"53\" height=\"51\" \/><span style=\"color: #ffffff;\">1+\u00a0 \u00a0jugadores<\/span><\/td>\n<td class=\"rojo\" style=\"text-align: center;\" align=\"center\" valign=\"middle\"><img loading=\"lazy\" decoding=\"async\" class=\"alignnone size-full wp-image-3937 aligncenter\" src=\"http:\/\/ejmdistribucion.com\/wp-content\/uploads\/2021\/04\/TiempoBlanco.png\" alt=\"\" width=\"51\" height=\"51\" \/><span style=\"color: #ffffff;\">Abierto<\/span><\/td>\n<td class=\"rojo\" style=\"text-align: center;\" align=\"center\" valign=\"middle\"><img loading=\"lazy\" decoding=\"async\" class=\"alignnone size-full wp-image-3938 aligncenter\" src=\"http:\/\/ejmdistribucion.com\/wp-content\/uploads\/2021\/04\/EdadBlanco.png\" alt=\"\" width=\"55\" height=\"51\" \/><span style=\"color: #ffffff;\">8+ a\u00f1os<\/span><\/td>\n<\/tr>\n<tr>\n<td colspan=\"3\" align=\"center\" bgcolor=\"Black\"><img loading=\"lazy\" decoding=\"async\" class=\"wp-image-4032 size-medium aligncenter\" src=\"http:\/\/ejmdistribucion.com\/wp-content\/uploads\/2021\/06\/medidor000600060005-300x91.png\" alt=\"\" width=\"300\" height=\"91\" \/><\/td>\n<\/tr>\n<\/tbody>\n<\/table>\n<p>Bienvenido a UTOP\u00cdA, la ciudad del futuro y la mejor forma de probar tus habilidades de planeamiento urbano.<\/p>\n<p>El objetivo: cada desaf\u00edo de Utopia presenta un puzzle urbano que debes resolver colocando 16 rascacielos que obedezcan las pistas suministradas en<\/p>\n<p>cada reto de plano de ciudad. Un total de 50 retos en orden creciente de dificultad.<\/p>\n<p>UTOPIA pertenece a la l\u00ednea de juegos de l\u00f3gica de \u00c1TOMO GAMES.<\/p>\n<p>Utop\u00eda tiene 50 desaf\u00edos, divididos en dos fases de construcci\u00f3n: la Fase Uno (1-25) y fase dos (26-50). Cada fase de construcci\u00f3n tiene reglas espec\u00edficas y pistas dise\u00f1adas para ayudarte a descubrir su soluci\u00f3n \u00fanica. Hay cinco niveles de dificultad en cada fase: de nivel 1 (f\u00e1cil) a nivel 5 (dif\u00edcil). Todos los desaf\u00edos se pueden resolver con l\u00f3gica, combinando la informaci\u00f3n que se te da y la informaci\u00f3n que descubres a medida que vas construyendo.<\/p>\n<p>Cada desaf\u00edo muestra una ilustraci\u00f3n de la cuadr\u00edcula de 4 x 4 de Utop\u00eda con informaci\u00f3n dentro y alrededor de la cuadr\u00edcula. Las ubicaciones marcadas de los edificios en la cuadr\u00edcula te indican d\u00f3nde colocar un edificio de un color y altura espec\u00edficos antes de empezar a jugar.<\/p>\n<p>VIDEO TUTORIAL:<\/p>\n<p>&nbsp;<br \/>\n<iframe loading=\"lazy\" width=\"560\" height=\"315\" src=\"https:\/\/www.youtube.com\/embed\/kfZtyuiAzB4\" title=\"YouTube video player\" frameborder=\"0\" allow=\"accelerometer; autoplay; clipboard-write; encrypted-media; gyroscope; picture-in-picture\" allowfullscreen><\/iframe><\/p>\n","protected":false},"excerpt":{"rendered":"<p>Bienvenido a UTOP\u00cdA, la ciudad del futuro y la mejor forma de probar tus habilidades de planeamiento urbano.<\/p>\n<p>El objetivo: cada desaf\u00edo de Utopia presenta un puzzle urbano que debes resolver colocando 16 rascacielos que obedezcan las pistas suministradas en<\/p>\n<p>cada reto de plano de ciudad. Un total de 50 retos en orden creciente de dificultad.<\/p>\n<p>UTOPIA pertenece a la l\u00ednea de juegos de l\u00f3gica de \u00c1TOMO GAMES.<\/p>\n","protected":false},"featured_media":481,"comment_status":"closed","ping_status":"closed","template":"","meta":[],"product_brand":[],"product_cat":[33],"product_tag":[],"class_list":{"0":"post-318","1":"product","2":"type-product","3":"status-publish","4":"has-post-thumbnail","6":"product_cat-atomo","8":"first","9":"instock","10":"shipping-taxable","11":"product-type-simple","12":"berocket_lgv_grid","13":"berocket_lgv_list_grid"},"_links":{"self":[{"href":"https:\/\/pedidos.ejmdistribucion.com\/index.php\/wp-json\/wp\/v2\/product\/318","targetHints":{"allow":["GET"]}}],"collection":[{"href":"https:\/\/pedidos.ejmdistribucion.com\/index.php\/wp-json\/wp\/v2\/product"}],"about":[{"href":"https:\/\/pedidos.ejmdistribucion.com\/index.php\/wp-json\/wp\/v2\/types\/product"}],"replies":[{"embeddable":true,"href":"https:\/\/pedidos.ejmdistribucion.com\/index.php\/wp-json\/wp\/v2\/comments?post=318"}],"wp:featuredmedia":[{"embeddable":true,"href":"https:\/\/pedidos.ejmdistribucion.com\/index.php\/wp-json\/wp\/v2\/media\/481"}],"wp:attachment":[{"href":"https:\/\/pedidos.ejmdistribucion.com\/index.php\/wp-json\/wp\/v2\/media?parent=318"}],"wp:term":[{"taxonomy":"product_brand","embeddable":true,"href":"https:\/\/pedidos.ejmdistribucion.com\/index.php\/wp-json\/wp\/v2\/product_brand?post=318"},{"taxonomy":"product_cat","embeddable":true,"href":"https:\/\/pedidos.ejmdistribucion.com\/index.php\/wp-json\/wp\/v2\/product_cat?post=318"},{"taxonomy":"product_tag","embeddable":true,"href":"https:\/\/pedidos.ejmdistribucion.com\/index.php\/wp-json\/wp\/v2\/product_tag?post=318"}],"curies":[{"name":"wp","href":"https:\/\/api.w.org\/{rel}","templated":true}]}}