{"id":317,"date":"2023-05-16T01:18:56","date_gmt":"2023-05-16T01:18:56","guid":{"rendered":"https:\/\/pedidos.ejmdistribucion.com\/?post_type=product&#038;p=317"},"modified":"2023-07-11T18:00:36","modified_gmt":"2023-07-11T18:00:36","slug":"story-colors-en-espanol","status":"publish","type":"product","link":"https:\/\/pedidos.ejmdistribucion.com\/index.php\/producto\/story-colors-en-espanol\/","title":{"rendered":"Story Colors en espa\u00f1ol"},"content":{"rendered":"<table border=\"0\" width=\"100%\" cellpadding=\"10\" bgcolor=\"#FF0000\">\n<tbody>\n<tr>\n<td class=\"rojo\" style=\"text-align: center;\" align=\"center\" valign=\"middle\"><img loading=\"lazy\" decoding=\"async\" class=\"alignnone size-full wp-image-3936 aligncenter\" src=\"http:\/\/ejmdistribucion.com\/wp-content\/uploads\/2021\/04\/JugadoresBlanco.png\" alt=\"\" width=\"53\" height=\"51\" \/><span style=\"color: #ffffff;\">3-6\u00a0 \u00a0jugadores<\/span><\/td>\n<td class=\"rojo\" style=\"text-align: center;\" align=\"center\" valign=\"middle\"><img loading=\"lazy\" decoding=\"async\" class=\"alignnone size-full wp-image-3937 aligncenter\" src=\"http:\/\/ejmdistribucion.com\/wp-content\/uploads\/2021\/04\/TiempoBlanco.png\" alt=\"\" width=\"51\" height=\"51\" \/><span style=\"color: #ffffff;\">40 min<\/span><\/td>\n<td class=\"rojo\" style=\"text-align: center;\" align=\"center\" valign=\"middle\"><img loading=\"lazy\" decoding=\"async\" class=\"alignnone size-full wp-image-3938 aligncenter\" src=\"http:\/\/ejmdistribucion.com\/wp-content\/uploads\/2021\/04\/EdadBlanco.png\" alt=\"\" width=\"55\" height=\"51\" \/><span style=\"color: #ffffff;\">8+ a\u00f1os<\/span><\/td>\n<\/tr>\n<tr>\n<td colspan=\"3\" align=\"center\" bgcolor=\"Black\"><img loading=\"lazy\" decoding=\"async\" class=\"wp-image-4032 size-medium aligncenter\" src=\"http:\/\/ejmdistribucion.com\/wp-content\/uploads\/2021\/06\/medidor000600060005-300x91.png\" alt=\"\" width=\"300\" height=\"91\" \/><\/td>\n<\/tr>\n<\/tbody>\n<\/table>\n<p style=\"font-weight: 400;\">Lanza los dados e inventa la mejor historia. Qui\u00e9n descubra los colores ocultos en ella conseguir\u00e1 la victoria.<\/p>\n<p style=\"font-weight: 400;\">STORY COLORS es un party game para toda la familia donde la imaginaci\u00f3n y las risas ser\u00e1n los protagonistas.<\/p>\n<p style=\"font-weight: 400;\"><b><strong>CONTENIDO<\/strong><\/b><\/p>\n<ul>\n<li style=\"font-weight: 400;\">6 x Pantallas de Jugador<\/li>\n<li style=\"font-weight: 400;\">24 x cubos de decisi\u00f3n<\/li>\n<li style=\"font-weight: 400;\">6 xTableros de decisi\u00f3n<\/li>\n<li style=\"font-weight: 400;\">6 x\u00a0 Marcadores<\/li>\n<li style=\"font-weight: 400;\">1 x tablero de puntuaci\u00f3n<\/li>\n<li style=\"font-weight: 400;\">1 x Reglas de Juego<\/li>\n<li style=\"font-weight: 400;\">4 x Dados de colores personalizados<\/li>\n<li style=\"font-weight: 400;\">100 x cartas de narraci\u00f3n<\/li>\n<\/ul>\n<p style=\"font-weight: 400;\"><b><strong>OBJETIVO DEL JUEGO<\/strong><\/b><\/p>\n<p style=\"font-weight: 400;\">Los jugadores deber\u00e1n conseguir llegar el primero a la meta del tablero de puntuaci\u00f3n. Para ello, deber\u00e1n ir sumando puntos averiguando la secuencia de colores correcta de las historias de los narradores. Y contando las mejores historias cuando toque ser el narrador.<\/p>\n<p style=\"font-weight: 400;\"><b><strong>VIDEO PROMOCIONAL<\/strong><\/b><\/p>\n<p><iframe loading=\"lazy\" width=\"560\" height=\"315\" src=\"https:\/\/www.youtube.com\/embed\/bFxeK7cfRac\" title=\"YouTube video player\" frameborder=\"0\" allow=\"accelerometer; autoplay; clipboard-write; encrypted-media; gyroscope; picture-in-picture\" allowfullscreen><\/iframe><\/p>\n","protected":false},"excerpt":{"rendered":"<p>Lanza los dados e inventa la mejor historia. Qui\u00e9n descubra los colores ocultos en ella conseguir\u00e1 la victoria.<\/p>\n<p>STORY COLORS es un party game para toda la familia donde la imaginaci\u00f3n y las risas ser\u00e1n los protagonistas.<\/p>\n","protected":false},"featured_media":475,"comment_status":"closed","ping_status":"closed","template":"","meta":[],"product_brand":[],"product_cat":[33],"product_tag":[],"class_list":{"0":"post-317","1":"product","2":"type-product","3":"status-publish","4":"has-post-thumbnail","6":"product_cat-atomo","8":"first","9":"instock","10":"shipping-taxable","11":"product-type-simple","12":"berocket_lgv_grid","13":"berocket_lgv_list_grid"},"_links":{"self":[{"href":"https:\/\/pedidos.ejmdistribucion.com\/index.php\/wp-json\/wp\/v2\/product\/317","targetHints":{"allow":["GET"]}}],"collection":[{"href":"https:\/\/pedidos.ejmdistribucion.com\/index.php\/wp-json\/wp\/v2\/product"}],"about":[{"href":"https:\/\/pedidos.ejmdistribucion.com\/index.php\/wp-json\/wp\/v2\/types\/product"}],"replies":[{"embeddable":true,"href":"https:\/\/pedidos.ejmdistribucion.com\/index.php\/wp-json\/wp\/v2\/comments?post=317"}],"wp:featuredmedia":[{"embeddable":true,"href":"https:\/\/pedidos.ejmdistribucion.com\/index.php\/wp-json\/wp\/v2\/media\/475"}],"wp:attachment":[{"href":"https:\/\/pedidos.ejmdistribucion.com\/index.php\/wp-json\/wp\/v2\/media?parent=317"}],"wp:term":[{"taxonomy":"product_brand","embeddable":true,"href":"https:\/\/pedidos.ejmdistribucion.com\/index.php\/wp-json\/wp\/v2\/product_brand?post=317"},{"taxonomy":"product_cat","embeddable":true,"href":"https:\/\/pedidos.ejmdistribucion.com\/index.php\/wp-json\/wp\/v2\/product_cat?post=317"},{"taxonomy":"product_tag","embeddable":true,"href":"https:\/\/pedidos.ejmdistribucion.com\/index.php\/wp-json\/wp\/v2\/product_tag?post=317"}],"curies":[{"name":"wp","href":"https:\/\/api.w.org\/{rel}","templated":true}]}}