{"id":315,"date":"2023-05-16T01:18:56","date_gmt":"2023-05-16T01:18:56","guid":{"rendered":"https:\/\/pedidos.ejmdistribucion.com\/?post_type=product&#038;p=315"},"modified":"2023-07-11T18:01:04","modified_gmt":"2023-07-11T18:01:04","slug":"mascotas","status":"publish","type":"product","link":"https:\/\/pedidos.ejmdistribucion.com\/index.php\/producto\/mascotas\/","title":{"rendered":"Mascotas"},"content":{"rendered":"<table border=\"0\" width=\"100%\" cellpadding=\"10\" bgcolor=\"#FF0000\">\n<tbody>\n<tr>\n<td class=\"rojo\" style=\"text-align: center;\" align=\"center\" valign=\"middle\"><img loading=\"lazy\" decoding=\"async\" class=\"alignnone size-full wp-image-3936 aligncenter\" src=\"http:\/\/ejmdistribucion.com\/wp-content\/uploads\/2021\/04\/JugadoresBlanco.png\" alt=\"\" width=\"53\" height=\"51\" \/><span style=\"color: #ffffff;\">2-8\u00a0 \u00a0jugadores<\/span><\/td>\n<td class=\"rojo\" style=\"text-align: center;\" align=\"center\" valign=\"middle\"><img loading=\"lazy\" decoding=\"async\" class=\"alignnone size-full wp-image-3937 aligncenter\" src=\"http:\/\/ejmdistribucion.com\/wp-content\/uploads\/2021\/04\/TiempoBlanco.png\" alt=\"\" width=\"51\" height=\"51\" \/><span style=\"color: #ffffff;\">20 min<\/span><\/td>\n<td class=\"rojo\" style=\"text-align: center;\" align=\"center\" valign=\"middle\"><img loading=\"lazy\" decoding=\"async\" class=\"alignnone size-full wp-image-3938 aligncenter\" src=\"http:\/\/ejmdistribucion.com\/wp-content\/uploads\/2021\/04\/EdadBlanco.png\" alt=\"\" width=\"55\" height=\"51\" \/><span style=\"color: #ffffff;\">4+ a\u00f1os<\/span><\/td>\n<\/tr>\n<tr>\n<td colspan=\"3\" align=\"center\" bgcolor=\"Black\"><img loading=\"lazy\" decoding=\"async\" class=\"wp-image-4032 size-medium aligncenter\" src=\"http:\/\/ejmdistribucion.com\/wp-content\/uploads\/2021\/06\/medidor000600060005-300x91.png\" alt=\"\" width=\"300\" height=\"91\" \/><\/td>\n<\/tr>\n<\/tbody>\n<\/table>\n<h4><strong>Contenido del juego<br \/>\n<\/strong><\/h4>\n<p>MASCOTAS\u00a0es un divertid\u00edsimo juego para todas las edades que contiene 82 cartas tama\u00f1o poker que incluyen 8 mascotas objetivo, las cartas de cuidados de mascota (casitas, juegos, comida y aseo), cartas de estado (enfadadas, enfermas, sanas y mimitos), y las cartas de acci\u00f3n como el ni\u00f1o travieso, la tienda de mascotas, o el temible cient\u00edfico loco.<br \/>\nAdem\u00e1s se incluyen 4 cartas grandes de mascota que formar\u00e1 el tablero central, as\u00ed\u00a0 como reglas de juego en espa\u00f1ol e ingl\u00e9s.<\/p>\n<h4>Descargas<\/h4>\n<p><strong><a href=\"https:\/\/atomo-games.com\/img\/cms\/Nueva%20carpeta\/Ficha%20Formativa%20juego%20Mascotas%20rev0_compressed.pdf\" target=\"_blank\" rel=\"noreferrer noopener\">&#8211; Gu\u00eda Did\u00e1ctica &#8211; Mascotas<\/a><\/strong><\/p>\n<p><strong>&#8211;<a href=\"https:\/\/atomo-games.com\/img\/cms\/Nueva%20carpeta\/Mascotas%20Disfrazadas%20de%20Halloween.pdf\" target=\"_blank\" rel=\"noreferrer noopener\">\u00a0Mascotas especial Halloween<\/a><\/strong><\/p>\n<p><strong><a href=\"https:\/\/atomo-games.com\/img\/cms\/REGLAMENTOS\/Banner%20Mascotas%20halloween%20web.pdf\" target=\"_blank\" rel=\"noreferrer noopener\">&#8211; Reglas de carta Bruja &#8211; Especial Halloween<\/a><\/strong><\/p>\n<p><iframe loading=\"lazy\" width=\"560\" height=\"315\" src=\"https:\/\/www.youtube.com\/embed\/6UnYHJgUiwc\" title=\"YouTube video player\" frameborder=\"0\" allow=\"accelerometer; autoplay; clipboard-write; encrypted-media; gyroscope; picture-in-picture\" allowfullscreen><\/iframe><\/p>\n","protected":false},"excerpt":{"rendered":"<p>MASCOTAS\u00a0es un divertid\u00edsimo juego para todas las edades que contiene 82 cartas tama\u00f1o poker que incluyen 8 mascotas objetivo, las cartas de cuidados de mascota (casitas, juegos, comida y aseo), cartas de estado (enfadadas, enfermas, sanas y mimitos), y las cartas de acci\u00f3n como el ni\u00f1o travieso, la tienda de mascotas, o el temible cient\u00edfico loco.<\/p>\n","protected":false},"featured_media":464,"comment_status":"closed","ping_status":"closed","template":"","meta":[],"product_brand":[],"product_cat":[33],"product_tag":[],"class_list":{"0":"post-315","1":"product","2":"type-product","3":"status-publish","4":"has-post-thumbnail","6":"product_cat-atomo","8":"first","9":"instock","10":"shipping-taxable","11":"product-type-simple","12":"berocket_lgv_grid","13":"berocket_lgv_list_grid"},"_links":{"self":[{"href":"https:\/\/pedidos.ejmdistribucion.com\/index.php\/wp-json\/wp\/v2\/product\/315","targetHints":{"allow":["GET"]}}],"collection":[{"href":"https:\/\/pedidos.ejmdistribucion.com\/index.php\/wp-json\/wp\/v2\/product"}],"about":[{"href":"https:\/\/pedidos.ejmdistribucion.com\/index.php\/wp-json\/wp\/v2\/types\/product"}],"replies":[{"embeddable":true,"href":"https:\/\/pedidos.ejmdistribucion.com\/index.php\/wp-json\/wp\/v2\/comments?post=315"}],"wp:featuredmedia":[{"embeddable":true,"href":"https:\/\/pedidos.ejmdistribucion.com\/index.php\/wp-json\/wp\/v2\/media\/464"}],"wp:attachment":[{"href":"https:\/\/pedidos.ejmdistribucion.com\/index.php\/wp-json\/wp\/v2\/media?parent=315"}],"wp:term":[{"taxonomy":"product_brand","embeddable":true,"href":"https:\/\/pedidos.ejmdistribucion.com\/index.php\/wp-json\/wp\/v2\/product_brand?post=315"},{"taxonomy":"product_cat","embeddable":true,"href":"https:\/\/pedidos.ejmdistribucion.com\/index.php\/wp-json\/wp\/v2\/product_cat?post=315"},{"taxonomy":"product_tag","embeddable":true,"href":"https:\/\/pedidos.ejmdistribucion.com\/index.php\/wp-json\/wp\/v2\/product_tag?post=315"}],"curies":[{"name":"wp","href":"https:\/\/api.w.org\/{rel}","templated":true}]}}