{"id":293,"date":"2023-05-16T01:18:16","date_gmt":"2023-05-16T01:18:16","guid":{"rendered":"https:\/\/pedidos.ejmdistribucion.com\/?post_type=product&#038;p=293"},"modified":"2023-07-11T18:02:04","modified_gmt":"2023-07-11T18:02:04","slug":"emotio","status":"publish","type":"product","link":"https:\/\/pedidos.ejmdistribucion.com\/index.php\/producto\/emotio\/","title":{"rendered":"Emotio"},"content":{"rendered":"<table border=\"0\" width=\"100%\" cellpadding=\"10\" bgcolor=\"#FF0000\">\n<tbody>\n<tr>\n<td class=\"rojo\" style=\"text-align: center;\" align=\"center\" valign=\"middle\"><img loading=\"lazy\" decoding=\"async\" class=\"alignnone size-full wp-image-3936 aligncenter\" src=\"http:\/\/ejmdistribucion.com\/wp-content\/uploads\/2021\/04\/JugadoresBlanco.png\" alt=\"\" width=\"53\" height=\"51\" \/><span style=\"color: #ffffff;\">2+\u00a0 \u00a0jugadores<\/span><\/td>\n<td class=\"rojo\" style=\"text-align: center;\" align=\"center\" valign=\"middle\"><img loading=\"lazy\" decoding=\"async\" class=\"alignnone size-full wp-image-3937 aligncenter\" src=\"http:\/\/ejmdistribucion.com\/wp-content\/uploads\/2021\/04\/TiempoBlanco.png\" alt=\"\" width=\"51\" height=\"51\" \/><span style=\"color: #ffffff;\">20 min<\/span><\/td>\n<td class=\"rojo\" style=\"text-align: center;\" align=\"center\" valign=\"middle\"><img loading=\"lazy\" decoding=\"async\" class=\"alignnone size-full wp-image-3938 aligncenter\" src=\"http:\/\/ejmdistribucion.com\/wp-content\/uploads\/2021\/04\/EdadBlanco.png\" alt=\"\" width=\"55\" height=\"51\" \/><span style=\"color: #ffffff;\">4+ a\u00f1os<\/span><\/td>\n<\/tr>\n<tr>\n<td colspan=\"3\" align=\"center\" bgcolor=\"Black\"><img loading=\"lazy\" decoding=\"async\" class=\"wp-image-4032 size-medium aligncenter\" src=\"http:\/\/ejmdistribucion.com\/wp-content\/uploads\/2021\/06\/medidor000600060005-300x91.png\" alt=\"\" width=\"300\" height=\"91\" \/><\/td>\n<\/tr>\n<\/tbody>\n<\/table>\n<p>Emotio est\u00e1 dise\u00f1ado para potenciar la Inteligencia Emocional. A trav\u00e9s del juego, fomentaremos su aceptaci\u00f3n y comunicaci\u00f3n, para facilitar el desarrollo de una buena autoestima, empat\u00eda y unas adecuadas relaciones sociales.<\/p>\n<p>Emotio permite trabajar las siguientes competencias emocionales:<\/p>\n<p><strong>Conciencia Emocional:<\/strong>\u00a0tomar conciencia de las propias emociones, darles nombre, comprender las emociones ajenas y tomar conciencia de la interacci\u00f3n entre Emoci\u00f3n-Pensamiento-Comportamiento.<\/p>\n<p><strong>Regulaci\u00f3n emocional:<\/strong>\u00a0habilidades de afrontamiento, competencias para autogenerar emociones agradables.<\/p>\n<p><strong>Competencia Social:<\/strong>\u00a0escuchar, respetar, compartir, desarrollar comportamiento prosocial, fomentar asertividad.<\/p>\n<p><strong>Autonom\u00eda Emocional:<\/strong>\u00a0actitud positiva, autoestima, automotivaci\u00f3n. Adem\u00e1s, permite reflexionar sobre los estereotipos y la igualdad de g\u00e9nero acerca de las emociones, gracias a sus dos personajes.<\/p>\n<p><strong>COMPONENTES DEL JUEGO:<\/strong><\/p>\n<p>\u2022 Peque\u00f1o libro con objetivo y reglas del juego, as\u00ed como, la descripci\u00f3n de 40 emociones\/sentimientos y preguntas de reflexi\u00f3n.<\/p>\n<p>\u2022 40 cartas asociadas a un color seg\u00fan la emoci\u00f3n. Felicidad-verde, Alegr\u00eda-amarillo, Amor-rosa, Ira-rojo, Tristeza-azul, Miedo-gris y Sorpresa-lila.<\/p>\n<p>\u2022 Carta resumen de las diferentes emociones.<\/p>\n<p>\u2022 Dado personalizado<br \/>\n<iframe loading=\"lazy\" width=\"560\" height=\"315\" src=\"https:\/\/www.youtube.com\/embed\/u6ctwmxHJME\" title=\"YouTube video player\" frameborder=\"0\" allow=\"accelerometer; autoplay; clipboard-write; encrypted-media; gyroscope; picture-in-picture\" allowfullscreen><\/iframe><\/p>\n","protected":false},"excerpt":{"rendered":"<p>Emotio est\u00e1 dise\u00f1ado para potenciar la Inteligencia Emocional. A trav\u00e9s del juego, fomentaremos su aceptaci\u00f3n y comunicaci\u00f3n, para facilitar el desarrollo de una buena autoestima, empat\u00eda y unas adecuadas relaciones sociales.<\/p>\n","protected":false},"featured_media":461,"comment_status":"closed","ping_status":"closed","template":"","meta":[],"product_brand":[],"product_cat":[33],"product_tag":[],"class_list":{"0":"post-293","1":"product","2":"type-product","3":"status-publish","4":"has-post-thumbnail","6":"product_cat-atomo","8":"first","9":"instock","10":"shipping-taxable","11":"product-type-simple","12":"berocket_lgv_grid","13":"berocket_lgv_list_grid"},"_links":{"self":[{"href":"https:\/\/pedidos.ejmdistribucion.com\/index.php\/wp-json\/wp\/v2\/product\/293","targetHints":{"allow":["GET"]}}],"collection":[{"href":"https:\/\/pedidos.ejmdistribucion.com\/index.php\/wp-json\/wp\/v2\/product"}],"about":[{"href":"https:\/\/pedidos.ejmdistribucion.com\/index.php\/wp-json\/wp\/v2\/types\/product"}],"replies":[{"embeddable":true,"href":"https:\/\/pedidos.ejmdistribucion.com\/index.php\/wp-json\/wp\/v2\/comments?post=293"}],"wp:featuredmedia":[{"embeddable":true,"href":"https:\/\/pedidos.ejmdistribucion.com\/index.php\/wp-json\/wp\/v2\/media\/461"}],"wp:attachment":[{"href":"https:\/\/pedidos.ejmdistribucion.com\/index.php\/wp-json\/wp\/v2\/media?parent=293"}],"wp:term":[{"taxonomy":"product_brand","embeddable":true,"href":"https:\/\/pedidos.ejmdistribucion.com\/index.php\/wp-json\/wp\/v2\/product_brand?post=293"},{"taxonomy":"product_cat","embeddable":true,"href":"https:\/\/pedidos.ejmdistribucion.com\/index.php\/wp-json\/wp\/v2\/product_cat?post=293"},{"taxonomy":"product_tag","embeddable":true,"href":"https:\/\/pedidos.ejmdistribucion.com\/index.php\/wp-json\/wp\/v2\/product_tag?post=293"}],"curies":[{"name":"wp","href":"https:\/\/api.w.org\/{rel}","templated":true}]}}