{"id":290,"date":"2023-05-16T01:17:49","date_gmt":"2023-05-16T01:17:49","guid":{"rendered":"https:\/\/pedidos.ejmdistribucion.com\/?post_type=product&#038;p=290"},"modified":"2023-07-11T18:04:40","modified_gmt":"2023-07-11T18:04:40","slug":"el-castillo-del-terror","status":"publish","type":"product","link":"https:\/\/pedidos.ejmdistribucion.com\/index.php\/producto\/el-castillo-del-terror\/","title":{"rendered":"El Castillo del Terror"},"content":{"rendered":"<table border=\"0\" width=\"100%\" cellpadding=\"10\" bgcolor=\"#FF0000\">\n<tbody>\n<tr>\n<td class=\"rojo\" style=\"text-align: center;\" align=\"center\" valign=\"middle\"><img loading=\"lazy\" decoding=\"async\" class=\"alignnone size-full wp-image-3936 aligncenter\" src=\"http:\/\/ejmdistribucion.com\/wp-content\/uploads\/2021\/04\/JugadoresBlanco.png\" alt=\"\" width=\"53\" height=\"51\" \/><span style=\"color: #ffffff;\">2-4\u00a0 \u00a0jugadores<\/span><\/td>\n<td class=\"rojo\" style=\"text-align: center;\" align=\"center\" valign=\"middle\"><img loading=\"lazy\" decoding=\"async\" class=\"alignnone size-full wp-image-3937 aligncenter\" src=\"http:\/\/ejmdistribucion.com\/wp-content\/uploads\/2021\/04\/TiempoBlanco.png\" alt=\"\" width=\"51\" height=\"51\" \/><span style=\"color: #ffffff;\">20 min<\/span><\/td>\n<td class=\"rojo\" style=\"text-align: center;\" align=\"center\" valign=\"middle\"><img loading=\"lazy\" decoding=\"async\" class=\"alignnone size-full wp-image-3938 aligncenter\" src=\"http:\/\/ejmdistribucion.com\/wp-content\/uploads\/2021\/04\/EdadBlanco.png\" alt=\"\" width=\"55\" height=\"51\" \/><span style=\"color: #ffffff;\">6+ a\u00f1os<\/span><\/td>\n<\/tr>\n<tr>\n<td colspan=\"3\" align=\"center\" bgcolor=\"Black\"><img loading=\"lazy\" decoding=\"async\" class=\"wp-image-4032 size-medium aligncenter\" src=\"http:\/\/ejmdistribucion.com\/wp-content\/uploads\/2021\/06\/medidor000600060005-300x91.png\" alt=\"\" width=\"300\" height=\"91\" \/><\/td>\n<\/tr>\n<\/tbody>\n<\/table>\n<p>El Castillo del Terror es un juego terror\u00edficamente divertido para todas las edades que contiene 62 cartas grandes entre personajes, objetos y monstruos. Ilustraciones de gran calidad.<\/p>\n<p>Adem\u00e1s, su autor, Manu S\u00e1nchez, &#8220;el profesor de la gamificaci\u00f3n&#8221;, ha incluido tres modalidades de juego totalmente diferentes que no solo ofrece muchas formas de diversi\u00f3n y para todas las edades, sino una herramienta de mejora de habilidades para los m\u00e1s peque\u00f1os de la casa.<br \/>\nLas tres modalidades de juego incluidas son:<\/p>\n<p>\u00b7 Investigador Observador: Mec\u00e1nica de colecci\u00f3n de set, esto es, recopilar objetos que ayuden a atrapar a los monstruos del castillo.<\/p>\n<p>\u00b7 Explorador veloz: Mec\u00e1nica de velocidad visual. El m\u00e1s r\u00e1pido en identificar los objetos con los que cazar los monstruos conseguir\u00e1\u00a0 la victoria.<\/p>\n<p>\u00b7 Cazador memori\u00f3n: Mec\u00e1nica memory. Recuerda donde est\u00e1n las cartas de objeto y consigue la combinaci\u00f3n exacta para cazar aquellos con los que te encuentras por los pasillos del castillo.<\/p>\n<h4>Descargas<\/h4>\n<p><strong><a href=\"https:\/\/atomo-games.com\/img\/cms\/Nueva%20carpeta\/Ficha%20Formativa%20juego%20Castillo%20del%20Terror%20rev0_compressed.pdf\" target=\"_blank\" rel=\"noreferrer noopener\">&#8211; Gu\u00eda Did\u00e1ctica &#8211; El Castillo del Terror<\/a><\/strong><\/p>\n<p><iframe loading=\"lazy\" width=\"560\" height=\"315\" src=\"https:\/\/www.youtube.com\/embed\/NzkhQjiVy84\" title=\"YouTube video player\" frameborder=\"0\" allow=\"accelerometer; autoplay; clipboard-write; encrypted-media; gyroscope; picture-in-picture\" allowfullscreen><\/iframe><\/p>\n","protected":false},"excerpt":{"rendered":"<p>El Castillo del Terror es un juego terror\u00edficamente divertido para todas las edades que contiene 62 cartas grandes entre personajes, objetos y monstruos. Ilustraciones de gran calidad.<\/p>\n","protected":false},"featured_media":458,"comment_status":"closed","ping_status":"closed","template":"","meta":[],"product_brand":[],"product_cat":[33],"product_tag":[],"class_list":{"0":"post-290","1":"product","2":"type-product","3":"status-publish","4":"has-post-thumbnail","6":"product_cat-atomo","8":"first","9":"instock","10":"shipping-taxable","11":"product-type-simple","12":"berocket_lgv_grid","13":"berocket_lgv_list_grid"},"_links":{"self":[{"href":"https:\/\/pedidos.ejmdistribucion.com\/index.php\/wp-json\/wp\/v2\/product\/290","targetHints":{"allow":["GET"]}}],"collection":[{"href":"https:\/\/pedidos.ejmdistribucion.com\/index.php\/wp-json\/wp\/v2\/product"}],"about":[{"href":"https:\/\/pedidos.ejmdistribucion.com\/index.php\/wp-json\/wp\/v2\/types\/product"}],"replies":[{"embeddable":true,"href":"https:\/\/pedidos.ejmdistribucion.com\/index.php\/wp-json\/wp\/v2\/comments?post=290"}],"wp:featuredmedia":[{"embeddable":true,"href":"https:\/\/pedidos.ejmdistribucion.com\/index.php\/wp-json\/wp\/v2\/media\/458"}],"wp:attachment":[{"href":"https:\/\/pedidos.ejmdistribucion.com\/index.php\/wp-json\/wp\/v2\/media?parent=290"}],"wp:term":[{"taxonomy":"product_brand","embeddable":true,"href":"https:\/\/pedidos.ejmdistribucion.com\/index.php\/wp-json\/wp\/v2\/product_brand?post=290"},{"taxonomy":"product_cat","embeddable":true,"href":"https:\/\/pedidos.ejmdistribucion.com\/index.php\/wp-json\/wp\/v2\/product_cat?post=290"},{"taxonomy":"product_tag","embeddable":true,"href":"https:\/\/pedidos.ejmdistribucion.com\/index.php\/wp-json\/wp\/v2\/product_tag?post=290"}],"curies":[{"name":"wp","href":"https:\/\/api.w.org\/{rel}","templated":true}]}}