{"id":286,"date":"2023-05-16T01:17:49","date_gmt":"2023-05-16T01:17:49","guid":{"rendered":"https:\/\/pedidos.ejmdistribucion.com\/?post_type=product&#038;p=286"},"modified":"2023-07-11T18:05:30","modified_gmt":"2023-07-11T18:05:30","slug":"suburbia","status":"publish","type":"product","link":"https:\/\/pedidos.ejmdistribucion.com\/index.php\/producto\/suburbia\/","title":{"rendered":"Suburbia"},"content":{"rendered":"<table border=\"0\" width=\"100%\" cellpadding=\"10\" bgcolor=\"#FF0000\">\n<tbody>\n<tr>\n<td class=\"rojo\" style=\"text-align: center;\" align=\"center\" valign=\"middle\"><img loading=\"lazy\" decoding=\"async\" class=\"alignnone size-full wp-image-3936 aligncenter\" src=\"http:\/\/ejmdistribucion.com\/wp-content\/uploads\/2021\/04\/JugadoresBlanco.png\" alt=\"\" width=\"53\" height=\"51\" \/><span style=\"color: #ffffff;\">1-4\u00a0 \u00a0jugadores<\/span><\/td>\n<td class=\"rojo\" style=\"text-align: center;\" align=\"center\" valign=\"middle\"><img loading=\"lazy\" decoding=\"async\" class=\"alignnone size-full wp-image-3937 aligncenter\" src=\"http:\/\/ejmdistribucion.com\/wp-content\/uploads\/2021\/04\/TiempoBlanco.png\" alt=\"\" width=\"51\" height=\"51\" \/><span style=\"color: #ffffff;\">90 min<\/span><\/td>\n<td class=\"rojo\" style=\"text-align: center;\" align=\"center\" valign=\"middle\"><img loading=\"lazy\" decoding=\"async\" class=\"alignnone size-full wp-image-3938 aligncenter\" src=\"http:\/\/ejmdistribucion.com\/wp-content\/uploads\/2021\/04\/EdadBlanco.png\" alt=\"\" width=\"55\" height=\"51\" \/><span style=\"color: #ffffff;\">8+ a\u00f1os<\/span><\/td>\n<\/tr>\n<tr>\n<td colspan=\"3\" align=\"center\" bgcolor=\"Black\"><img loading=\"lazy\" decoding=\"async\" class=\"wp-image-3956 size-medium aligncenter\" src=\"http:\/\/ejmdistribucion.com\/wp-content\/uploads\/2021\/04\/medidor000600060003-300x91.png\" alt=\"\" width=\"300\" height=\"91\" \/><\/td>\n<\/tr>\n<\/tbody>\n<\/table>\n<p><em>Planifica, construye y convierte una peque\u00f1a ciudad en una gran metr\u00f3polis. Utiliza losetas de construcci\u00f3n con forma hexagonal para agregar \u00e1reas residenciales, comerciales, c\u00edvicas e industriales, as\u00ed como puntos especiales de inter\u00e9s que brinden beneficios y aprovechen los recursos de las ciudades cercanas. Tu objetivo es que tu municipio prospere y acabe con una poblaci\u00f3n mayor que la de tus oponentes.<\/em><\/p>\n<p>Suburbia es un juego de colocaci\u00f3n de losetas en el que cada jugador intenta construir un motor econ\u00f3mico y una infraestructura que inicialmente ser\u00e1 autosuficiente y, finalmente, se volver\u00e1 rentable y fomentar\u00e1 el crecimiento de la poblaci\u00f3n. A medida que su ciudad crezca, modificar\u00e1 tanto sus ingresos como su reputaci\u00f3n. A medida que aumenten sus ingresos, tendr\u00e1 m\u00e1s efectivo disponible para comprar edificios mejores y m\u00e1s valiosos, como un aeropuerto internacional o un edificio de oficinas de gran altura. A medida que aumenta tu reputaci\u00f3n, ganar\u00e1s m\u00e1s y m\u00e1s poblaci\u00f3n, y el jugador con la mayor poblaci\u00f3n al final de la partida ser\u00e1 el ganador.<\/p>\n<p>Durante la partida, los jugadores compiten por varios objetivos \u00fanicos que ofrecen un aumento de poblaci\u00f3n adicional y los edificios disponibles en cada partida var\u00edan, por lo que nunca jugar\u00e1s la misma partida dos veces.<\/p>\n<p>La segunda edici\u00f3n de Suburbia presenta, entre otras cosas, ilustraciones actualizadas, losetas m\u00e1s grandes que en el juego original, un marcador a doble cara y bandejas de almacenamiento de GameTrayz.<br \/>\n<iframe loading=\"lazy\" width=\"560\" height=\"315\" src=\"https:\/\/www.youtube.com\/embed\/zCnpCYL-jE4\" title=\"YouTube video player\" frameborder=\"0\" allow=\"accelerometer; autoplay; clipboard-write; encrypted-media; gyroscope; picture-in-picture\" allowfullscreen><\/iframe><\/p>\n","protected":false},"excerpt":{"rendered":"<p>La segunda edici\u00f3n de Suburbia presenta, entre otras cosas, ilustraciones actualizadas, losetas m\u00e1s grandes que en el juego original, un marcador a doble cara y bandejas de almacenamiento de GameTrayz.<\/p>\n","protected":false},"featured_media":436,"comment_status":"closed","ping_status":"closed","template":"","meta":[],"product_brand":[],"product_cat":[16],"product_tag":[],"class_list":{"0":"post-286","1":"product","2":"type-product","3":"status-publish","4":"has-post-thumbnail","6":"product_cat-arrakis","8":"first","9":"instock","10":"shipping-taxable","11":"product-type-simple","12":"berocket_lgv_grid","13":"berocket_lgv_list_grid"},"_links":{"self":[{"href":"https:\/\/pedidos.ejmdistribucion.com\/index.php\/wp-json\/wp\/v2\/product\/286","targetHints":{"allow":["GET"]}}],"collection":[{"href":"https:\/\/pedidos.ejmdistribucion.com\/index.php\/wp-json\/wp\/v2\/product"}],"about":[{"href":"https:\/\/pedidos.ejmdistribucion.com\/index.php\/wp-json\/wp\/v2\/types\/product"}],"replies":[{"embeddable":true,"href":"https:\/\/pedidos.ejmdistribucion.com\/index.php\/wp-json\/wp\/v2\/comments?post=286"}],"wp:featuredmedia":[{"embeddable":true,"href":"https:\/\/pedidos.ejmdistribucion.com\/index.php\/wp-json\/wp\/v2\/media\/436"}],"wp:attachment":[{"href":"https:\/\/pedidos.ejmdistribucion.com\/index.php\/wp-json\/wp\/v2\/media?parent=286"}],"wp:term":[{"taxonomy":"product_brand","embeddable":true,"href":"https:\/\/pedidos.ejmdistribucion.com\/index.php\/wp-json\/wp\/v2\/product_brand?post=286"},{"taxonomy":"product_cat","embeddable":true,"href":"https:\/\/pedidos.ejmdistribucion.com\/index.php\/wp-json\/wp\/v2\/product_cat?post=286"},{"taxonomy":"product_tag","embeddable":true,"href":"https:\/\/pedidos.ejmdistribucion.com\/index.php\/wp-json\/wp\/v2\/product_tag?post=286"}],"curies":[{"name":"wp","href":"https:\/\/api.w.org\/{rel}","templated":true}]}}