{"id":285,"date":"2023-05-16T01:17:49","date_gmt":"2023-05-16T01:17:49","guid":{"rendered":"https:\/\/pedidos.ejmdistribucion.com\/?post_type=product&#038;p=285"},"modified":"2023-07-11T18:04:11","modified_gmt":"2023-07-11T18:04:11","slug":"iki","status":"publish","type":"product","link":"https:\/\/pedidos.ejmdistribucion.com\/index.php\/producto\/iki\/","title":{"rendered":"Iki"},"content":{"rendered":"<table border=\"0\" width=\"100%\" cellpadding=\"10\" bgcolor=\"#FF0000\">\n<tbody>\n<tr>\n<td class=\"rojo\" style=\"text-align: center;\" align=\"center\" valign=\"middle\"><img loading=\"lazy\" decoding=\"async\" class=\"alignnone size-full wp-image-3936 aligncenter\" src=\"http:\/\/ejmdistribucion.com\/wp-content\/uploads\/2021\/04\/JugadoresBlanco.png\" alt=\"\" width=\"53\" height=\"51\" \/><span style=\"color: #ffffff;\">2-4\u00a0 \u00a0jugadores<\/span><\/td>\n<td class=\"rojo\" style=\"text-align: center;\" align=\"center\" valign=\"middle\"><img loading=\"lazy\" decoding=\"async\" class=\"alignnone size-full wp-image-3937 aligncenter\" src=\"http:\/\/ejmdistribucion.com\/wp-content\/uploads\/2021\/04\/TiempoBlanco.png\" alt=\"\" width=\"51\" height=\"51\" \/><span style=\"color: #ffffff;\">90 min<\/span><\/td>\n<td class=\"rojo\" style=\"text-align: center;\" align=\"center\" valign=\"middle\"><img loading=\"lazy\" decoding=\"async\" class=\"alignnone size-full wp-image-3938 aligncenter\" src=\"http:\/\/ejmdistribucion.com\/wp-content\/uploads\/2021\/04\/EdadBlanco.png\" alt=\"\" width=\"55\" height=\"51\" \/><span style=\"color: #ffffff;\">14+ a\u00f1os<\/span><\/td>\n<\/tr>\n<tr>\n<td colspan=\"3\" align=\"center\" bgcolor=\"Black\"><img loading=\"lazy\" decoding=\"async\" class=\"wp-image-3956 size-medium aligncenter\" src=\"http:\/\/ejmdistribucion.com\/wp-content\/uploads\/2021\/04\/medidor000600060003-300x91.png\" alt=\"\" width=\"300\" height=\"91\" \/><\/td>\n<\/tr>\n<\/tbody>\n<\/table>\n<p>Bienvenidos a Edo<br \/>\nIKI es un juego de estrategia que se desarrolla en Jap\u00f3n durante el periodo Edo (1603-1868). Edo era el nombre de Tokyo durante dicho periodo. En la zona de Nihonbashi se encontraba el mercado m\u00e1s concurrido de la ciudad. A lo largo de la calle principal de Nihonbashi, comerciantes de todo tipo instalaban sus tiendas e invitaban a sus clientes a hacer negocios. Cerca de la calle principal hab\u00eda\u00a0un mercado de pescado al que los barcos llegaban con sus capturas y en el que pod\u00edas o\u00edr las voces y los sonidos de los\u00a0vendedores y compradores de pescado.<\/p>\n<p>Los artesanos y comerciantes, que resid\u00edan en los aleda\u00f1os de la calle principal en casas llamadas Nagayas, fueron el soporte para la gente com\u00fan de Edo. Se dec\u00eda que en aquellos tiempos hab\u00eda entre 700 y 800 profesiones distintas en Edo y muchas de esas profesiones \u00fanicas\u00a0se encuentran en las cartas de este juego: hacedores de linternas y abanicos, constructores de tatamis, impresores, comerciantes callejeros,\u00a0vendedores de sushi y tempura, geishas y actores de kabuki.<\/p>\n<p>Vive durante todo un a\u00f1o en Edo y trata de convertirte en el mejor Edokko, el \u00abhijo de Edo\u00bb, contribuyendo al bienestar y la prosperidad de Edo y sus ciudadanos. Contrata personajes con distintas habilidades, haz que trabajen en la calle principal de Nihonbashi e incrementa su experiencia hasta que les llegue el momento de su jubilaci\u00f3n.<\/p>\n<p>El ganador ser\u00e1 el jugador con m\u00e1s IKI, un concepto filos\u00f3fico del periodo Edo que representaba la forma ideal de vivir una vida c\u00edvica.<\/p>\n<p>&nbsp;<br \/>\n<iframe loading=\"lazy\" width=\"560\" height=\"315\" src=\"https:\/\/www.youtube.com\/embed\/wl6cKppgP1I\" title=\"YouTube video player\" frameborder=\"0\" allow=\"accelerometer; autoplay; clipboard-write; encrypted-media; gyroscope; picture-in-picture\" allowfullscreen><\/iframe><\/p>\n","protected":false},"excerpt":{"rendered":"<p>IKI es un juego de estrategia que se desarrolla en Jap\u00f3n durante el periodo Edo (1603-1868).<\/p>\n","protected":false},"featured_media":429,"comment_status":"closed","ping_status":"closed","template":"","meta":[],"product_brand":[],"product_cat":[16],"product_tag":[],"class_list":{"0":"post-285","1":"product","2":"type-product","3":"status-publish","4":"has-post-thumbnail","6":"product_cat-arrakis","8":"first","9":"instock","10":"shipping-taxable","11":"product-type-simple","12":"berocket_lgv_grid","13":"berocket_lgv_list_grid"},"_links":{"self":[{"href":"https:\/\/pedidos.ejmdistribucion.com\/index.php\/wp-json\/wp\/v2\/product\/285","targetHints":{"allow":["GET"]}}],"collection":[{"href":"https:\/\/pedidos.ejmdistribucion.com\/index.php\/wp-json\/wp\/v2\/product"}],"about":[{"href":"https:\/\/pedidos.ejmdistribucion.com\/index.php\/wp-json\/wp\/v2\/types\/product"}],"replies":[{"embeddable":true,"href":"https:\/\/pedidos.ejmdistribucion.com\/index.php\/wp-json\/wp\/v2\/comments?post=285"}],"wp:featuredmedia":[{"embeddable":true,"href":"https:\/\/pedidos.ejmdistribucion.com\/index.php\/wp-json\/wp\/v2\/media\/429"}],"wp:attachment":[{"href":"https:\/\/pedidos.ejmdistribucion.com\/index.php\/wp-json\/wp\/v2\/media?parent=285"}],"wp:term":[{"taxonomy":"product_brand","embeddable":true,"href":"https:\/\/pedidos.ejmdistribucion.com\/index.php\/wp-json\/wp\/v2\/product_brand?post=285"},{"taxonomy":"product_cat","embeddable":true,"href":"https:\/\/pedidos.ejmdistribucion.com\/index.php\/wp-json\/wp\/v2\/product_cat?post=285"},{"taxonomy":"product_tag","embeddable":true,"href":"https:\/\/pedidos.ejmdistribucion.com\/index.php\/wp-json\/wp\/v2\/product_tag?post=285"}],"curies":[{"name":"wp","href":"https:\/\/api.w.org\/{rel}","templated":true}]}}