{"id":27,"date":"2023-05-16T01:13:16","date_gmt":"2023-05-16T01:13:16","guid":{"rendered":"https:\/\/pedidos.ejmdistribucion.com\/?post_type=product&#038;p=27"},"modified":"2023-07-11T19:08:07","modified_gmt":"2023-07-11T19:08:07","slug":"valparaiso-en-espanol","status":"publish","type":"product","link":"https:\/\/pedidos.ejmdistribucion.com\/index.php\/producto\/valparaiso-en-espanol\/","title":{"rendered":"Valparaiso &#8211; en espa\u00f1ol"},"content":{"rendered":"<p>&nbsp;<\/p>\n<table border=\"0\" width=\"100%\" cellpadding=\"10\" bgcolor=\"#FF0000\">\n<tbody>\n<tr>\n<td class=\"rojo\" style=\"text-align: center;\" align=\"center\" valign=\"middle\"><img loading=\"lazy\" decoding=\"async\" class=\"alignnone size-full wp-image-3936 aligncenter\" src=\"http:\/\/ejmdistribucion.com\/wp-content\/uploads\/2021\/04\/JugadoresBlanco.png\" alt=\"\" width=\"53\" height=\"51\" \/><span style=\"color: #ffffff;\">2 &#8211; 5\u00a0 \u00a0jugadores<\/span><\/td>\n<td class=\"rojo\" style=\"text-align: center;\" align=\"center\" valign=\"middle\"><img loading=\"lazy\" decoding=\"async\" class=\"alignnone size-full wp-image-3937 aligncenter\" src=\"http:\/\/ejmdistribucion.com\/wp-content\/uploads\/2021\/04\/TiempoBlanco.png\" alt=\"\" width=\"51\" height=\"51\" \/><span style=\"color: #ffffff;\">60 &#8211; 120 min<\/span><\/td>\n<td class=\"rojo\" style=\"text-align: center;\" align=\"center\" valign=\"middle\"><img loading=\"lazy\" decoding=\"async\" class=\"alignnone size-full wp-image-3938 aligncenter\" src=\"http:\/\/ejmdistribucion.com\/wp-content\/uploads\/2021\/04\/EdadBlanco.png\" alt=\"\" width=\"55\" height=\"51\" \/><span style=\"color: #ffffff;\">12+ a\u00f1os<\/span><\/td>\n<\/tr>\n<tr>\n<td colspan=\"3\" align=\"center\" bgcolor=\"Black\"><img loading=\"lazy\" decoding=\"async\" class=\"size-medium wp-image-3956 aligncenter\" src=\"http:\/\/ejmdistribucion.com\/wp-content\/uploads\/2021\/04\/medidor000600060003-300x91.png\" alt=\"\" width=\"300\" height=\"91\" \/><\/td>\n<\/tr>\n<\/tbody>\n<\/table>\n<p align=\"justify\">Para lograr este objetivo, debes planificar con antelaci\u00f3n, pero tambi\u00e9n vigilar a los otros jugadores y\u00a0reaccionar a sus acciones r\u00e1pidamente. Si tus planes no son lo suficientemente buenos, te quedar\u00e1s sin\u00a0tiempo, tanto a corto como a largo plazo. \u00a1El tiempo es un factor clave porque la partida puede\u00a0terminarse antes de lo que imaginas!<\/p>\n<p align=\"justify\">Valpara\u00edso utiliza mec\u00e1nicas de programaci\u00f3n de acciones dando lugar a un juego con gran interacci\u00f3n entre los jugadores, los cuales se enfrentan a una competencia constante por los mejores lugares para construir en Valpara\u00edso, comerciar en los distintos mercados o adquirir nuevas cartas con las que mejorar sus acciones.<\/p>\n<p>&nbsp;<\/p>\n<table border=\"0\" width=\"100%\" cellpadding=\"10\" bgcolor=\"#FF0000\">\n<tbody>\n<tr>\n<td class=\"rojo\" style=\"text-align: center;\" align=\"center\" valign=\"middle\">\n<h4><span style=\"color: #ffffff;\">\u00bfDe qu\u00e9 va?<\/span><\/h4>\n<p><iframe loading=\"lazy\" width=\"280\" height=\"157\" src=\"https:\/\/www.youtube.com\/embed\/iQ5wNeFs91A\" title=\"YouTube video player\" frameborder=\"0\" allow=\"accelerometer; autoplay; clipboard-write; encrypted-media; gyroscope; picture-in-picture\" allowfullscreen><\/iframe><\/td>\n<\/tr>\n<\/tbody>\n<\/table>\n","protected":false},"excerpt":{"rendered":"<p>En 1811, el Congreso chileno aprob\u00f3 el libre comercio en la ciudad portuaria de Valpara\u00edso y poco despu\u00e9s, el pa\u00eds proclam\u00f3 su independencia. Como ciudadanos influyentes de Valpara\u00edso, los jugadores se esfuerzan por avanzar en el desarrollo de su ciudad. Con este fin, env\u00edan comerciantes a las zonas del interior para hacer negocio all\u00ed y mandan sus barcos al extranjero para conseguir nuevas adquisiciones.<\/p>\n","protected":false},"featured_media":124,"comment_status":"closed","ping_status":"closed","template":"","meta":[],"product_brand":[],"product_cat":[16],"product_tag":[],"class_list":{"0":"post-27","1":"product","2":"type-product","3":"status-publish","4":"has-post-thumbnail","6":"product_cat-arrakis","8":"first","9":"instock","10":"shipping-taxable","11":"product-type-simple","12":"berocket_lgv_grid","13":"berocket_lgv_list_grid"},"_links":{"self":[{"href":"https:\/\/pedidos.ejmdistribucion.com\/index.php\/wp-json\/wp\/v2\/product\/27","targetHints":{"allow":["GET"]}}],"collection":[{"href":"https:\/\/pedidos.ejmdistribucion.com\/index.php\/wp-json\/wp\/v2\/product"}],"about":[{"href":"https:\/\/pedidos.ejmdistribucion.com\/index.php\/wp-json\/wp\/v2\/types\/product"}],"replies":[{"embeddable":true,"href":"https:\/\/pedidos.ejmdistribucion.com\/index.php\/wp-json\/wp\/v2\/comments?post=27"}],"wp:featuredmedia":[{"embeddable":true,"href":"https:\/\/pedidos.ejmdistribucion.com\/index.php\/wp-json\/wp\/v2\/media\/124"}],"wp:attachment":[{"href":"https:\/\/pedidos.ejmdistribucion.com\/index.php\/wp-json\/wp\/v2\/media?parent=27"}],"wp:term":[{"taxonomy":"product_brand","embeddable":true,"href":"https:\/\/pedidos.ejmdistribucion.com\/index.php\/wp-json\/wp\/v2\/product_brand?post=27"},{"taxonomy":"product_cat","embeddable":true,"href":"https:\/\/pedidos.ejmdistribucion.com\/index.php\/wp-json\/wp\/v2\/product_cat?post=27"},{"taxonomy":"product_tag","embeddable":true,"href":"https:\/\/pedidos.ejmdistribucion.com\/index.php\/wp-json\/wp\/v2\/product_tag?post=27"}],"curies":[{"name":"wp","href":"https:\/\/api.w.org\/{rel}","templated":true}]}}