{"id":25,"date":"2023-05-16T01:13:15","date_gmt":"2023-05-16T01:13:15","guid":{"rendered":"https:\/\/pedidos.ejmdistribucion.com\/?post_type=product&#038;p=25"},"modified":"2023-07-11T19:13:43","modified_gmt":"2023-07-11T19:13:43","slug":"saqueadores-de-midgard-en-espanol","status":"publish","type":"product","link":"https:\/\/pedidos.ejmdistribucion.com\/index.php\/producto\/saqueadores-de-midgard-en-espanol\/","title":{"rendered":"Saqueadores de Midgard &#8211; en espa\u00f1ol"},"content":{"rendered":"<p>&nbsp;<\/p>\n<table border=\"0\" width=\"100%\" cellpadding=\"10\" bgcolor=\"#FF0000\">\n<tbody>\n<tr>\n<td class=\"rojo\" style=\"text-align: center;\" align=\"center\" valign=\"middle\"><img loading=\"lazy\" decoding=\"async\" class=\"alignnone size-full wp-image-3936 aligncenter\" src=\"http:\/\/ejmdistribucion.com\/wp-content\/uploads\/2021\/04\/JugadoresBlanco.png\" alt=\"\" width=\"53\" height=\"51\" \/><span style=\"color: #ffffff;\">2 &#8211; 4\u00a0 \u00a0jugadores<\/span><\/td>\n<td class=\"rojo\" style=\"text-align: center;\" align=\"center\" valign=\"middle\"><img loading=\"lazy\" decoding=\"async\" class=\"alignnone size-full wp-image-3937 aligncenter\" src=\"http:\/\/ejmdistribucion.com\/wp-content\/uploads\/2021\/04\/TiempoBlanco.png\" alt=\"\" width=\"51\" height=\"51\" \/><span style=\"color: #ffffff;\">75 &#8211; 90 min<\/span><\/td>\n<td class=\"rojo\" style=\"text-align: center;\" align=\"center\" valign=\"middle\"><img loading=\"lazy\" decoding=\"async\" class=\"alignnone size-full wp-image-3938 aligncenter\" src=\"http:\/\/ejmdistribucion.com\/wp-content\/uploads\/2021\/04\/EdadBlanco.png\" alt=\"\" width=\"55\" height=\"51\" \/><span style=\"color: #ffffff;\">12+ a\u00f1os<\/span><\/td>\n<\/tr>\n<tr>\n<td colspan=\"3\" align=\"center\" bgcolor=\"Black\"><img loading=\"lazy\" decoding=\"async\" class=\"size-medium wp-image-3956 aligncenter\" src=\"http:\/\/ejmdistribucion.com\/wp-content\/uploads\/2021\/04\/medidor000600060003-300x91.png\" alt=\"\" width=\"300\" height=\"91\" \/><\/td>\n<\/tr>\n<\/tbody>\n<\/table>\n<p>Saqueadores de Midgard utiliza una mec\u00e1nica de colocaci\u00f3n de trabajadores. En su turno cada jugador elige uno de los espacios de acci\u00f3n del tablero e inmediatamente todos los jugadores llevar\u00e1n a cabo dicha acci\u00f3n en orden de turno, obteniendo beneficios adicionales en funci\u00f3n de su posici\u00f3n respecto al jugador en turno. Podr\u00e1s conseguir puntos de gloria durante la partida, conquistando territorios, saqueando aldeas o fortalezas o venciendo a las amenazas que encontrar\u00e1s en alta mar, como krakens, serpientes marinas o piratas no muertos. Al final de las 6 rondas de juego podr\u00e1s aumentar tu gloria si has conseguido reunir una buena colecci\u00f3n de tesoros, armaduras, objetos de arte\u2026 o si cumples las profec\u00edas de los videntes (cartas de objetivo). Podr\u00e1s optar por diferentes caminos para conseguir la victoria. La gesti\u00f3n de tu tripulaci\u00f3n, representada por dados con diferentes s\u00edmbolos y el uso de las habilidades de tus saqueadores (cartas) ser\u00e1 fundamental para conseguir la gloria que te convertir\u00e1 en leyenda.<\/p>\n<p>Con su tablero impreso a doble cara, Saqueadores de Midgard permite partidas de 2 a 4 jugadores, con la m\u00e1xima interacci\u00f3n y sin entreturnos, lo que proporciona una experiencia de juego din\u00e1mica e inmersiva.<\/p>\n<p>&nbsp;<\/p>\n<table border=\"0\" width=\"100%\" cellpadding=\"10\" bgcolor=\"#FF0000\">\n<tbody>\n<tr>\n<td class=\"rojo\" style=\"text-align: center;\" align=\"center\" valign=\"middle\">\n<h4><span style=\"color: #ffffff;\">\u00bfDe qu\u00e9 va?<\/span><\/h4>\n<p><iframe loading=\"lazy\" width=\"280\" height=\"157\" src=\"https:\/\/www.youtube.com\/embed\/ujcTn6x0578\" title=\"YouTube video player\" frameborder=\"0\" allow=\"accelerometer; autoplay; clipboard-write; encrypted-media; gyroscope; picture-in-picture\" allowfullscreen><\/iframe><\/td>\n<\/tr>\n<\/tbody>\n<\/table>\n","protected":false},"excerpt":{"rendered":"<p>Saqueadores de Midgard contin\u00faa la exitosa saga de la editorial Grey Fox Games. Un juego de JB Howel (Papillon, Flotilla) donde los jugadores se ponen al mando de un valiente grupo de vikingos que recorre el mundo de Midgard en busca de gloria y fortuna.<\/p>\n","protected":false},"featured_media":114,"comment_status":"closed","ping_status":"closed","template":"","meta":[],"product_brand":[],"product_cat":[16],"product_tag":[],"class_list":{"0":"post-25","1":"product","2":"type-product","3":"status-publish","4":"has-post-thumbnail","6":"product_cat-arrakis","8":"first","9":"outofstock","10":"shipping-taxable","11":"product-type-simple","12":"berocket_lgv_grid","13":"berocket_lgv_list_grid"},"_links":{"self":[{"href":"https:\/\/pedidos.ejmdistribucion.com\/index.php\/wp-json\/wp\/v2\/product\/25","targetHints":{"allow":["GET"]}}],"collection":[{"href":"https:\/\/pedidos.ejmdistribucion.com\/index.php\/wp-json\/wp\/v2\/product"}],"about":[{"href":"https:\/\/pedidos.ejmdistribucion.com\/index.php\/wp-json\/wp\/v2\/types\/product"}],"replies":[{"embeddable":true,"href":"https:\/\/pedidos.ejmdistribucion.com\/index.php\/wp-json\/wp\/v2\/comments?post=25"}],"wp:featuredmedia":[{"embeddable":true,"href":"https:\/\/pedidos.ejmdistribucion.com\/index.php\/wp-json\/wp\/v2\/media\/114"}],"wp:attachment":[{"href":"https:\/\/pedidos.ejmdistribucion.com\/index.php\/wp-json\/wp\/v2\/media?parent=25"}],"wp:term":[{"taxonomy":"product_brand","embeddable":true,"href":"https:\/\/pedidos.ejmdistribucion.com\/index.php\/wp-json\/wp\/v2\/product_brand?post=25"},{"taxonomy":"product_cat","embeddable":true,"href":"https:\/\/pedidos.ejmdistribucion.com\/index.php\/wp-json\/wp\/v2\/product_cat?post=25"},{"taxonomy":"product_tag","embeddable":true,"href":"https:\/\/pedidos.ejmdistribucion.com\/index.php\/wp-json\/wp\/v2\/product_tag?post=25"}],"curies":[{"name":"wp","href":"https:\/\/api.w.org\/{rel}","templated":true}]}}