{"id":23,"date":"2023-05-16T01:13:15","date_gmt":"2023-05-16T01:13:15","guid":{"rendered":"https:\/\/pedidos.ejmdistribucion.com\/?post_type=product&#038;p=23"},"modified":"2023-07-11T19:19:24","modified_gmt":"2023-07-11T19:19:24","slug":"raccoon-tycoon-en-espanol","status":"publish","type":"product","link":"https:\/\/pedidos.ejmdistribucion.com\/index.php\/producto\/raccoon-tycoon-en-espanol\/","title":{"rendered":"Raccoon Tycoon &#8211; en espa\u00f1ol"},"content":{"rendered":"<p>&nbsp;<\/p>\n<table border=\"0\" width=\"100%\" cellpadding=\"10\" bgcolor=\"#FF0000\">\n<tbody>\n<tr>\n<td class=\"rojo\" style=\"text-align: center;\" align=\"center\" valign=\"middle\"><img loading=\"lazy\" decoding=\"async\" class=\"alignnone size-full wp-image-3936 aligncenter\" src=\"http:\/\/ejmdistribucion.com\/wp-content\/uploads\/2021\/04\/JugadoresBlanco.png\" alt=\"\" width=\"53\" height=\"51\" \/><span style=\"color: #ffffff;\">2 a 5\u00a0 jugadores<\/span><\/td>\n<td class=\"rojo\" style=\"text-align: center;\" align=\"center\" valign=\"middle\"><img loading=\"lazy\" decoding=\"async\" class=\"alignnone size-full wp-image-3937 aligncenter\" src=\"http:\/\/ejmdistribucion.com\/wp-content\/uploads\/2021\/04\/TiempoBlanco.png\" alt=\"\" width=\"51\" height=\"51\" \/><span style=\"color: #ffffff;\">60 &#8211; 90 min<\/span><\/td>\n<td class=\"rojo\" style=\"text-align: center;\" align=\"center\" valign=\"middle\"><img loading=\"lazy\" decoding=\"async\" class=\"alignnone size-full wp-image-3938 aligncenter\" src=\"http:\/\/ejmdistribucion.com\/wp-content\/uploads\/2021\/04\/EdadBlanco.png\" alt=\"\" width=\"55\" height=\"51\" \/><span style=\"color: #ffffff;\">08+ a\u00f1os<\/span><\/td>\n<\/tr>\n<tr>\n<td colspan=\"3\" align=\"center\" bgcolor=\"Black\"><img loading=\"lazy\" decoding=\"async\" class=\"wp-image-3935 aligncenter\" src=\"http:\/\/ejmdistribucion.com\/wp-content\/uploads\/2021\/04\/medidor000600060004.png\" alt=\"\" width=\"300\" height=\"91\" \/><\/td>\n<\/tr>\n<\/tbody>\n<\/table>\n<p><em>Estos potentados comienzan como productores de productos b\u00e1sicos: trigo para alimentar las crecientes ciudades y f\u00e1bricas, madera y hierro para construirlas, carb\u00f3n para los trenes y f\u00e1bricas y productos manufacturados y bienes de lujo para cubrir la insaciable demanda de los animales de Astoria. Acaparando el mercado de lo bienes m\u00e1s valiosos pueden crear peque\u00f1as fortunas que\u00a0 pueden ser reinvertidas en nuevos negocios, convirti\u00e9ndolas en grandes fortunas. \u00a1El cielo es el l\u00edmite en esta edad de oro!<\/em><\/p>\n<p>Raccoon Tycoon es un juego de mesa ambientado en un mundo repleto de tierras f\u00e9rtiles en donde nuevas ciudades, f\u00e1bricas y ferrocarriles se encuentran en desarrollo a lo largo y ancho de la Tierra. Los jugadores tratar\u00e1n de sacar partido de esta situaci\u00f3n y para ello tratar\u00e1n de conseguir las mercanc\u00edas m\u00e1s valiosas con el objetivo de venderlas o construir ciudades; todo para tratar de conseguir una peque\u00f1a fortuna con la que invertir en nuevos negocios para conseguir m\u00e1s y m\u00e1s dinero. Raccoon Tycoon es un juego en donde tendremos que saber muy bien c\u00f3mo gestionar nuestros bienes y c\u00f3mo tratar de conseguir el mayor beneficio de los mismos para poder ganar la partida. Todo ello con una est\u00e9tica muy vistosa.<\/p>\n<p>BUSCA TUS ACCESORIOS DE MADERA (se venden por separado)<\/p>\n<p><img loading=\"lazy\" decoding=\"async\" class=\"alignleft\" src=\"https:\/\/www.arrakisgames.com\/wp-content\/uploads\/2020\/03\/20200304_163531-600x800.jpg\" width=\"191\" height=\"255\" \/><\/p>\n<table border=\"0\" width=\"100%\" cellpadding=\"10\" bgcolor=\"#FF0000\">\n<tbody>\n<tr>\n<td class=\"rojo\" style=\"text-align: center;\" align=\"center\" valign=\"middle\">\n<h4><span style=\"color: #ffffff;\">\u00bfDe qu\u00e9 va?<\/span><\/h4>\n<p><iframe loading=\"lazy\" title=\"YouTube video player\" src=\"https:\/\/www.youtube.com\/embed\/o26wZVmSLms\" width=\"280\" height=\"157\" frameborder=\"0\" allowfullscreen=\"allowfullscreen\"><span data-mce-type=\"bookmark\" style=\"display: inline-block; width: 0px; overflow: hidden; line-height: 0;\" class=\"mce_SELRES_start\">\ufeff<\/span><\/iframe><\/td>\n<\/tr>\n<\/tbody>\n<\/table>\n","protected":false},"excerpt":{"rendered":"<p>\u00a1Las tierras de Astoria bullen llenas de progreso y crecimiento! Nuevas ciudades, f\u00e1bricas y ferrocarriles surgen por todos lados y los ambiciosos magnates de los negocios est\u00e1n decididos a aprovechar esta situaci\u00f3n para aumentar sus fortunas.<\/p>\n","protected":false},"featured_media":102,"comment_status":"closed","ping_status":"closed","template":"","meta":[],"product_brand":[],"product_cat":[16],"product_tag":[],"class_list":{"0":"post-23","1":"product","2":"type-product","3":"status-publish","4":"has-post-thumbnail","6":"product_cat-arrakis","8":"first","9":"outofstock","10":"shipping-taxable","11":"product-type-simple","12":"berocket_lgv_grid","13":"berocket_lgv_list_grid"},"_links":{"self":[{"href":"https:\/\/pedidos.ejmdistribucion.com\/index.php\/wp-json\/wp\/v2\/product\/23","targetHints":{"allow":["GET"]}}],"collection":[{"href":"https:\/\/pedidos.ejmdistribucion.com\/index.php\/wp-json\/wp\/v2\/product"}],"about":[{"href":"https:\/\/pedidos.ejmdistribucion.com\/index.php\/wp-json\/wp\/v2\/types\/product"}],"replies":[{"embeddable":true,"href":"https:\/\/pedidos.ejmdistribucion.com\/index.php\/wp-json\/wp\/v2\/comments?post=23"}],"wp:featuredmedia":[{"embeddable":true,"href":"https:\/\/pedidos.ejmdistribucion.com\/index.php\/wp-json\/wp\/v2\/media\/102"}],"wp:attachment":[{"href":"https:\/\/pedidos.ejmdistribucion.com\/index.php\/wp-json\/wp\/v2\/media?parent=23"}],"wp:term":[{"taxonomy":"product_brand","embeddable":true,"href":"https:\/\/pedidos.ejmdistribucion.com\/index.php\/wp-json\/wp\/v2\/product_brand?post=23"},{"taxonomy":"product_cat","embeddable":true,"href":"https:\/\/pedidos.ejmdistribucion.com\/index.php\/wp-json\/wp\/v2\/product_cat?post=23"},{"taxonomy":"product_tag","embeddable":true,"href":"https:\/\/pedidos.ejmdistribucion.com\/index.php\/wp-json\/wp\/v2\/product_tag?post=23"}],"curies":[{"name":"wp","href":"https:\/\/api.w.org\/{rel}","templated":true}]}}