{"id":187,"date":"2023-05-16T01:15:39","date_gmt":"2023-05-16T01:15:39","guid":{"rendered":"https:\/\/pedidos.ejmdistribucion.com\/?post_type=product&#038;p=187"},"modified":"2023-07-11T18:14:09","modified_gmt":"2023-07-11T18:14:09","slug":"the-king-is-dead-en-espanol-extra","status":"publish","type":"product","link":"https:\/\/pedidos.ejmdistribucion.com\/index.php\/producto\/the-king-is-dead-en-espanol-extra\/","title":{"rendered":"The King is Dead &#8211; en espa\u00f1ol +extra"},"content":{"rendered":"<table border=\"0\" width=\"100%\" cellpadding=\"10\" bgcolor=\"#FF0000\">\n<tbody>\n<tr>\n<td class=\"rojo\" style=\"text-align: center;\" align=\"center\" valign=\"middle\"><img loading=\"lazy\" decoding=\"async\" class=\"alignnone size-full wp-image-3936 aligncenter\" src=\"http:\/\/ejmdistribucion.com\/wp-content\/uploads\/2021\/04\/JugadoresBlanco.png\" alt=\"\" width=\"53\" height=\"51\" \/><span style=\"color: #ffffff;\">2-4\u00a0 \u00a0 jugadores<\/span><\/td>\n<td class=\"rojo\" style=\"text-align: center;\" align=\"center\" valign=\"middle\"><img loading=\"lazy\" decoding=\"async\" class=\"alignnone size-full wp-image-3937 aligncenter\" src=\"http:\/\/ejmdistribucion.com\/wp-content\/uploads\/2021\/04\/TiempoBlanco.png\" alt=\"\" width=\"51\" height=\"51\" \/><span style=\"color: #ffffff;\">30 -45\u00a0 min<\/span><\/td>\n<td class=\"rojo\" style=\"text-align: center;\" align=\"center\" valign=\"middle\"><img loading=\"lazy\" decoding=\"async\" class=\"alignnone size-full wp-image-3938 aligncenter\" src=\"http:\/\/ejmdistribucion.com\/wp-content\/uploads\/2021\/04\/EdadBlanco.png\" alt=\"\" width=\"55\" height=\"51\" \/><span style=\"color: #ffffff;\">14+ a\u00f1os<\/span><\/td>\n<\/tr>\n<tr>\n<td colspan=\"3\" align=\"center\" bgcolor=\"Black\"><img loading=\"lazy\" decoding=\"async\" class=\"wp-image-3935  aligncenter\" src=\"http:\/\/ejmdistribucion.com\/wp-content\/uploads\/2021\/04\/medidor000600060004.png\" alt=\"\" width=\"350\" height=\"106\" \/><\/td>\n<\/tr>\n<\/tbody>\n<\/table>\n<p>The King is dead \u2013 \u00a1El Rey ha muerto! El reino est\u00e1 dividido, y tres facciones: inglesa, escocesa y galesa, luchan por hacerse con el control. Las fuerzas est\u00e1n muy repartidas por lo que ser\u00e1 imposible que una facci\u00f3n pueda por s\u00ed misma anteponerse a las dem\u00e1s.<br \/>\nA medida que la inestabilidad aumenta y los invasores extranjeros se acercan, Gran Breta\u00f1a se desespera por tener un gobernante. Pero \u00bfQui\u00e9n deber\u00eda llevar ese estandarte?<br \/>\nSois nobles y poderosos, l\u00edderes destacados y conspiradores, intentando reclamar el trono.<br \/>\nPara ello tendr\u00e9is que tomar el control de la facci\u00f3n m\u00e1s poderosa del reino. Reclutar el m\u00e1ximo n\u00famero de seguidores de dicha facci\u00f3n en vuestra corte, ser\u00e1 de suma importancia a la hora de hacerte la corona.<\/p>\n<p>El trono est\u00e1 vac\u00edo y la isla es un completo caos. \u00bfEstar\u00e1s a la altura de las circunstancias para reclamar la corona?<\/p>\n<p><strong>COMPONENTES<\/strong><\/p>\n<p>Tablero de juego<br \/>\n54 cartas<br \/>\n62 cubos<br \/>\n31 discos<br \/>\n1 bolsa de tela<br \/>\nReglamento<\/p>\n<p><strong><span style=\"color: #ff0000;\">CONTENIDO EXCLUSIVO<\/span><br \/>\n<\/strong>La edici\u00f3n espa\u00f1ola incluye la\u00a0<strong>carta promocional: Traici\u00f3n<\/strong>\u00a0y la\u00a0<strong>expansi\u00f3n de los Vikingos noruegos<\/strong>\u00a0cono 8 cubos negros adicionales y reglas) No incluidas en la versi\u00f3n original en ingl\u00e9s a fecha de impresi\u00f3n.<\/p>\n<p><iframe loading=\"lazy\" width=\"560\" height=\"315\" src=\"https:\/\/www.youtube.com\/embed\/PcUNZFVkIm4\" title=\"YouTube video player\" frameborder=\"0\" allow=\"accelerometer; autoplay; clipboard-write; encrypted-media; gyroscope; picture-in-picture\" allowfullscreen><\/iframe><\/p>\n","protected":false},"excerpt":{"rendered":"<p>CONTENIDO EXCLUSIVO<br \/>\nLa edici\u00f3n espa\u00f1ola incluye la\u00a0carta promocional: Traici\u00f3n\u00a0y la\u00a0expansi\u00f3n de los Vikingos noruegos\u00a0cono 8 cubos negros adicionales y reglas) No incluidas en la versi\u00f3n original en ingl\u00e9s a fecha de impresi\u00f3n.<\/p>\n","protected":false},"featured_media":348,"comment_status":"closed","ping_status":"closed","template":"","meta":[],"product_brand":[],"product_cat":[31],"product_tag":[],"class_list":{"0":"post-187","1":"product","2":"type-product","3":"status-publish","4":"has-post-thumbnail","6":"product_cat-doit","8":"first","9":"instock","10":"shipping-taxable","11":"product-type-simple","12":"berocket_lgv_grid","13":"berocket_lgv_list_grid"},"_links":{"self":[{"href":"https:\/\/pedidos.ejmdistribucion.com\/index.php\/wp-json\/wp\/v2\/product\/187","targetHints":{"allow":["GET"]}}],"collection":[{"href":"https:\/\/pedidos.ejmdistribucion.com\/index.php\/wp-json\/wp\/v2\/product"}],"about":[{"href":"https:\/\/pedidos.ejmdistribucion.com\/index.php\/wp-json\/wp\/v2\/types\/product"}],"replies":[{"embeddable":true,"href":"https:\/\/pedidos.ejmdistribucion.com\/index.php\/wp-json\/wp\/v2\/comments?post=187"}],"wp:featuredmedia":[{"embeddable":true,"href":"https:\/\/pedidos.ejmdistribucion.com\/index.php\/wp-json\/wp\/v2\/media\/348"}],"wp:attachment":[{"href":"https:\/\/pedidos.ejmdistribucion.com\/index.php\/wp-json\/wp\/v2\/media?parent=187"}],"wp:term":[{"taxonomy":"product_brand","embeddable":true,"href":"https:\/\/pedidos.ejmdistribucion.com\/index.php\/wp-json\/wp\/v2\/product_brand?post=187"},{"taxonomy":"product_cat","embeddable":true,"href":"https:\/\/pedidos.ejmdistribucion.com\/index.php\/wp-json\/wp\/v2\/product_cat?post=187"},{"taxonomy":"product_tag","embeddable":true,"href":"https:\/\/pedidos.ejmdistribucion.com\/index.php\/wp-json\/wp\/v2\/product_tag?post=187"}],"curies":[{"name":"wp","href":"https:\/\/api.w.org\/{rel}","templated":true}]}}