{"id":186,"date":"2023-05-16T01:15:39","date_gmt":"2023-05-16T01:15:39","guid":{"rendered":"https:\/\/pedidos.ejmdistribucion.com\/?post_type=product&#038;p=186"},"modified":"2023-07-11T18:13:43","modified_gmt":"2023-07-11T18:13:43","slug":"undaunted-normandy-en-espanol","status":"publish","type":"product","link":"https:\/\/pedidos.ejmdistribucion.com\/index.php\/producto\/undaunted-normandy-en-espanol\/","title":{"rendered":"Undaunted &#8211; Normandy &#8211; en espa\u00f1ol"},"content":{"rendered":"<table border=\"0\" width=\"100%\" cellpadding=\"10\" bgcolor=\"#FF0000\">\n<tbody>\n<tr>\n<td class=\"rojo\" style=\"text-align: center;\" align=\"center\" valign=\"middle\"><img loading=\"lazy\" decoding=\"async\" class=\"alignnone size-full wp-image-3936 aligncenter\" src=\"http:\/\/ejmdistribucion.com\/wp-content\/uploads\/2021\/04\/JugadoresBlanco.png\" alt=\"\" width=\"53\" height=\"51\" \/><span style=\"color: #ffffff;\">2\u00a0 \u00a0 jugadores<\/span><\/td>\n<td class=\"rojo\" style=\"text-align: center;\" align=\"center\" valign=\"middle\"><img loading=\"lazy\" decoding=\"async\" class=\"alignnone size-full wp-image-3937 aligncenter\" src=\"http:\/\/ejmdistribucion.com\/wp-content\/uploads\/2021\/04\/TiempoBlanco.png\" alt=\"\" width=\"51\" height=\"51\" \/><span style=\"color: #ffffff;\">40-60 min<\/span><\/td>\n<td class=\"rojo\" style=\"text-align: center;\" align=\"center\" valign=\"middle\"><img loading=\"lazy\" decoding=\"async\" class=\"alignnone size-full wp-image-3938 aligncenter\" src=\"http:\/\/ejmdistribucion.com\/wp-content\/uploads\/2021\/04\/EdadBlanco.png\" alt=\"\" width=\"55\" height=\"51\" \/><span style=\"color: #ffffff;\">14+ a\u00f1os<\/span><\/td>\n<\/tr>\n<tr>\n<td colspan=\"3\" align=\"center\" bgcolor=\"Black\"><img loading=\"lazy\" decoding=\"async\" class=\"wp-image-3956 size-medium aligncenter\" src=\"http:\/\/ejmdistribucion.com\/wp-content\/uploads\/2021\/04\/medidor000600060003-300x91.png\" alt=\"\" width=\"300\" height=\"91\" \/><\/td>\n<\/tr>\n<\/tbody>\n<\/table>\n<p>Es el verano de 1944 y los Aliados han desembarcado en Normand\u00eda. Ahora debes liderar tu pelot\u00f3n a medida que avanzas en Francia para ganar terreno y hacer retroceder a las fuerzas alemanas. Te enfrentaras a una fuerte resistencia, fuego de ametralladoras, y bombardeo de mortero, y es cosa tuya cambiar la situaci\u00f3n a tu ventaja. Carga en medio del caos de la batalla, mantente firme frente a la oposici\u00f3n y permanece Imp\u00e1vido.<\/p>\n<p>En Undaunted: Normandy eres comandaras un pelot\u00f3n de fusileros esforz\u00e1ndote a trav\u00e9s de una serie de misiones para reclamar y mantener objetivos clave. Cada escenario tendr\u00e1 un paisaje distinto de losetas, que deber\u00e1s dominar para reclamar el objetivo y obtener una posici\u00f3n ventajosa. Jugaras cartas de tu mazo para controlar las unidades, pero seg\u00fan aumenten las bajas deber\u00e1s adquirir nuevas cartas para reforzar tus decrecientes fuerzas.<\/p>\n<p><strong>COMPONENTES<\/strong><\/p>\n<p><u>Fuerzas americanas\/alemanas:<\/u><\/p>\n<p>54 cartas<\/p>\n<p>11 contadores de combate<\/p>\n<p>4\/5 marcadores de inicio<\/p>\n<p>1 marcador de objetivo<\/p>\n<p>18 marcadores de control<\/p>\n<p><u>Otros:<\/u><\/p>\n<p>1 marcador de radio<\/p>\n<p>1 marcador de iniciativa<\/p>\n<p>18 losetas de tablero<\/p>\n<p>14 marcadores de objetivo<\/p>\n<p>4 dados de 10 caras<\/p>\n<p><iframe loading=\"lazy\" width=\"560\" height=\"315\" src=\"https:\/\/www.youtube.com\/embed\/lpmWs36_6YM\" title=\"YouTube video player\" frameborder=\"0\" allow=\"accelerometer; autoplay; clipboard-write; encrypted-media; gyroscope; picture-in-picture\" allowfullscreen><\/iframe><\/p>\n","protected":false},"excerpt":{"rendered":"<p>Es el verano de 1944 y los Aliados han desembarcado en Normand\u00eda. Ahora debes liderar tu pelot\u00f3n a medida que avanzas en Francia para ganar terreno y hacer retroceder a las fuerzas alemanas.<\/p>\n","protected":false},"featured_media":339,"comment_status":"closed","ping_status":"closed","template":"","meta":[],"product_brand":[],"product_cat":[31],"product_tag":[],"class_list":{"0":"post-186","1":"product","2":"type-product","3":"status-publish","4":"has-post-thumbnail","6":"product_cat-doit","8":"first","9":"instock","10":"shipping-taxable","11":"product-type-simple","12":"berocket_lgv_grid","13":"berocket_lgv_list_grid"},"_links":{"self":[{"href":"https:\/\/pedidos.ejmdistribucion.com\/index.php\/wp-json\/wp\/v2\/product\/186","targetHints":{"allow":["GET"]}}],"collection":[{"href":"https:\/\/pedidos.ejmdistribucion.com\/index.php\/wp-json\/wp\/v2\/product"}],"about":[{"href":"https:\/\/pedidos.ejmdistribucion.com\/index.php\/wp-json\/wp\/v2\/types\/product"}],"replies":[{"embeddable":true,"href":"https:\/\/pedidos.ejmdistribucion.com\/index.php\/wp-json\/wp\/v2\/comments?post=186"}],"wp:featuredmedia":[{"embeddable":true,"href":"https:\/\/pedidos.ejmdistribucion.com\/index.php\/wp-json\/wp\/v2\/media\/339"}],"wp:attachment":[{"href":"https:\/\/pedidos.ejmdistribucion.com\/index.php\/wp-json\/wp\/v2\/media?parent=186"}],"wp:term":[{"taxonomy":"product_brand","embeddable":true,"href":"https:\/\/pedidos.ejmdistribucion.com\/index.php\/wp-json\/wp\/v2\/product_brand?post=186"},{"taxonomy":"product_cat","embeddable":true,"href":"https:\/\/pedidos.ejmdistribucion.com\/index.php\/wp-json\/wp\/v2\/product_cat?post=186"},{"taxonomy":"product_tag","embeddable":true,"href":"https:\/\/pedidos.ejmdistribucion.com\/index.php\/wp-json\/wp\/v2\/product_tag?post=186"}],"curies":[{"name":"wp","href":"https:\/\/api.w.org\/{rel}","templated":true}]}}