{"id":160,"date":"2023-05-16T01:14:51","date_gmt":"2023-05-16T01:14:51","guid":{"rendered":"https:\/\/pedidos.ejmdistribucion.com\/?post_type=product&#038;p=160"},"modified":"2023-07-11T18:20:32","modified_gmt":"2023-07-11T18:20:32","slug":"boonlake-en-epanol","status":"publish","type":"product","link":"https:\/\/pedidos.ejmdistribucion.com\/index.php\/producto\/boonlake-en-epanol\/","title":{"rendered":"BoonLake en epa\u00f1ol"},"content":{"rendered":"<table border=\"0\" width=\"100%\" cellpadding=\"10\" bgcolor=\"#FF0000\">\n<tbody>\n<tr>\n<td class=\"rojo\" style=\"text-align: center;\" align=\"center\" valign=\"middle\"><img loading=\"lazy\" decoding=\"async\" class=\"alignnone size-full wp-image-3936 aligncenter\" src=\"http:\/\/ejmdistribucion.com\/wp-content\/uploads\/2021\/04\/JugadoresBlanco.png\" alt=\"\" width=\"53\" height=\"51\" \/><span style=\"color: #ffffff;\">1 &#8211; 5\u00a0 \u00a0jugadores<\/span><\/td>\n<td class=\"rojo\" style=\"text-align: center;\" align=\"center\" valign=\"middle\"><img loading=\"lazy\" decoding=\"async\" class=\"alignnone size-full wp-image-3937 aligncenter\" src=\"http:\/\/ejmdistribucion.com\/wp-content\/uploads\/2021\/04\/TiempoBlanco.png\" alt=\"\" width=\"51\" height=\"51\" \/><span style=\"color: #ffffff;\">120 min<\/span><\/td>\n<td class=\"rojo\" style=\"text-align: center;\" align=\"center\" valign=\"middle\"><img loading=\"lazy\" decoding=\"async\" class=\"alignnone size-full wp-image-3938 aligncenter\" src=\"http:\/\/ejmdistribucion.com\/wp-content\/uploads\/2021\/04\/EdadBlanco.png\" alt=\"\" width=\"55\" height=\"51\" \/><span style=\"color: #ffffff;\">14+ a\u00f1os<\/span><\/td>\n<\/tr>\n<tr>\n<td colspan=\"3\" align=\"center\" bgcolor=\"Black\"><img loading=\"lazy\" decoding=\"async\" class=\"wp-image-3958 size-medium aligncenter\" src=\"http:\/\/ejmdistribucion.com\/wp-content\/uploads\/2021\/04\/medidor000600060002-300x91.png\" alt=\"\" width=\"300\" height=\"91\" \/><\/td>\n<\/tr>\n<\/tbody>\n<\/table>\n<p><strong><em>Has dejado atr\u00e1s la civilizaci\u00f3n. Como parte de un grupo de pioneros, te has establecido en Boonlake, una regi\u00f3n abandonada a lo largo de la orilla del lago del mismo nombre. La tierra a\u00fan no ha sido explorada, pero aparentemente, ya estuvo habitada por personas en el pasado. \u00a1Convi\u00e9rtete en parte de la comunidad y comprom\u00e9tete con el bien com\u00fan! Explora el territorio. Construye edificios y asentamientos. Cr\u00eda ganado. Produce materias primas y desarrolla una sociedad. Aprovecha esta oportunidad de tener una nueva vida en Boonlake.<\/em><\/strong><\/p>\n<p>Tu objetivo en este juego de Alexander Pfister es mejorar tu vida y la de tu grupo, pero la forma de hacerlo depende de ti. Gracias a una novedosa mec\u00e1nica de acciones, cada partida se desarrolla de una forma diferente. \u00bfTe enfocar\u00e1s en la expansi\u00f3n? \u00bfContribuir\u00e1s a la creaci\u00f3n de infraestructuras comunes o seguir\u00e1s tu propio plan? Cada acci\u00f3n debe considerarse detenidamente, ya que no solo podr\u00e1 beneficiar tambi\u00e9n al resto de jugadores, sino que la acci\u00f3n determinar\u00e1 lo lejos que podr\u00e1s mover tu barco. Cuanto m\u00e1s lejos y m\u00e1s r\u00e1pido te muevas, antes y en mayor cantidad conseguir\u00e1s los beneficios disponibles.<\/p>\n<p>&nbsp;<\/p>\n<p><iframe loading=\"lazy\" width=\"560\" height=\"315\" src=\"https:\/\/www.youtube.com\/embed\/Telsh7tqZbU\" title=\"YouTube video player\" frameborder=\"0\" allow=\"accelerometer; autoplay; clipboard-write; encrypted-media; gyroscope; picture-in-picture\" allowfullscreen><\/iframe>&nbsp;<\/p>\n","protected":false},"excerpt":{"rendered":"<p>Tu objetivo en este juego de Alexander Pfister es mejorar tu vida y la de tu grupo, pero la forma de hacerlo depende de ti.<\/p>\n","protected":false},"featured_media":308,"comment_status":"closed","ping_status":"closed","template":"","meta":[],"product_brand":[],"product_cat":[16],"product_tag":[],"class_list":{"0":"post-160","1":"product","2":"type-product","3":"status-publish","4":"has-post-thumbnail","6":"product_cat-arrakis","8":"first","9":"instock","10":"shipping-taxable","11":"product-type-simple","12":"berocket_lgv_grid","13":"berocket_lgv_list_grid"},"_links":{"self":[{"href":"https:\/\/pedidos.ejmdistribucion.com\/index.php\/wp-json\/wp\/v2\/product\/160","targetHints":{"allow":["GET"]}}],"collection":[{"href":"https:\/\/pedidos.ejmdistribucion.com\/index.php\/wp-json\/wp\/v2\/product"}],"about":[{"href":"https:\/\/pedidos.ejmdistribucion.com\/index.php\/wp-json\/wp\/v2\/types\/product"}],"replies":[{"embeddable":true,"href":"https:\/\/pedidos.ejmdistribucion.com\/index.php\/wp-json\/wp\/v2\/comments?post=160"}],"wp:featuredmedia":[{"embeddable":true,"href":"https:\/\/pedidos.ejmdistribucion.com\/index.php\/wp-json\/wp\/v2\/media\/308"}],"wp:attachment":[{"href":"https:\/\/pedidos.ejmdistribucion.com\/index.php\/wp-json\/wp\/v2\/media?parent=160"}],"wp:term":[{"taxonomy":"product_brand","embeddable":true,"href":"https:\/\/pedidos.ejmdistribucion.com\/index.php\/wp-json\/wp\/v2\/product_brand?post=160"},{"taxonomy":"product_cat","embeddable":true,"href":"https:\/\/pedidos.ejmdistribucion.com\/index.php\/wp-json\/wp\/v2\/product_cat?post=160"},{"taxonomy":"product_tag","embeddable":true,"href":"https:\/\/pedidos.ejmdistribucion.com\/index.php\/wp-json\/wp\/v2\/product_tag?post=160"}],"curies":[{"name":"wp","href":"https:\/\/api.w.org\/{rel}","templated":true}]}}