{"id":16,"date":"2023-05-16T01:13:15","date_gmt":"2023-05-16T01:13:15","guid":{"rendered":"https:\/\/pedidos.ejmdistribucion.com\/?post_type=product&#038;p=16"},"modified":"2025-09-09T00:16:59","modified_gmt":"2025-09-09T00:16:59","slug":"orleans-historias-en-espanol","status":"publish","type":"product","link":"https:\/\/pedidos.ejmdistribucion.com\/index.php\/producto\/orleans-historias-en-espanol\/","title":{"rendered":"Orleans Historias &#8211; en espa\u00f1ol"},"content":{"rendered":"<p>&nbsp;<\/p>\n<table border=\"0\" width=\"100%\" cellpadding=\"10\" bgcolor=\"#FF0000\">\n<tbody>\n<tr>\n<td class=\"rojo\" style=\"text-align: center;\" align=\"center\" valign=\"middle\"><img loading=\"lazy\" decoding=\"async\" class=\"alignnone size-full wp-image-3936 aligncenter\" src=\"http:\/\/ejmdistribucion.com\/wp-content\/uploads\/2021\/04\/JugadoresBlanco.png\" alt=\"\" width=\"53\" height=\"51\" \/><span style=\"color: #ffffff;\">2 a 5 jugadores<\/span><\/td>\n<td class=\"rojo\" style=\"text-align: center;\" align=\"center\" valign=\"middle\"><img loading=\"lazy\" decoding=\"async\" class=\"alignnone size-full wp-image-3937 aligncenter\" src=\"http:\/\/ejmdistribucion.com\/wp-content\/uploads\/2021\/04\/TiempoBlanco.png\" alt=\"\" width=\"51\" height=\"51\" \/><span style=\"color: #ffffff;\">90 min<\/span><\/td>\n<td class=\"rojo\" style=\"text-align: center;\" align=\"center\" valign=\"middle\"><img loading=\"lazy\" decoding=\"async\" class=\"alignnone size-full wp-image-3938 aligncenter\" src=\"http:\/\/ejmdistribucion.com\/wp-content\/uploads\/2021\/04\/EdadBlanco.png\" alt=\"\" width=\"55\" height=\"51\" \/><span style=\"color: #ffffff;\">12+ a\u00f1os<\/span><\/td>\n<\/tr>\n<tr>\n<td colspan=\"3\" align=\"center\" bgcolor=\"Black\"><img loading=\"lazy\" decoding=\"async\" class=\"size-medium wp-image-3956 aligncenter\" src=\"http:\/\/ejmdistribucion.com\/wp-content\/uploads\/2021\/04\/medidor000600060003-300x91.png\" alt=\"\" width=\"300\" height=\"91\" \/><\/td>\n<\/tr>\n<\/tbody>\n<\/table>\n<p>Orl\u00e9ans, Edad Media, tu deber es reunir a mercaderes, caballeros, monjes, etc. para obtener la supremac\u00eda a trav\u00e9s del comercio, la construcci\u00f3n y la ciencia en la Francia medieval.<\/p>\n<p>En la ciudad de Orl\u00e9ans y en el \u00e1rea del Loira, puedes realizar viajes de negocios a otras ciudades para adquirir mercanc\u00edas y construir puestos comerciales.<\/p>\n<p>Necesitar\u00e1s seguidores y sus habilidades para expandir tu dominio poni\u00e9ndolos a trabajar como comerciantes, constructores y cient\u00edficos. Los Caballeros ampl\u00edan tu radio de acci\u00f3n y aseguran tus expediciones mercantiles. Los Artesanos construyen puestos comerciales y herramientas para facilitar el trabajo. Los Eruditos realiza\u0155an descubrimientos cient\u00edficos. y por \u00faltimo, pero no menos importante, no te olvides de los monasterios, ya que con los Monjes de tu lado es mucho menos probable que seas presa del destino.<\/p>\n<p>Orl\u00e9ans usa una original mec\u00e1nica de \u00abconstrucci\u00f3n de bolsa\u00bb (bag-building) que permite m\u00faltiples caminos para conseguir la victoria. Todo un cl\u00e1sico moderno, n\u00famero 25 de la BGG, por fin en espa\u00f1ol.<\/p>\n<p>&nbsp;<\/p>\n<table border=\"0\" width=\"100%\" cellpadding=\"10\" bgcolor=\"#FF0000\">\n<tbody>\n<tr>\n<td class=\"rojo\" style=\"text-align: center;\" align=\"center\" valign=\"middle\">\n<h4><span style=\"color: #ffffff;\">\u00bfDe qu\u00e9 va?<\/span><\/h4>\n<p><iframe loading=\"lazy\" src=\"https:\/\/www.youtube.com\/embed\/b0IhtwPMLlg\" width=\"280\" height=\"157\" frameborder=\"0\" allowfullscreen=\"allowfullscreen\"><span data-mce-type=\"bookmark\" style=\"display: inline-block; width: 0px; overflow: hidden; line-height: 0;\" class=\"mce_SELRES_start\">\ufeff<\/span><\/iframe><\/td>\n<\/tr>\n<\/tbody>\n<\/table>\n","protected":false},"excerpt":{"rendered":"<p>Orleans Historias te lleva a trav\u00e9s de diferentes eras e historias a donde necesites para superar varios desaf\u00edos. Cada historia es un relato completo e independiente, pero lo que tienen en com\u00fan es que los jugadores deber\u00e1n superar sucesivos niveles de juego o eras y durante su trayecto hacer frente a distintos desaf\u00edos. Una vez que un jugador alcance la siguiente era, las condiciones cambiar\u00e1n.<\/p>\n","protected":false},"featured_media":58,"comment_status":"closed","ping_status":"closed","template":"","meta":[],"product_brand":[],"product_cat":[16],"product_tag":[29],"class_list":{"0":"post-16","1":"product","2":"type-product","3":"status-publish","4":"has-post-thumbnail","6":"product_cat-arrakis","7":"product_tag-orleans","9":"first","10":"instock","11":"shipping-taxable","12":"product-type-simple","13":"berocket_lgv_grid","14":"berocket_lgv_list_grid"},"_links":{"self":[{"href":"https:\/\/pedidos.ejmdistribucion.com\/index.php\/wp-json\/wp\/v2\/product\/16","targetHints":{"allow":["GET"]}}],"collection":[{"href":"https:\/\/pedidos.ejmdistribucion.com\/index.php\/wp-json\/wp\/v2\/product"}],"about":[{"href":"https:\/\/pedidos.ejmdistribucion.com\/index.php\/wp-json\/wp\/v2\/types\/product"}],"replies":[{"embeddable":true,"href":"https:\/\/pedidos.ejmdistribucion.com\/index.php\/wp-json\/wp\/v2\/comments?post=16"}],"wp:featuredmedia":[{"embeddable":true,"href":"https:\/\/pedidos.ejmdistribucion.com\/index.php\/wp-json\/wp\/v2\/media\/58"}],"wp:attachment":[{"href":"https:\/\/pedidos.ejmdistribucion.com\/index.php\/wp-json\/wp\/v2\/media?parent=16"}],"wp:term":[{"taxonomy":"product_brand","embeddable":true,"href":"https:\/\/pedidos.ejmdistribucion.com\/index.php\/wp-json\/wp\/v2\/product_brand?post=16"},{"taxonomy":"product_cat","embeddable":true,"href":"https:\/\/pedidos.ejmdistribucion.com\/index.php\/wp-json\/wp\/v2\/product_cat?post=16"},{"taxonomy":"product_tag","embeddable":true,"href":"https:\/\/pedidos.ejmdistribucion.com\/index.php\/wp-json\/wp\/v2\/product_tag?post=16"}],"curies":[{"name":"wp","href":"https:\/\/api.w.org\/{rel}","templated":true}]}}