{"id":142,"date":"2023-05-16T01:14:30","date_gmt":"2023-05-16T01:14:30","guid":{"rendered":"https:\/\/pedidos.ejmdistribucion.com\/?post_type=product&#038;p=142"},"modified":"2023-07-11T18:21:48","modified_gmt":"2023-07-11T18:21:48","slug":"hibachi","status":"publish","type":"product","link":"https:\/\/pedidos.ejmdistribucion.com\/index.php\/producto\/hibachi\/","title":{"rendered":"Hibachi"},"content":{"rendered":"<table border=\"0\" width=\"100%\" cellpadding=\"10\" bgcolor=\"#FF0000\">\n<tbody>\n<tr>\n<td class=\"rojo\" style=\"text-align: center;\" align=\"center\" valign=\"middle\"><img loading=\"lazy\" decoding=\"async\" class=\"alignnone size-full wp-image-3936 aligncenter\" src=\"http:\/\/ejmdistribucion.com\/wp-content\/uploads\/2021\/04\/JugadoresBlanco.png\" alt=\"\" width=\"53\" height=\"51\" \/><span style=\"color: #ffffff;\">2 &#8211; 4\u00a0 \u00a0jugadores<\/span><\/td>\n<td class=\"rojo\" style=\"text-align: center;\" align=\"center\" valign=\"middle\"><img loading=\"lazy\" decoding=\"async\" class=\"alignnone size-full wp-image-3937 aligncenter\" src=\"http:\/\/ejmdistribucion.com\/wp-content\/uploads\/2021\/04\/TiempoBlanco.png\" alt=\"\" width=\"51\" height=\"51\" \/><span style=\"color: #ffffff;\">45 min<\/span><\/td>\n<td class=\"rojo\" style=\"text-align: center;\" align=\"center\" valign=\"middle\"><img loading=\"lazy\" decoding=\"async\" class=\"alignnone size-full wp-image-3938 aligncenter\" src=\"http:\/\/ejmdistribucion.com\/wp-content\/uploads\/2021\/04\/EdadBlanco.png\" alt=\"\" width=\"55\" height=\"51\" \/><span style=\"color: #ffffff;\">10+ a\u00f1os<\/span><\/td>\n<\/tr>\n<tr>\n<td colspan=\"3\" align=\"center\" bgcolor=\"Black\"><img loading=\"lazy\" decoding=\"async\" class=\"wp-image-3935 aligncenter\" src=\"http:\/\/ejmdistribucion.com\/wp-content\/uploads\/2021\/04\/medidor000600060004.png\" alt=\"\" width=\"316\" height=\"96\" \/><\/td>\n<\/tr>\n<\/tbody>\n<\/table>\n<p><em>Bienvenidos a nuestro restaurante. Esperamos que disfruten de su visita. En Hibachi nos enorgullecemos de dar a nuestros clientes una experiencia excitante, no solo una gran comida. Por favor, disfruten viendo a nuestros chefs preparar sus pedidos con su llamativo estilo. Ellos valoran tanto la puesta en escena como la habilidad al cocinar por lo que podr\u00e1n ver a los chefs lanzar sus ingredientes y hacer girar sus utensilios mientras compiten por la oportunidad de usar los productos m\u00e1s sabrosos en sus recetas. Tomen asiento y disfruten del espect\u00e1culo, pero cuidado\u2026 \u00a1No vayan a terminar con un huevo en la cara!<\/em><\/p>\n<p>Bienvenido al concurso de cocina para chefs de hibachi. Para ser el primero en completar tres recetas, cada\u00a0chef lanzar\u00e1 sus fichas en la zona de cocinado para comprar y vender los ingredientes que necesitan para\u00a0preparar sus recetas.<\/p>\n<p>Pero competir por ser el mejor chef no es tan simple como lanzar cosas a donde quieres que vayan,\u00a0\u00a1a veces es mejor intentar desviar las fichas de los otros chefs!<\/p>\n<p>Despu\u00e9s de que se complete cada ronda de lanzamientos, el dinero y los ingredientes cambiar\u00e1n de\u00a0manos y si un chef est\u00e1 listo podr\u00e1 cocinar un plato a la perfecci\u00f3n. El primero en completar tres recetas\u00a0ser\u00e1 el que m\u00e1s impresione a los clientes y ser\u00e1 declarado ganador.<\/p>\n","protected":false},"excerpt":{"rendered":"<p>Bienvenidos a nuestro restaurante. Esperamos que disfruten de su visita. En Hibachi nos enorgullecemos de dar a nuestros clientes una experiencia excitante, no solo una gran comida<\/p>\n","protected":false},"featured_media":303,"comment_status":"closed","ping_status":"closed","template":"","meta":[],"product_brand":[],"product_cat":[16],"product_tag":[],"class_list":{"0":"post-142","1":"product","2":"type-product","3":"status-publish","4":"has-post-thumbnail","6":"product_cat-arrakis","8":"first","9":"onbackorder","10":"shipping-taxable","11":"product-type-simple","12":"berocket_lgv_grid","13":"berocket_lgv_list_grid"},"_links":{"self":[{"href":"https:\/\/pedidos.ejmdistribucion.com\/index.php\/wp-json\/wp\/v2\/product\/142","targetHints":{"allow":["GET"]}}],"collection":[{"href":"https:\/\/pedidos.ejmdistribucion.com\/index.php\/wp-json\/wp\/v2\/product"}],"about":[{"href":"https:\/\/pedidos.ejmdistribucion.com\/index.php\/wp-json\/wp\/v2\/types\/product"}],"replies":[{"embeddable":true,"href":"https:\/\/pedidos.ejmdistribucion.com\/index.php\/wp-json\/wp\/v2\/comments?post=142"}],"wp:featuredmedia":[{"embeddable":true,"href":"https:\/\/pedidos.ejmdistribucion.com\/index.php\/wp-json\/wp\/v2\/media\/303"}],"wp:attachment":[{"href":"https:\/\/pedidos.ejmdistribucion.com\/index.php\/wp-json\/wp\/v2\/media?parent=142"}],"wp:term":[{"taxonomy":"product_brand","embeddable":true,"href":"https:\/\/pedidos.ejmdistribucion.com\/index.php\/wp-json\/wp\/v2\/product_brand?post=142"},{"taxonomy":"product_cat","embeddable":true,"href":"https:\/\/pedidos.ejmdistribucion.com\/index.php\/wp-json\/wp\/v2\/product_cat?post=142"},{"taxonomy":"product_tag","embeddable":true,"href":"https:\/\/pedidos.ejmdistribucion.com\/index.php\/wp-json\/wp\/v2\/product_tag?post=142"}],"curies":[{"name":"wp","href":"https:\/\/api.w.org\/{rel}","templated":true}]}}