{"id":137,"date":"2023-05-16T01:14:30","date_gmt":"2023-05-16T01:14:30","guid":{"rendered":"https:\/\/pedidos.ejmdistribucion.com\/?post_type=product&#038;p=137"},"modified":"2023-07-11T18:24:46","modified_gmt":"2023-07-11T18:24:46","slug":"spirit-island-expansion-branch-and-claw-en-espanol","status":"publish","type":"product","link":"https:\/\/pedidos.ejmdistribucion.com\/index.php\/producto\/spirit-island-expansion-branch-and-claw-en-espanol\/","title":{"rendered":"Spirit Island expansi\u00f3n Branch and Claw en espa\u00f1ol"},"content":{"rendered":"<table border=\"0\" width=\"100%\" cellpadding=\"10\" bgcolor=\"#FF0000\">\n<tbody>\n<tr>\n<td class=\"rojo\" style=\"text-align: center;\" align=\"center\" valign=\"middle\"><img loading=\"lazy\" decoding=\"async\" class=\"alignnone size-full wp-image-3936 aligncenter\" src=\"http:\/\/ejmdistribucion.com\/wp-content\/uploads\/2021\/04\/JugadoresBlanco.png\" alt=\"\" width=\"53\" height=\"51\" \/><span style=\"color: #ffffff;\">1- 4\u00a0 \u00a0 jugadores<\/span><\/td>\n<td class=\"rojo\" style=\"text-align: center;\" align=\"center\" valign=\"middle\"><img loading=\"lazy\" decoding=\"async\" class=\"alignnone size-full wp-image-3937 aligncenter\" src=\"http:\/\/ejmdistribucion.com\/wp-content\/uploads\/2021\/04\/TiempoBlanco.png\" alt=\"\" width=\"51\" height=\"51\" \/><span style=\"color: #ffffff;\">120 a 180 min<\/span><\/td>\n<td class=\"rojo\" style=\"text-align: center;\" align=\"center\" valign=\"middle\"><img loading=\"lazy\" decoding=\"async\" class=\"alignnone size-full wp-image-3938 aligncenter\" src=\"http:\/\/ejmdistribucion.com\/wp-content\/uploads\/2021\/04\/EdadBlanco.png\" alt=\"\" width=\"55\" height=\"51\" \/><span style=\"color: #ffffff;\">12+ a\u00f1os<\/span><\/td>\n<\/tr>\n<tr>\n<td colspan=\"3\" align=\"center\" bgcolor=\"Black\"><img loading=\"lazy\" decoding=\"async\" class=\"wp-image-3958 size-medium aligncenter\" src=\"http:\/\/ejmdistribucion.com\/wp-content\/uploads\/2021\/04\/medidor000600060002-300x91.png\" alt=\"\" width=\"300\" height=\"91\" \/><\/td>\n<\/tr>\n<\/tbody>\n<\/table>\n<p><em>Los Invasores siguen avanzando. Individualmente son d\u00e9biles y se asustan f\u00e1cilmente. Como colectivo, son resistentes, implacables e impredecibles.<\/em><\/p>\n<p><em>\u00bfDe cu\u00e1ntas\u00a0maneras podremos resistir? Todo nuestro poder no ha sido suficiente para que se vayan. Debemos crecer, cambiar, elegir nuevos caminos, abrazar la metamorfosis de la vida, porque si permanecemos igual, moriremos y la isla con nosotros.<\/em><\/p>\n<p><em>As\u00ed que extendamos la enfermedad en el viento y cubramos su camino de espinas. Llamemos a los depredadores de la isla, que tienen tanto que perder como nosotros. Volvamos a los Invasores los unos contra los otros, d\u00e1ndoles el tiempo suficiente a los Dahan para reorganizarse y atacar.<\/em><\/p>\n<p>Branch &amp; Claw es la primera expansi\u00f3n para Spirit Island. Introduce 2 nuevos esp\u00edritus as\u00ed como nuevos escenarios y un nuevo adversario. Adem\u00e1s con Branch &amp; Claw los jugadores podr\u00e1n usar las amenazas de la propia isla, como enfermedades y bestias salvajes o provocar el conflicto entre los invasores para que sus disputas jueguen a su favor. Nuevos poderes y cartas de miedo a\u00f1aden variabilidad al juego y permiten explotar estas nuevas mec\u00e1nicas en nuestro beneficio.<\/p>\n<p>En la edici\u00f3n de Arrakis Games se incluyen adem\u00e1s 2 esp\u00edritus promocionales junto con todo el material necesario para jugar con ellos.<\/p>\n","protected":false},"excerpt":{"rendered":"<p>Los Invasores siguen avanzando. Individualmente son d\u00e9biles y se asustan f\u00e1cilmente. Como colectivo, son resistentes, implacables e impredecibles.<\/p>\n","protected":false},"featured_media":274,"comment_status":"closed","ping_status":"closed","template":"","meta":[],"product_brand":[],"product_cat":[16],"product_tag":[],"class_list":{"0":"post-137","1":"product","2":"type-product","3":"status-publish","4":"has-post-thumbnail","6":"product_cat-arrakis","8":"first","9":"instock","10":"shipping-taxable","11":"product-type-simple","12":"berocket_lgv_grid","13":"berocket_lgv_list_grid"},"_links":{"self":[{"href":"https:\/\/pedidos.ejmdistribucion.com\/index.php\/wp-json\/wp\/v2\/product\/137","targetHints":{"allow":["GET"]}}],"collection":[{"href":"https:\/\/pedidos.ejmdistribucion.com\/index.php\/wp-json\/wp\/v2\/product"}],"about":[{"href":"https:\/\/pedidos.ejmdistribucion.com\/index.php\/wp-json\/wp\/v2\/types\/product"}],"replies":[{"embeddable":true,"href":"https:\/\/pedidos.ejmdistribucion.com\/index.php\/wp-json\/wp\/v2\/comments?post=137"}],"wp:featuredmedia":[{"embeddable":true,"href":"https:\/\/pedidos.ejmdistribucion.com\/index.php\/wp-json\/wp\/v2\/media\/274"}],"wp:attachment":[{"href":"https:\/\/pedidos.ejmdistribucion.com\/index.php\/wp-json\/wp\/v2\/media?parent=137"}],"wp:term":[{"taxonomy":"product_brand","embeddable":true,"href":"https:\/\/pedidos.ejmdistribucion.com\/index.php\/wp-json\/wp\/v2\/product_brand?post=137"},{"taxonomy":"product_cat","embeddable":true,"href":"https:\/\/pedidos.ejmdistribucion.com\/index.php\/wp-json\/wp\/v2\/product_cat?post=137"},{"taxonomy":"product_tag","embeddable":true,"href":"https:\/\/pedidos.ejmdistribucion.com\/index.php\/wp-json\/wp\/v2\/product_tag?post=137"}],"curies":[{"name":"wp","href":"https:\/\/api.w.org\/{rel}","templated":true}]}}