{"id":100,"date":"2023-05-16T01:14:06","date_gmt":"2023-05-16T01:14:06","guid":{"rendered":"https:\/\/pedidos.ejmdistribucion.com\/?post_type=product&#038;p=100"},"modified":"2023-07-11T18:31:52","modified_gmt":"2023-07-11T18:31:52","slug":"four-gardens-en-espanol","status":"publish","type":"product","link":"https:\/\/pedidos.ejmdistribucion.com\/index.php\/producto\/four-gardens-en-espanol\/","title":{"rendered":"Four Gardens en espa\u00f1ol"},"content":{"rendered":"<table border=\"0\" width=\"100%\" cellpadding=\"10\" bgcolor=\"#FF0000\">\n<tbody>\n<tr>\n<td class=\"rojo\" style=\"text-align: center;\" align=\"center\" valign=\"middle\"><img loading=\"lazy\" decoding=\"async\" class=\"alignnone size-full wp-image-3936 aligncenter\" src=\"http:\/\/ejmdistribucion.com\/wp-content\/uploads\/2021\/04\/JugadoresBlanco.png\" alt=\"\" width=\"53\" height=\"51\" \/><span style=\"color: #ffffff;\">2 &#8211; 4\u00a0 \u00a0 jugadores<\/span><\/td>\n<td class=\"rojo\" style=\"text-align: center;\" align=\"center\" valign=\"middle\"><img loading=\"lazy\" decoding=\"async\" class=\"alignnone size-full wp-image-3937 aligncenter\" src=\"http:\/\/ejmdistribucion.com\/wp-content\/uploads\/2021\/04\/TiempoBlanco.png\" alt=\"\" width=\"51\" height=\"51\" \/><span style=\"color: #ffffff;\">45 min<\/span><\/td>\n<td class=\"rojo\" style=\"text-align: center;\" align=\"center\" valign=\"middle\"><img loading=\"lazy\" decoding=\"async\" class=\"alignnone size-full wp-image-3938 aligncenter\" src=\"http:\/\/ejmdistribucion.com\/wp-content\/uploads\/2021\/04\/EdadBlanco.png\" alt=\"\" width=\"55\" height=\"51\" \/><span style=\"color: #ffffff;\">10+ a\u00f1os<\/span><\/td>\n<\/tr>\n<tr>\n<td colspan=\"3\" align=\"center\" bgcolor=\"Black\"><img loading=\"lazy\" decoding=\"async\" class=\"wp-image-3935 aligncenter\" src=\"http:\/\/ejmdistribucion.com\/wp-content\/uploads\/2021\/04\/medidor000600060004.png\" alt=\"\" width=\"357\" height=\"109\" \/><\/td>\n<\/tr>\n<\/tbody>\n<\/table>\n<p><em>Hace mucho tiempo, en un hermoso reino oriental, una reina y su pueblo honraron a sus Dioses construyendo una pagoda m\u00edstica. La pagoda alojaba a los cuatro Dioses y se alzaba sobre el magn\u00edfico reino. Con el paso del tiempo, la reina cay\u00f3 enferma, por lo que convoc\u00f3 a su pueblo para que compitiera por su corona. Esta ser\u00eda para la persona que pudiera construir el jard\u00edn m\u00e1s hermoso alrededor de la pagoda. El heredero ser\u00eda elegido por los propios cuatro Dioses.<\/em><\/p>\n<p>El objetivo en Four Gardens es ser quien acumule m\u00e1s puntos de victoria completando cartas de Paisaje y haciendo conjuntos con ellas. Estos conjuntos se llaman panoramas y crean una vista panor\u00e1mica de tu jard\u00edn. Tu puntuaci\u00f3n al final de la partida ser\u00e1 el total de benevolencia que hayas conseguido de cada uno de los 4 Dioses (indicado por tu posici\u00f3n en los cuatro marcadores de Dioses del tablero de puntuaci\u00f3n) adem\u00e1s del valor de cualquier recompensa extra ganada al finalizar un conjunto. La benevolencia se gana al completar las cartas de Paisaje. Para ello debes jugar cartas de Proyecto, adquirir recursos y asignar dichos recursos para cumplir los requisitos de cada carta de Proyecto. Los recursos se consiguen mediante una mec\u00e1nica innovadora que emplea una espectacular pagoda modular para saber qu\u00e9 recursos obtendr\u00e1 cada jugador al girar los diferentes pisos de la pagoda.<\/p>\n<p><iframe loading=\"lazy\" title=\"YouTube video player\" src=\"https:\/\/www.youtube.com\/embed\/JP4qYuRDzAE\" width=\"560\" height=\"315\" frameborder=\"0\" allowfullscreen=\"allowfullscreen\"><\/iframe><\/p>\n","protected":false},"excerpt":{"rendered":"<p>Hace mucho tiempo, en un hermoso reino oriental, una reina y su pueblo honraron a sus Dioses construyendo una pagoda m\u00edstica. La pagoda alojaba a los cuatro Dioses y se alzaba sobre el magn\u00edfico reino.<\/p>\n","protected":false},"featured_media":265,"comment_status":"closed","ping_status":"closed","template":"","meta":[],"product_brand":[],"product_cat":[16],"product_tag":[],"class_list":{"0":"post-100","1":"product","2":"type-product","3":"status-publish","4":"has-post-thumbnail","6":"product_cat-arrakis","8":"first","9":"instock","10":"shipping-taxable","11":"product-type-simple","12":"berocket_lgv_grid","13":"berocket_lgv_list_grid"},"_links":{"self":[{"href":"https:\/\/pedidos.ejmdistribucion.com\/index.php\/wp-json\/wp\/v2\/product\/100","targetHints":{"allow":["GET"]}}],"collection":[{"href":"https:\/\/pedidos.ejmdistribucion.com\/index.php\/wp-json\/wp\/v2\/product"}],"about":[{"href":"https:\/\/pedidos.ejmdistribucion.com\/index.php\/wp-json\/wp\/v2\/types\/product"}],"replies":[{"embeddable":true,"href":"https:\/\/pedidos.ejmdistribucion.com\/index.php\/wp-json\/wp\/v2\/comments?post=100"}],"wp:featuredmedia":[{"embeddable":true,"href":"https:\/\/pedidos.ejmdistribucion.com\/index.php\/wp-json\/wp\/v2\/media\/265"}],"wp:attachment":[{"href":"https:\/\/pedidos.ejmdistribucion.com\/index.php\/wp-json\/wp\/v2\/media?parent=100"}],"wp:term":[{"taxonomy":"product_brand","embeddable":true,"href":"https:\/\/pedidos.ejmdistribucion.com\/index.php\/wp-json\/wp\/v2\/product_brand?post=100"},{"taxonomy":"product_cat","embeddable":true,"href":"https:\/\/pedidos.ejmdistribucion.com\/index.php\/wp-json\/wp\/v2\/product_cat?post=100"},{"taxonomy":"product_tag","embeddable":true,"href":"https:\/\/pedidos.ejmdistribucion.com\/index.php\/wp-json\/wp\/v2\/product_tag?post=100"}],"curies":[{"name":"wp","href":"https:\/\/api.w.org\/{rel}","templated":true}]}}